{"id":7157,"date":"2022-09-12T10:50:18","date_gmt":"2022-09-12T10:50:18","guid":{"rendered":"https:\/\/demo.deezen.gr\/?page_id=7157"},"modified":"2022-10-07T10:13:53","modified_gmt":"2022-10-07T10:13:53","slug":"projects-anakainisi-epaggelmatikon-xoron","status":"publish","type":"page","link":"https:\/\/deezen.gr\/de\/anakainiseis\/projects-anakainisi-epaggelmatikon-xoron\/","title":{"rendered":"Projekte: Renovierung von Gesch\u00e4ftsr\u00e4umen"},"content":{"rendered":"<div data-elementor-type=\"wp-page\" data-elementor-id=\"7157\" class=\"elementor elementor-7157\" data-elementor-settings=\"{&quot;ha_cmc_init_switcher&quot;:&quot;no&quot;}\" data-elementor-post-type=\"page\">\n\t\t\t\t\t\t<section class=\"elementor-section elementor-top-section elementor-element elementor-element-b201041 elementor-section-boxed elementor-section-height-default elementor-section-height-default\" data-id=\"b201041\" data-element_type=\"section\" data-settings=\"{&quot;_ha_eqh_enable&quot;:false}\">\n\t\t\t\t\t\t<div class=\"elementor-container elementor-column-gap-default\">\n\t\t\t\t\t<div class=\"elementor-column elementor-col-100 elementor-top-column elementor-element elementor-element-af02795 ot-flex-column-vertical\" data-id=\"af02795\" data-element_type=\"column\">\n\t\t\t<div class=\"elementor-widget-wrap elementor-element-populated\">\n\t\t\t\t\t\t<div class=\"elementor-element elementor-element-9ad7830 elementor-widget elementor-widget-ipfilter\" data-id=\"9ad7830\" data-element_type=\"widget\" data-widget_type=\"ipfilter.default\">\n\t\t\t\t<div class=\"elementor-widget-container\">\n\t\t\t\t\t\n\t\t<div class=\"project-filter-wrapper\">\n\t\t\t\t\t\t\t        <div class=\"projects-grid pf_3_cols style-1 img-scale w-auto\" data-load=\"\" data-count=\"8\">\n\t\t\t<div class=\"grid-sizer\"><\/div>\n\t            \n<div class=\"project-item category-38\">\n\t<div class=\"projects-box\">\n\t\t<div class=\"projects-thumbnail\" data-src=\"https:\/\/deezen.gr\/wp-content\/uploads\/2022\/05\/11.jpg\" data-sub-html=\"\u03a6\u03bf\u03cd\u03c1\u03bd\u03bf\u03c2\">\n\t\t\t<a href=\"https:\/\/deezen.gr\/de\/portfolio\/%ce%b1%ce%bd%ce%b1%ce%ba%ce%b1%ce%af%ce%bd%ce%b9%cf%83%ce%b7-%cf%86%ce%bf%cf%8d%cf%81%ce%bd%ce%bf%cf%85-2\/\">\n\t\t\t\t<img fetchpriority=\"high\" decoding=\"async\" width=\"720\" height=\"720\" src=\"https:\/\/deezen.gr\/wp-content\/uploads\/2022\/05\/11-720x720.jpg\" class=\"attachment-theratio-portfolio-thumbnail-grid size-theratio-portfolio-thumbnail-grid wp-post-image\" alt=\"\" srcset=\"https:\/\/deezen.gr\/wp-content\/uploads\/2022\/05\/11-720x720.jpg 720w, https:\/\/deezen.gr\/wp-content\/uploads\/2022\/05\/11-150x150.jpg 150w\" sizes=\"(max-width: 720px) 100vw, 720px\" \/>\t\t\t<\/a>\n\t\t\t\n\t\t\t<span class=\"overlay\">\n\t\t\t\t<h5>Ofen<\/h5>\n\t\t\t\t<i class=\"ot-flaticon-add\"><\/i>\n\t\t\t<\/span>\n\t\t<\/div>\n\t\t<div class=\"portfolio-info\">\n\t\t\t<div class=\"portfolio-info-inner\">\n\t\t\t\t<h5><a class=\"title-link\" href=\"https:\/\/deezen.gr\/de\/portfolio\/%ce%b1%ce%bd%ce%b1%ce%ba%ce%b1%ce%af%ce%bd%ce%b9%cf%83%ce%b7-%cf%86%ce%bf%cf%8d%cf%81%ce%bd%ce%bf%cf%85-2\/\" data-src=\"https:\/\/deezen.gr\/wp-content\/uploads\/2022\/05\/11.jpg\" data-sub-html=\"\u03a6\u03bf\u03cd\u03c1\u03bd\u03bf\u03c2\">Ofen<\/a><\/h5>\n\t\t\t\t<p class=\"portfolio-cates\"><a href=\"https:\/\/deezen.gr\/de\/portfolio-category\/%ce%b1%ce%bd%ce%b1%ce%ba%ce%b1%ce%b9%ce%bd%ce%af%cf%83%ce%b5%ce%b9%cf%82-%ce%b5%cf%80%ce%b1%ce%b3%ce%b3%ce%b5%ce%bb%ce%bc%ce%b1%cf%84%ce%b9%ce%ba%cf%8e%ce%bd-%cf%87%cf%8e%cf%81%cf%89%ce%bd\/\">Renovierungen von Gesch\u00e4ftsr\u00e4umen<\/a><\/p> \n\t\t\t<\/div>\n\t\t\t<a class=\"overlay\" href=\"https:\/\/deezen.gr\/de\/portfolio\/%ce%b1%ce%bd%ce%b1%ce%ba%ce%b1%ce%af%ce%bd%ce%b9%cf%83%ce%b7-%cf%86%ce%bf%cf%8d%cf%81%ce%bd%ce%bf%cf%85-2\/\"><\/a>\n\t\t<\/div>\n\t<\/div>\n<\/div>\n<div class=\"project-item category-38\">\n\t<div class=\"projects-box\">\n\t\t<div class=\"projects-thumbnail\" data-src=\"https:\/\/deezen.gr\/wp-content\/uploads\/2022\/05\/10.jpg\" data-sub-html=\"Dry Cleaning\">\n\t\t\t<a href=\"https:\/\/deezen.gr\/de\/portfolio\/dry-cleaning\/\">\n\t\t\t\t<img decoding=\"async\" width=\"720\" height=\"720\" data-src=\"https:\/\/deezen.gr\/wp-content\/uploads\/2022\/05\/10-720x720.jpg\" class=\"attachment-theratio-portfolio-thumbnail-grid size-theratio-portfolio-thumbnail-grid wp-post-image lazyload\" alt=\"\" data-srcset=\"https:\/\/deezen.gr\/wp-content\/uploads\/2022\/05\/10-720x720.jpg 720w, https:\/\/deezen.gr\/wp-content\/uploads\/2022\/05\/10-150x150.jpg 150w\" data-sizes=\"(max-width: 720px) 100vw, 720px\" src=\"data:image\/svg+xml;base64,PHN2ZyB3aWR0aD0iMSIgaGVpZ2h0PSIxIiB4bWxucz0iaHR0cDovL3d3dy53My5vcmcvMjAwMC9zdmciPjwvc3ZnPg==\" style=\"--smush-placeholder-width: 720px; --smush-placeholder-aspect-ratio: 720\/720;\" \/>\t\t\t<\/a>\n\t\t\t\n\t\t\t<span class=\"overlay\">\n\t\t\t\t<h5>Chemische Reinigung<\/h5>\n\t\t\t\t<i class=\"ot-flaticon-add\"><\/i>\n\t\t\t<\/span>\n\t\t<\/div>\n\t\t<div class=\"portfolio-info\">\n\t\t\t<div class=\"portfolio-info-inner\">\n\t\t\t\t<h5><a class=\"title-link\" href=\"https:\/\/deezen.gr\/de\/portfolio\/dry-cleaning\/\" data-src=\"https:\/\/deezen.gr\/wp-content\/uploads\/2022\/05\/10.jpg\" data-sub-html=\"Dry Cleaning\">Chemische Reinigung<\/a><\/h5>\n\t\t\t\t<p class=\"portfolio-cates\"><a href=\"https:\/\/deezen.gr\/de\/portfolio-category\/%ce%b1%ce%bd%ce%b1%ce%ba%ce%b1%ce%b9%ce%bd%ce%af%cf%83%ce%b5%ce%b9%cf%82-%ce%b5%cf%80%ce%b1%ce%b3%ce%b3%ce%b5%ce%bb%ce%bc%ce%b1%cf%84%ce%b9%ce%ba%cf%8e%ce%bd-%cf%87%cf%8e%cf%81%cf%89%ce%bd\/\">Renovierungen von Gesch\u00e4ftsr\u00e4umen<\/a><\/p> \n\t\t\t<\/div>\n\t\t\t<a class=\"overlay\" href=\"https:\/\/deezen.gr\/de\/portfolio\/dry-cleaning\/\"><\/a>\n\t\t<\/div>\n\t<\/div>\n<\/div>\n<div class=\"project-item category-38\">\n\t<div class=\"projects-box\">\n\t\t<div class=\"projects-thumbnail\" data-src=\"https:\/\/deezen.gr\/wp-content\/uploads\/2022\/05\/8-1.jpg\" data-sub-html=\"\u03a6\u03bf\u03cd\u03c1\u03bd\u03bf\u03c2\">\n\t\t\t<a href=\"https:\/\/deezen.gr\/de\/portfolio\/%ce%b1%ce%bd%ce%b1%ce%ba%ce%b1%ce%af%ce%bd%ce%b9%cf%83%ce%b7-%cf%86%ce%bf%cf%8d%cf%81%ce%bd%ce%bf%cf%85\/\">\n\t\t\t\t<img decoding=\"async\" width=\"720\" height=\"720\" data-src=\"https:\/\/deezen.gr\/wp-content\/uploads\/2022\/05\/8-1-720x720.jpg\" class=\"attachment-theratio-portfolio-thumbnail-grid size-theratio-portfolio-thumbnail-grid wp-post-image lazyload\" alt=\"\" data-srcset=\"https:\/\/deezen.gr\/wp-content\/uploads\/2022\/05\/8-1-720x720.jpg 720w, https:\/\/deezen.gr\/wp-content\/uploads\/2022\/05\/8-1-150x150.jpg 150w\" data-sizes=\"(max-width: 720px) 100vw, 720px\" src=\"data:image\/svg+xml;base64,PHN2ZyB3aWR0aD0iMSIgaGVpZ2h0PSIxIiB4bWxucz0iaHR0cDovL3d3dy53My5vcmcvMjAwMC9zdmciPjwvc3ZnPg==\" style=\"--smush-placeholder-width: 720px; --smush-placeholder-aspect-ratio: 720\/720;\" \/>\t\t\t<\/a>\n\t\t\t\n\t\t\t<span class=\"overlay\">\n\t\t\t\t<h5>Ofen<\/h5>\n\t\t\t\t<i class=\"ot-flaticon-add\"><\/i>\n\t\t\t<\/span>\n\t\t<\/div>\n\t\t<div class=\"portfolio-info\">\n\t\t\t<div class=\"portfolio-info-inner\">\n\t\t\t\t<h5><a class=\"title-link\" href=\"https:\/\/deezen.gr\/de\/portfolio\/%ce%b1%ce%bd%ce%b1%ce%ba%ce%b1%ce%af%ce%bd%ce%b9%cf%83%ce%b7-%cf%86%ce%bf%cf%8d%cf%81%ce%bd%ce%bf%cf%85\/\" data-src=\"https:\/\/deezen.gr\/wp-content\/uploads\/2022\/05\/8-1.jpg\" data-sub-html=\"\u03a6\u03bf\u03cd\u03c1\u03bd\u03bf\u03c2\">Ofen<\/a><\/h5>\n\t\t\t\t<p class=\"portfolio-cates\"><a href=\"https:\/\/deezen.gr\/de\/portfolio-category\/%ce%b1%ce%bd%ce%b1%ce%ba%ce%b1%ce%b9%ce%bd%ce%af%cf%83%ce%b5%ce%b9%cf%82-%ce%b5%cf%80%ce%b1%ce%b3%ce%b3%ce%b5%ce%bb%ce%bc%ce%b1%cf%84%ce%b9%ce%ba%cf%8e%ce%bd-%cf%87%cf%8e%cf%81%cf%89%ce%bd\/\">Renovierungen von Gesch\u00e4ftsr\u00e4umen<\/a><\/p> \n\t\t\t<\/div>\n\t\t\t<a class=\"overlay\" href=\"https:\/\/deezen.gr\/de\/portfolio\/%ce%b1%ce%bd%ce%b1%ce%ba%ce%b1%ce%af%ce%bd%ce%b9%cf%83%ce%b7-%cf%86%ce%bf%cf%8d%cf%81%ce%bd%ce%bf%cf%85\/\"><\/a>\n\t\t<\/div>\n\t<\/div>\n<\/div>\n<div class=\"project-item category-38\">\n\t<div class=\"projects-box\">\n\t\t<div class=\"projects-thumbnail\" data-src=\"https:\/\/deezen.gr\/wp-content\/uploads\/2022\/08\/20160223_184155-scaled.jpg\" data-sub-html=\"\u03a6\u03b1\u03c1\u03bc\u03b1\u03ba\u03b5\u03af\u03bf\">\n\t\t\t<a href=\"https:\/\/deezen.gr\/de\/portfolio\/medicine-2\/\">\n\t\t\t\t<img decoding=\"async\" width=\"720\" height=\"720\" data-src=\"https:\/\/deezen.gr\/wp-content\/uploads\/2022\/08\/20160223_184155-720x720.jpg\" class=\"attachment-theratio-portfolio-thumbnail-grid size-theratio-portfolio-thumbnail-grid wp-post-image lazyload\" alt=\"\" data-srcset=\"https:\/\/deezen.gr\/wp-content\/uploads\/2022\/08\/20160223_184155-720x720.jpg 720w, https:\/\/deezen.gr\/wp-content\/uploads\/2022\/08\/20160223_184155-150x150.jpg 150w\" data-sizes=\"(max-width: 720px) 100vw, 720px\" src=\"data:image\/svg+xml;base64,PHN2ZyB3aWR0aD0iMSIgaGVpZ2h0PSIxIiB4bWxucz0iaHR0cDovL3d3dy53My5vcmcvMjAwMC9zdmciPjwvc3ZnPg==\" style=\"--smush-placeholder-width: 720px; --smush-placeholder-aspect-ratio: 720\/720;\" \/>\t\t\t<\/a>\n\t\t\t\n\t\t\t<span class=\"overlay\">\n\t\t\t\t<h5>Apotheke<\/h5>\n\t\t\t\t<i class=\"ot-flaticon-add\"><\/i>\n\t\t\t<\/span>\n\t\t<\/div>\n\t\t<div class=\"portfolio-info\">\n\t\t\t<div class=\"portfolio-info-inner\">\n\t\t\t\t<h5><a class=\"title-link\" href=\"https:\/\/deezen.gr\/de\/portfolio\/medicine-2\/\" data-src=\"https:\/\/deezen.gr\/wp-content\/uploads\/2022\/08\/20160223_184155-scaled.jpg\" data-sub-html=\"\u03a6\u03b1\u03c1\u03bc\u03b1\u03ba\u03b5\u03af\u03bf\">Apotheke<\/a><\/h5>\n\t\t\t\t<p class=\"portfolio-cates\"><a href=\"https:\/\/deezen.gr\/de\/portfolio-category\/%ce%b1%ce%bd%ce%b1%ce%ba%ce%b1%ce%b9%ce%bd%ce%af%cf%83%ce%b5%ce%b9%cf%82-%ce%b5%cf%80%ce%b1%ce%b3%ce%b3%ce%b5%ce%bb%ce%bc%ce%b1%cf%84%ce%b9%ce%ba%cf%8e%ce%bd-%cf%87%cf%8e%cf%81%cf%89%ce%bd\/\">Renovierungen von Gesch\u00e4ftsr\u00e4umen<\/a><\/p> \n\t\t\t<\/div>\n\t\t\t<a class=\"overlay\" href=\"https:\/\/deezen.gr\/de\/portfolio\/medicine-2\/\"><\/a>\n\t\t<\/div>\n\t<\/div>\n<\/div>\n<div class=\"project-item category-38\">\n\t<div class=\"projects-box\">\n\t\t<div class=\"projects-thumbnail\" data-src=\"https:\/\/deezen.gr\/wp-content\/uploads\/2022\/08\/4G-min.jpg\" data-sub-html=\"Construction Company\">\n\t\t\t<a href=\"https:\/\/deezen.gr\/de\/portfolio\/office-kiato\/\">\n\t\t\t\t<img decoding=\"async\" width=\"720\" height=\"720\" data-src=\"https:\/\/deezen.gr\/wp-content\/uploads\/2022\/08\/4G-min-720x720.jpg\" class=\"attachment-theratio-portfolio-thumbnail-grid size-theratio-portfolio-thumbnail-grid wp-post-image lazyload\" alt=\"\" data-srcset=\"https:\/\/deezen.gr\/wp-content\/uploads\/2022\/08\/4G-min-720x720.jpg 720w, https:\/\/deezen.gr\/wp-content\/uploads\/2022\/08\/4G-min-150x150.jpg 150w\" data-sizes=\"(max-width: 720px) 100vw, 720px\" src=\"data:image\/svg+xml;base64,PHN2ZyB3aWR0aD0iMSIgaGVpZ2h0PSIxIiB4bWxucz0iaHR0cDovL3d3dy53My5vcmcvMjAwMC9zdmciPjwvc3ZnPg==\" style=\"--smush-placeholder-width: 720px; --smush-placeholder-aspect-ratio: 720\/720;\" \/>\t\t\t<\/a>\n\t\t\t\n\t\t\t<span class=\"overlay\">\n\t\t\t\t<h5>Baugesellschaft<\/h5>\n\t\t\t\t<i class=\"ot-flaticon-add\"><\/i>\n\t\t\t<\/span>\n\t\t<\/div>\n\t\t<div class=\"portfolio-info\">\n\t\t\t<div class=\"portfolio-info-inner\">\n\t\t\t\t<h5><a class=\"title-link\" href=\"https:\/\/deezen.gr\/de\/portfolio\/office-kiato\/\" data-src=\"https:\/\/deezen.gr\/wp-content\/uploads\/2022\/08\/4G-min.jpg\" data-sub-html=\"Construction Company\">Baugesellschaft<\/a><\/h5>\n\t\t\t\t<p class=\"portfolio-cates\"><a href=\"https:\/\/deezen.gr\/de\/portfolio-category\/%ce%b1%ce%bd%ce%b1%ce%ba%ce%b1%ce%b9%ce%bd%ce%af%cf%83%ce%b5%ce%b9%cf%82-%ce%b5%cf%80%ce%b1%ce%b3%ce%b3%ce%b5%ce%bb%ce%bc%ce%b1%cf%84%ce%b9%ce%ba%cf%8e%ce%bd-%cf%87%cf%8e%cf%81%cf%89%ce%bd\/\">Renovierungen von Gesch\u00e4ftsr\u00e4umen<\/a><\/p> \n\t\t\t<\/div>\n\t\t\t<a class=\"overlay\" href=\"https:\/\/deezen.gr\/de\/portfolio\/office-kiato\/\"><\/a>\n\t\t<\/div>\n\t<\/div>\n<\/div>\n<div class=\"project-item category-38\">\n\t<div class=\"projects-box\">\n\t\t<div class=\"projects-thumbnail\" data-src=\"https:\/\/deezen.gr\/wp-content\/uploads\/2022\/05\/3-1.jpg\" data-sub-html=\"Software Company\">\n\t\t\t<a href=\"https:\/\/deezen.gr\/de\/portfolio\/office-2\/\">\n\t\t\t\t<img decoding=\"async\" width=\"720\" height=\"720\" data-src=\"https:\/\/deezen.gr\/wp-content\/uploads\/2022\/05\/3-1-720x720.jpg\" class=\"attachment-theratio-portfolio-thumbnail-grid size-theratio-portfolio-thumbnail-grid wp-post-image lazyload\" alt=\"\" data-srcset=\"https:\/\/deezen.gr\/wp-content\/uploads\/2022\/05\/3-1-720x720.jpg 720w, https:\/\/deezen.gr\/wp-content\/uploads\/2022\/05\/3-1-150x150.jpg 150w\" data-sizes=\"(max-width: 720px) 100vw, 720px\" src=\"data:image\/svg+xml;base64,PHN2ZyB3aWR0aD0iMSIgaGVpZ2h0PSIxIiB4bWxucz0iaHR0cDovL3d3dy53My5vcmcvMjAwMC9zdmciPjwvc3ZnPg==\" style=\"--smush-placeholder-width: 720px; --smush-placeholder-aspect-ratio: 720\/720;\" \/>\t\t\t<\/a>\n\t\t\t\n\t\t\t<span class=\"overlay\">\n\t\t\t\t<h5>Softwareunternehmen<\/h5>\n\t\t\t\t<i class=\"ot-flaticon-add\"><\/i>\n\t\t\t<\/span>\n\t\t<\/div>\n\t\t<div class=\"portfolio-info\">\n\t\t\t<div class=\"portfolio-info-inner\">\n\t\t\t\t<h5><a class=\"title-link\" href=\"https:\/\/deezen.gr\/de\/portfolio\/office-2\/\" data-src=\"https:\/\/deezen.gr\/wp-content\/uploads\/2022\/05\/3-1.jpg\" data-sub-html=\"Software Company\">Softwareunternehmen<\/a><\/h5>\n\t\t\t\t<p class=\"portfolio-cates\"><a href=\"https:\/\/deezen.gr\/de\/portfolio-category\/%ce%b1%ce%bd%ce%b1%ce%ba%ce%b1%ce%b9%ce%bd%ce%af%cf%83%ce%b5%ce%b9%cf%82-%ce%b5%cf%80%ce%b1%ce%b3%ce%b3%ce%b5%ce%bb%ce%bc%ce%b1%cf%84%ce%b9%ce%ba%cf%8e%ce%bd-%cf%87%cf%8e%cf%81%cf%89%ce%bd\/\">Renovierungen von Gesch\u00e4ftsr\u00e4umen<\/a><\/p> \n\t\t\t<\/div>\n\t\t\t<a class=\"overlay\" href=\"https:\/\/deezen.gr\/de\/portfolio\/office-2\/\"><\/a>\n\t\t<\/div>\n\t<\/div>\n<\/div>\t\t\t<\/div>\n\n\t\t\t\t    <\/div>\n\t\t\t\t\t\t\t\t\t\t\n\t    \t\t\t\t<\/div>\n\t\t\t\t<\/div>\n\t\t\t\t\t<\/div>\n\t\t<\/div>\n\t\t\t\t\t<\/div>\n\t\t<\/section>\n\t\t\t\t<\/div>","protected":false},"excerpt":{"rendered":"<p>Physiotherapie Physiotherapie Gewerberenovierung Ofenrenovierung Ofenrenovierung Gewerberenovierung Chemische Reinigung Chemische Reinigung Gewerberenovierung Ofenrenovierung Ofenrenovierung Gewerberenovierung Apothekerenovierung Apothekerenovierung Gewerberenovierung Baufirma Baufirma Gewerberenovierung Softwarefirma Softwarefirma Marketingagentur Marketingrenovierung von Gesch\u00e4ftsr\u00e4umen Agentur Renovierungen von Gesch\u00e4ftsr\u00e4umen Grafik [\u2026]<\/p>","protected":false},"author":1,"featured_media":0,"parent":5337,"menu_order":0,"comment_status":"closed","ping_status":"closed","template":"elementor_header_footer","meta":{"footnotes":""},"class_list":["post-7157","page","type-page","status-publish","hentry"],"_links":{"self":[{"href":"https:\/\/deezen.gr\/de\/wp-json\/wp\/v2\/pages\/7157","targetHints":{"allow":["GET"]}}],"collection":[{"href":"https:\/\/deezen.gr\/de\/wp-json\/wp\/v2\/pages"}],"about":[{"href":"https:\/\/deezen.gr\/de\/wp-json\/wp\/v2\/types\/page"}],"author":[{"embeddable":true,"href":"https:\/\/deezen.gr\/de\/wp-json\/wp\/v2\/users\/1"}],"replies":[{"embeddable":true,"href":"https:\/\/deezen.gr\/de\/wp-json\/wp\/v2\/comments?post=7157"}],"version-history":[{"count":5,"href":"https:\/\/deezen.gr\/de\/wp-json\/wp\/v2\/pages\/7157\/revisions"}],"predecessor-version":[{"id":8090,"href":"https:\/\/deezen.gr\/de\/wp-json\/wp\/v2\/pages\/7157\/revisions\/8090"}],"up":[{"embeddable":true,"href":"https:\/\/deezen.gr\/de\/wp-json\/wp\/v2\/pages\/5337"}],"wp:attachment":[{"href":"https:\/\/deezen.gr\/de\/wp-json\/wp\/v2\/media?parent=7157"}],"curies":[{"name":"wp","href":"https:\/\/api.w.org\/{rel}","templated":true}]}}