{"id":5949,"date":"2022-05-19T08:53:49","date_gmt":"2022-05-19T08:53:49","guid":{"rendered":"https:\/\/demo.deezen.gr\/?page_id=5949"},"modified":"2022-09-15T07:21:37","modified_gmt":"2022-09-15T07:21:37","slug":"%cf%83%cf%85%ce%bd%ce%b5%ce%b4%cf%81%ce%b9%ce%b1%ce%ba%ce%ac-%cf%80%ce%b5%cf%81%ce%af%cf%80%cf%84%ce%b5%cf%81%ce%b1","status":"publish","type":"page","link":"https:\/\/deezen.gr\/de\/%cf%83%cf%85%ce%bd%ce%b5%ce%b4%cf%81%ce%b9%ce%b1%ce%ba%ce%ac-%cf%80%ce%b5%cf%81%ce%af%cf%80%cf%84%ce%b5%cf%81%ce%b1\/","title":{"rendered":"Konferenzr\u00e4ume"},"content":{"rendered":"<div data-elementor-type=\"wp-page\" data-elementor-id=\"5949\" class=\"elementor elementor-5949\" data-elementor-settings=\"{&quot;ha_cmc_init_switcher&quot;:&quot;no&quot;}\" data-elementor-post-type=\"page\">\n\t\t\t\t\t\t<section class=\"elementor-section elementor-top-section elementor-element elementor-element-2f095d6f elementor-section-content-middle elementor-section-boxed elementor-section-height-default elementor-section-height-default\" data-id=\"2f095d6f\" data-element_type=\"section\" data-settings=\"{&quot;_ha_eqh_enable&quot;:false}\">\n\t\t\t\t\t\t<div class=\"elementor-container elementor-column-gap-extended\">\n\t\t\t\t\t<div class=\"elementor-column elementor-col-50 elementor-top-column elementor-element elementor-element-52ba7320 ot-column-items-top elementor-hidden-mobile ot-flex-column-vertical\" data-id=\"52ba7320\" data-element_type=\"column\">\n\t\t\t<div class=\"elementor-widget-wrap elementor-element-populated\">\n\t\t\t\t\t\t<div class=\"elementor-element elementor-element-4f6c095 elementor-widget elementor-widget-text-editor\" data-id=\"4f6c095\" data-element_type=\"widget\" data-widget_type=\"text-editor.default\">\n\t\t\t\t<div class=\"elementor-widget-container\">\n\t\t\t\t\t\t\t\t\t<p>Dienstleistungen<\/p><h2>Konferenz<br \/>Kioske<\/h2>\t\t\t\t\t\t\t\t<\/div>\n\t\t\t\t<\/div>\n\t\t\t\t\t<\/div>\n\t\t<\/div>\n\t\t\t\t<div class=\"elementor-column elementor-col-50 elementor-top-column elementor-element elementor-element-329618f ot-flex-column-vertical\" data-id=\"329618f\" data-element_type=\"column\">\n\t\t\t<div class=\"elementor-widget-wrap elementor-element-populated\">\n\t\t\t\t\t\t<div class=\"elementor-element elementor-element-6435285 elementor-widget elementor-widget-text-editor\" data-id=\"6435285\" data-element_type=\"widget\" data-widget_type=\"text-editor.default\">\n\t\t\t\t<div class=\"elementor-widget-container\">\n\t\t\t\t\t\t\t\t\t<p>Deezen garantiert jedem Kunden die einwandfreie Pr\u00e4sentierung Ihres Unternehmens in Ihren Konferenz- und Tagungsr\u00e4umen oder auch bei Firmenevents.<\/p><p>Wir errichten Ihren Konferenzraum mit viel Liebe zum Detail. Wenn \"die Lichter angehen\", wird\nalles bereit sein, um Ihre Kunden willkommen zu hei\u00dfen. Wir kombinieren die hohe \u00c4sthetik des\nf\u00fcr Sie entworfenen Standes oder Designs mit der Erf\u00fcllung aller Ihrer individuellen Bed\u00fcrfnisse. Wir lieben es, uns um Sie zu k\u00fcmmern.<\/p>\t\t\t\t\t\t\t\t<\/div>\n\t\t\t\t<\/div>\n\t\t\t\t\t<\/div>\n\t\t<\/div>\n\t\t\t\t\t<\/div>\n\t\t<\/section>\n\t\t\t\t<section class=\"elementor-section elementor-top-section elementor-element elementor-element-76a8129 elementor-section-boxed elementor-section-height-default elementor-section-height-default\" data-id=\"76a8129\" data-element_type=\"section\" data-settings=\"{&quot;_ha_eqh_enable&quot;:false}\">\n\t\t\t\t\t\t<div class=\"elementor-container elementor-column-gap-default\">\n\t\t\t\t\t<div class=\"elementor-column elementor-col-100 elementor-top-column elementor-element elementor-element-e994271 ot-flex-column-vertical\" data-id=\"e994271\" data-element_type=\"column\">\n\t\t\t<div class=\"elementor-widget-wrap elementor-element-populated\">\n\t\t\t\t\t\t<div class=\"elementor-element elementor-element-0b95582 elementor-widget elementor-widget-heading\" data-id=\"0b95582\" data-element_type=\"widget\" data-widget_type=\"heading.default\">\n\t\t\t\t<div class=\"elementor-widget-container\">\n\t\t\t\t\t<h2 class=\"elementor-heading-title elementor-size-default\">Unsere Taten<\/h2>\t\t\t\t<\/div>\n\t\t\t\t<\/div>\n\t\t\t\t<div class=\"elementor-element elementor-element-c5f8197 elementor-widget elementor-widget-spacer\" data-id=\"c5f8197\" data-element_type=\"widget\" data-widget_type=\"spacer.default\">\n\t\t\t\t<div class=\"elementor-widget-container\">\n\t\t\t\t\t\t\t<div class=\"elementor-spacer\">\n\t\t\t<div class=\"elementor-spacer-inner\"><\/div>\n\t\t<\/div>\n\t\t\t\t\t\t<\/div>\n\t\t\t\t<\/div>\n\t\t\t\t<div class=\"elementor-element elementor-element-64ec95a elementor-widget elementor-widget-ipfilter_metro\" data-id=\"64ec95a\" data-element_type=\"widget\" data-widget_type=\"ipfilter_metro.default\">\n\t\t\t\t<div class=\"elementor-widget-container\">\n\t\t\t\t\t\n\t\t<div class=\"project-filter-wrapper\">\n\t\t\t\t\t\t\t        <div id=\"projects-grid\" class=\"projects-grid pf_3_cols style-1 img-scale w-auto\" data-load=\"3\" data-count=\"9\">\n\t\t\t<div class=\"grid-sizer\"><\/div>\n\t            <div class=\"project-item category-35\">\n\t<div class=\"projects-box\">\n\t\t<div class=\"projects-thumbnail\" data-src=\"https:\/\/deezen.gr\/wp-content\/uploads\/2022\/05\/fbn.jpg\" data-sub-html=\"Genepharm &#8211; COSTA NAVARINO\">\n\t\t\t<a href=\"https:\/\/deezen.gr\/de\/portfolio\/genepharm-2\/\">\n\t\t\t\t<img fetchpriority=\"high\" decoding=\"async\" width=\"720\" height=\"720\" src=\"https:\/\/deezen.gr\/wp-content\/uploads\/2022\/05\/fbn-720x720.jpg\" class=\"attachment-theratio-portfolio-thumbnail-grid size-theratio-portfolio-thumbnail-grid wp-post-image\" alt=\"\" srcset=\"https:\/\/deezen.gr\/wp-content\/uploads\/2022\/05\/fbn-720x720.jpg 720w, https:\/\/deezen.gr\/wp-content\/uploads\/2022\/05\/fbn-150x150.jpg 150w\" sizes=\"(max-width: 720px) 100vw, 720px\" \/>\t\t\t<\/a>\n\t\t\t<span class=\"overlay\">\n\t\t\t\t<h5>Genepharm \u2013 COSTA NAVARINO<\/h5>\n\t\t\t\t<i class=\"ot-flaticon-add\"><\/i>\n\t\t\t<\/span>\n\t\t<\/div>\n\t\t<div class=\"portfolio-info\">\n\t\t\t<div class=\"portfolio-info-inner\">\n\t\t\t\t<h5><a class=\"title-link\" href=\"https:\/\/deezen.gr\/de\/portfolio\/genepharm-2\/\" data-src=\"https:\/\/deezen.gr\/wp-content\/uploads\/2022\/05\/fbn.jpg\" data-sub-html=\"Genepharm &#8211; COSTA NAVARINO\">Genepharm \u2013 COSTA NAVARINO<\/a><\/h5>\n\t\t\t\t<p class=\"portfolio-cates\"><a href=\"https:\/\/deezen.gr\/de\/portfolio-category\/%cf%83%cf%85%ce%bd%ce%b5%ce%b4%cf%81%ce%b9%ce%b1%ce%ba%ce%ac-%cf%80%ce%b5%cf%81%ce%af%cf%80%cf%84%ce%b5%cf%81%ce%b1\/\">Konferenzkioske<\/a><\/p> \n\t\t\t<\/div>\n\t\t\t<a class=\"overlay\" href=\"https:\/\/deezen.gr\/de\/portfolio\/genepharm-2\/\"><\/a>\n\t\t<\/div>\n\t<\/div>\n<\/div><div class=\"project-item category-35\">\n\t<div class=\"projects-box\">\n\t\t<div class=\"projects-thumbnail\" data-src=\"https:\/\/deezen.gr\/wp-content\/uploads\/2022\/05\/reebok-.jpg\" data-sub-html=\"Dehaco &#8211; HELEXPO\">\n\t\t\t<a href=\"https:\/\/deezen.gr\/de\/portfolio\/dehaco\/\">\n\t\t\t\t<img decoding=\"async\" width=\"720\" height=\"720\" data-src=\"https:\/\/deezen.gr\/wp-content\/uploads\/2022\/05\/reebok--720x720.jpg\" class=\"attachment-theratio-portfolio-thumbnail-grid size-theratio-portfolio-thumbnail-grid wp-post-image lazyload\" alt=\"\" data-srcset=\"https:\/\/deezen.gr\/wp-content\/uploads\/2022\/05\/reebok--720x720.jpg 720w, https:\/\/deezen.gr\/wp-content\/uploads\/2022\/05\/reebok--150x150.jpg 150w\" data-sizes=\"(max-width: 720px) 100vw, 720px\" src=\"data:image\/svg+xml;base64,PHN2ZyB3aWR0aD0iMSIgaGVpZ2h0PSIxIiB4bWxucz0iaHR0cDovL3d3dy53My5vcmcvMjAwMC9zdmciPjwvc3ZnPg==\" style=\"--smush-placeholder-width: 720px; --smush-placeholder-aspect-ratio: 720\/720;\" \/>\t\t\t<\/a>\n\t\t\t<span class=\"overlay\">\n\t\t\t\t<h5>Dehaco \u2013 HELEXPO<\/h5>\n\t\t\t\t<i class=\"ot-flaticon-add\"><\/i>\n\t\t\t<\/span>\n\t\t<\/div>\n\t\t<div class=\"portfolio-info\">\n\t\t\t<div class=\"portfolio-info-inner\">\n\t\t\t\t<h5><a class=\"title-link\" href=\"https:\/\/deezen.gr\/de\/portfolio\/dehaco\/\" data-src=\"https:\/\/deezen.gr\/wp-content\/uploads\/2022\/05\/reebok-.jpg\" data-sub-html=\"Dehaco &#8211; HELEXPO\">Dehaco \u2013 HELEXPO<\/a><\/h5>\n\t\t\t\t<p class=\"portfolio-cates\"><a href=\"https:\/\/deezen.gr\/de\/portfolio-category\/%cf%83%cf%85%ce%bd%ce%b5%ce%b4%cf%81%ce%b9%ce%b1%ce%ba%ce%ac-%cf%80%ce%b5%cf%81%ce%af%cf%80%cf%84%ce%b5%cf%81%ce%b1\/\">Konferenzkioske<\/a><\/p> \n\t\t\t<\/div>\n\t\t\t<a class=\"overlay\" href=\"https:\/\/deezen.gr\/de\/portfolio\/dehaco\/\"><\/a>\n\t\t<\/div>\n\t<\/div>\n<\/div><div class=\"project-item category-35\">\n\t<div class=\"projects-box\">\n\t\t<div class=\"projects-thumbnail\" data-src=\"https:\/\/deezen.gr\/wp-content\/uploads\/2022\/05\/genesis.jpg\" data-sub-html=\"Genesis &#8211; MAKEDONIA PALACE\">\n\t\t\t<a href=\"https:\/\/deezen.gr\/de\/portfolio\/genesis\/\">\n\t\t\t\t<img decoding=\"async\" width=\"720\" height=\"720\" data-src=\"https:\/\/deezen.gr\/wp-content\/uploads\/2022\/05\/genesis-720x720.jpg\" class=\"attachment-theratio-portfolio-thumbnail-grid size-theratio-portfolio-thumbnail-grid wp-post-image lazyload\" alt=\"\" data-srcset=\"https:\/\/deezen.gr\/wp-content\/uploads\/2022\/05\/genesis-720x720.jpg 720w, https:\/\/deezen.gr\/wp-content\/uploads\/2022\/05\/genesis-150x150.jpg 150w\" data-sizes=\"(max-width: 720px) 100vw, 720px\" src=\"data:image\/svg+xml;base64,PHN2ZyB3aWR0aD0iMSIgaGVpZ2h0PSIxIiB4bWxucz0iaHR0cDovL3d3dy53My5vcmcvMjAwMC9zdmciPjwvc3ZnPg==\" style=\"--smush-placeholder-width: 720px; --smush-placeholder-aspect-ratio: 720\/720;\" \/>\t\t\t<\/a>\n\t\t\t<span class=\"overlay\">\n\t\t\t\t<h5>Genesis \u2013 MAZEDONIEN-PALAST<\/h5>\n\t\t\t\t<i class=\"ot-flaticon-add\"><\/i>\n\t\t\t<\/span>\n\t\t<\/div>\n\t\t<div class=\"portfolio-info\">\n\t\t\t<div class=\"portfolio-info-inner\">\n\t\t\t\t<h5><a class=\"title-link\" href=\"https:\/\/deezen.gr\/de\/portfolio\/genesis\/\" data-src=\"https:\/\/deezen.gr\/wp-content\/uploads\/2022\/05\/genesis.jpg\" data-sub-html=\"Genesis &#8211; MAKEDONIA PALACE\">Genesis \u2013 MAZEDONIEN-PALAST<\/a><\/h5>\n\t\t\t\t<p class=\"portfolio-cates\"><a href=\"https:\/\/deezen.gr\/de\/portfolio-category\/%cf%83%cf%85%ce%bd%ce%b5%ce%b4%cf%81%ce%b9%ce%b1%ce%ba%ce%ac-%cf%80%ce%b5%cf%81%ce%af%cf%80%cf%84%ce%b5%cf%81%ce%b1\/\">Konferenzkioske<\/a><\/p> \n\t\t\t<\/div>\n\t\t\t<a class=\"overlay\" href=\"https:\/\/deezen.gr\/de\/portfolio\/genesis\/\"><\/a>\n\t\t<\/div>\n\t<\/div>\n<\/div><div class=\"project-item category-35\">\n\t<div class=\"projects-box\">\n\t\t<div class=\"projects-thumbnail\" data-src=\"https:\/\/deezen.gr\/wp-content\/uploads\/2022\/05\/gsk.jpg\" data-sub-html=\"GSK &#8211; MEGARON\">\n\t\t\t<a href=\"https:\/\/deezen.gr\/de\/portfolio\/gsk\/\">\n\t\t\t\t<img decoding=\"async\" width=\"720\" height=\"720\" data-src=\"https:\/\/deezen.gr\/wp-content\/uploads\/2022\/05\/gsk-720x720.jpg\" class=\"attachment-theratio-portfolio-thumbnail-grid size-theratio-portfolio-thumbnail-grid wp-post-image lazyload\" alt=\"\" data-srcset=\"https:\/\/deezen.gr\/wp-content\/uploads\/2022\/05\/gsk-720x720.jpg 720w, https:\/\/deezen.gr\/wp-content\/uploads\/2022\/05\/gsk-150x150.jpg 150w\" data-sizes=\"(max-width: 720px) 100vw, 720px\" src=\"data:image\/svg+xml;base64,PHN2ZyB3aWR0aD0iMSIgaGVpZ2h0PSIxIiB4bWxucz0iaHR0cDovL3d3dy53My5vcmcvMjAwMC9zdmciPjwvc3ZnPg==\" style=\"--smush-placeholder-width: 720px; --smush-placeholder-aspect-ratio: 720\/720;\" \/>\t\t\t<\/a>\n\t\t\t<span class=\"overlay\">\n\t\t\t\t<h5>GSK \u2013 Megaron<\/h5>\n\t\t\t\t<i class=\"ot-flaticon-add\"><\/i>\n\t\t\t<\/span>\n\t\t<\/div>\n\t\t<div class=\"portfolio-info\">\n\t\t\t<div class=\"portfolio-info-inner\">\n\t\t\t\t<h5><a class=\"title-link\" href=\"https:\/\/deezen.gr\/de\/portfolio\/gsk\/\" data-src=\"https:\/\/deezen.gr\/wp-content\/uploads\/2022\/05\/gsk.jpg\" data-sub-html=\"GSK &#8211; MEGARON\">GSK \u2013 Megaron<\/a><\/h5>\n\t\t\t\t<p class=\"portfolio-cates\"><a href=\"https:\/\/deezen.gr\/de\/portfolio-category\/%cf%83%cf%85%ce%bd%ce%b5%ce%b4%cf%81%ce%b9%ce%b1%ce%ba%ce%ac-%cf%80%ce%b5%cf%81%ce%af%cf%80%cf%84%ce%b5%cf%81%ce%b1\/\">Konferenzkioske<\/a><\/p> \n\t\t\t<\/div>\n\t\t\t<a class=\"overlay\" href=\"https:\/\/deezen.gr\/de\/portfolio\/gsk\/\"><\/a>\n\t\t<\/div>\n\t<\/div>\n<\/div><div class=\"project-item category-35\">\n\t<div class=\"projects-box\">\n\t\t<div class=\"projects-thumbnail\" data-src=\"https:\/\/deezen.gr\/wp-content\/uploads\/2022\/05\/nycomed.jpg\" data-sub-html=\"Nycomed &#8211; HILTON\">\n\t\t\t<a href=\"https:\/\/deezen.gr\/de\/portfolio\/nycomed\/\">\n\t\t\t\t<img decoding=\"async\" width=\"720\" height=\"720\" data-src=\"https:\/\/deezen.gr\/wp-content\/uploads\/2022\/05\/nycomed-720x720.jpg\" class=\"attachment-theratio-portfolio-thumbnail-grid size-theratio-portfolio-thumbnail-grid wp-post-image lazyload\" alt=\"\" data-srcset=\"https:\/\/deezen.gr\/wp-content\/uploads\/2022\/05\/nycomed-720x720.jpg 720w, https:\/\/deezen.gr\/wp-content\/uploads\/2022\/05\/nycomed-150x150.jpg 150w\" data-sizes=\"(max-width: 720px) 100vw, 720px\" src=\"data:image\/svg+xml;base64,PHN2ZyB3aWR0aD0iMSIgaGVpZ2h0PSIxIiB4bWxucz0iaHR0cDovL3d3dy53My5vcmcvMjAwMC9zdmciPjwvc3ZnPg==\" style=\"--smush-placeholder-width: 720px; --smush-placeholder-aspect-ratio: 720\/720;\" \/>\t\t\t<\/a>\n\t\t\t<span class=\"overlay\">\n\t\t\t\t<h5>Nycomed \u2013 HILTON<\/h5>\n\t\t\t\t<i class=\"ot-flaticon-add\"><\/i>\n\t\t\t<\/span>\n\t\t<\/div>\n\t\t<div class=\"portfolio-info\">\n\t\t\t<div class=\"portfolio-info-inner\">\n\t\t\t\t<h5><a class=\"title-link\" href=\"https:\/\/deezen.gr\/de\/portfolio\/nycomed\/\" data-src=\"https:\/\/deezen.gr\/wp-content\/uploads\/2022\/05\/nycomed.jpg\" data-sub-html=\"Nycomed &#8211; HILTON\">Nycomed \u2013 HILTON<\/a><\/h5>\n\t\t\t\t<p class=\"portfolio-cates\"><a href=\"https:\/\/deezen.gr\/de\/portfolio-category\/%cf%83%cf%85%ce%bd%ce%b5%ce%b4%cf%81%ce%b9%ce%b1%ce%ba%ce%ac-%cf%80%ce%b5%cf%81%ce%af%cf%80%cf%84%ce%b5%cf%81%ce%b1\/\">Konferenzkioske<\/a><\/p> \n\t\t\t<\/div>\n\t\t\t<a class=\"overlay\" href=\"https:\/\/deezen.gr\/de\/portfolio\/nycomed\/\"><\/a>\n\t\t<\/div>\n\t<\/div>\n<\/div><div class=\"project-item category-35\">\n\t<div class=\"projects-box\">\n\t\t<div class=\"projects-thumbnail\" data-src=\"https:\/\/deezen.gr\/wp-content\/uploads\/2022\/05\/reewwbok-02.jpg\" data-sub-html=\"Q S &#8211; BARCELONA\">\n\t\t\t<a href=\"https:\/\/deezen.gr\/de\/portfolio\/q-s\/\">\n\t\t\t\t<img decoding=\"async\" width=\"720\" height=\"720\" data-src=\"https:\/\/deezen.gr\/wp-content\/uploads\/2022\/05\/reewwbok-02-720x720.jpg\" class=\"attachment-theratio-portfolio-thumbnail-grid size-theratio-portfolio-thumbnail-grid wp-post-image lazyload\" alt=\"\" data-srcset=\"https:\/\/deezen.gr\/wp-content\/uploads\/2022\/05\/reewwbok-02-720x720.jpg 720w, https:\/\/deezen.gr\/wp-content\/uploads\/2022\/05\/reewwbok-02-150x150.jpg 150w\" data-sizes=\"(max-width: 720px) 100vw, 720px\" src=\"data:image\/svg+xml;base64,PHN2ZyB3aWR0aD0iMSIgaGVpZ2h0PSIxIiB4bWxucz0iaHR0cDovL3d3dy53My5vcmcvMjAwMC9zdmciPjwvc3ZnPg==\" style=\"--smush-placeholder-width: 720px; --smush-placeholder-aspect-ratio: 720\/720;\" \/>\t\t\t<\/a>\n\t\t\t<span class=\"overlay\">\n\t\t\t\t<h5>QS \u2013 BARCELONA<\/h5>\n\t\t\t\t<i class=\"ot-flaticon-add\"><\/i>\n\t\t\t<\/span>\n\t\t<\/div>\n\t\t<div class=\"portfolio-info\">\n\t\t\t<div class=\"portfolio-info-inner\">\n\t\t\t\t<h5><a class=\"title-link\" href=\"https:\/\/deezen.gr\/de\/portfolio\/q-s\/\" data-src=\"https:\/\/deezen.gr\/wp-content\/uploads\/2022\/05\/reewwbok-02.jpg\" data-sub-html=\"Q S &#8211; BARCELONA\">QS \u2013 BARCELONA<\/a><\/h5>\n\t\t\t\t<p class=\"portfolio-cates\"><a href=\"https:\/\/deezen.gr\/de\/portfolio-category\/%cf%83%cf%85%ce%bd%ce%b5%ce%b4%cf%81%ce%b9%ce%b1%ce%ba%ce%ac-%cf%80%ce%b5%cf%81%ce%af%cf%80%cf%84%ce%b5%cf%81%ce%b1\/\">Konferenzkioske<\/a><\/p> \n\t\t\t<\/div>\n\t\t\t<a class=\"overlay\" href=\"https:\/\/deezen.gr\/de\/portfolio\/q-s\/\"><\/a>\n\t\t<\/div>\n\t<\/div>\n<\/div>\t\t\t<\/div>\n\n\t\t\t\t    <\/div>\n\t\t\t\t\t\t\t\t\t\t\n\t    \t\t\t\t<\/div>\n\t\t\t\t<\/div>\n\t\t\t\t<div class=\"elementor-element elementor-element-777240a elementor-align-center elementor-widget elementor-widget-ibutton\" data-id=\"777240a\" data-element_type=\"widget\" data-widget_type=\"ibutton.default\">\n\t\t\t\t<div class=\"elementor-widget-container\">\n\t\t\t\t\t\t\t<div class=\"ot-button\">\n\t\t\t<a href=\"https:\/\/deezen.gr\/de\/\u03b5\u03c1\u03b3\u03b1\/\" class=\"octf-btn octf-btn-light\">ALLES FUNKTIONIERT<\/a>\n\t    <\/div>\n\t    \t\t\t\t<\/div>\n\t\t\t\t<\/div>\n\t\t\t\t\t<\/div>\n\t\t<\/div>\n\t\t\t\t\t<\/div>\n\t\t<\/section>\n\t\t\t\t<section class=\"elementor-section elementor-top-section elementor-element elementor-element-13fb4a6f elementor-section-content-middle elementor-section-boxed elementor-section-height-default elementor-section-height-default\" data-id=\"13fb4a6f\" data-element_type=\"section\" data-settings=\"{&quot;background_background&quot;:&quot;classic&quot;,&quot;_ha_eqh_enable&quot;:false}\">\n\t\t\t\t\t\t<div class=\"elementor-container elementor-column-gap-extended\">\n\t\t\t\t\t<div class=\"elementor-column elementor-col-66 elementor-top-column elementor-element elementor-element-3e29bf58 ot-flex-column-vertical\" data-id=\"3e29bf58\" data-element_type=\"column\">\n\t\t\t<div class=\"elementor-widget-wrap elementor-element-populated\">\n\t\t\t\t\t\t<div class=\"elementor-element elementor-element-9a5d793 elementor-widget elementor-widget-heading\" data-id=\"9a5d793\" data-element_type=\"widget\" data-widget_type=\"heading.default\">\n\t\t\t\t<div class=\"elementor-widget-container\">\n\t\t\t\t\t<h2 class=\"elementor-heading-title elementor-size-default\">Wir k\u00f6nnen dir helfen\nKontaktieren Sie uns direkt<\/h2>\t\t\t\t<\/div>\n\t\t\t\t<\/div>\n\t\t\t\t<div class=\"elementor-element elementor-element-18595081 elementor-widget elementor-widget-text-editor\" data-id=\"18595081\" data-element_type=\"widget\" data-widget_type=\"text-editor.default\">\n\t\t\t\t<div class=\"elementor-widget-container\">\n\t\t\t\t\t\t\t\t\t<p><span style=\"color: #ffffff;\">Sie ben\u00f6tigen eine professionelle L\u00f6sung f\u00fcr Ihr Unternehmen?<\/span><\/p><p>Arbeiten Sie mit uns zusammen, um ein beeindruckendes Ergebnis f\u00fcr die Werbung Ihres Unternehmens, Ihres Zuhauses oder Ihres Arbeitsplatzes zu schaffen.<\/p>\t\t\t\t\t\t\t\t<\/div>\n\t\t\t\t<\/div>\n\t\t\t\t\t<\/div>\n\t\t<\/div>\n\t\t\t\t<div class=\"elementor-column elementor-col-33 elementor-top-column elementor-element elementor-element-4b2cdd03 ot-flex-column-vertical\" data-id=\"4b2cdd03\" data-element_type=\"column\">\n\t\t\t<div class=\"elementor-widget-wrap elementor-element-populated\">\n\t\t\t\t\t\t<div class=\"elementor-element elementor-element-a35cc62 elementor-align-right elementor-mobile-align-center elementor-widget elementor-widget-ibutton\" data-id=\"a35cc62\" data-element_type=\"widget\" data-widget_type=\"ibutton.default\">\n\t\t\t\t<div class=\"elementor-widget-container\">\n\t\t\t\t\t\t\t<div class=\"ot-button\">\n\t\t\t<a href=\"https:\/\/deezen.gr\/de\/contacts\/\" class=\"octf-btn octf-btn-light\">Fragen Sie nach einem kostenlosen,<br> nicht bindendes Angebot!<\/a>\n\t    <\/div>\n\t    \t\t\t\t<\/div>\n\t\t\t\t<\/div>\n\t\t\t\t\t<\/div>\n\t\t<\/div>\n\t\t\t\t\t<\/div>\n\t\t<\/section>\n\t\t\t\t<\/div>","protected":false},"excerpt":{"rendered":"<p>Dienstleistungen Konferenzst\u00e4nde Deezen kann seinen Kunden die einwandfreie Pr\u00e4senz und Sichtbarkeit ihres Konferenzstandes oder ihrer Firmenveranstaltung garantieren. Mit Liebe zum Detail realisieren wir Ihren Tagungsraum, &quot;wenn die Lichter angehen&quot;, ist alles bereit, Ihr Publikum willkommen zu hei\u00dfen, und verbinden die hohe \u00c4sthetik der Umsetzung Ihres Vorhabens mit [...]<\/p>","protected":false},"author":1,"featured_media":0,"parent":0,"menu_order":0,"comment_status":"closed","ping_status":"closed","template":"elementor_header_footer","meta":{"footnotes":""},"class_list":["post-5949","page","type-page","status-publish","hentry"],"_links":{"self":[{"href":"https:\/\/deezen.gr\/de\/wp-json\/wp\/v2\/pages\/5949","targetHints":{"allow":["GET"]}}],"collection":[{"href":"https:\/\/deezen.gr\/de\/wp-json\/wp\/v2\/pages"}],"about":[{"href":"https:\/\/deezen.gr\/de\/wp-json\/wp\/v2\/types\/page"}],"author":[{"embeddable":true,"href":"https:\/\/deezen.gr\/de\/wp-json\/wp\/v2\/users\/1"}],"replies":[{"embeddable":true,"href":"https:\/\/deezen.gr\/de\/wp-json\/wp\/v2\/comments?post=5949"}],"version-history":[{"count":21,"href":"https:\/\/deezen.gr\/de\/wp-json\/wp\/v2\/pages\/5949\/revisions"}],"predecessor-version":[{"id":7399,"href":"https:\/\/deezen.gr\/de\/wp-json\/wp\/v2\/pages\/5949\/revisions\/7399"}],"wp:attachment":[{"href":"https:\/\/deezen.gr\/de\/wp-json\/wp\/v2\/media?parent=5949"}],"curies":[{"name":"wp","href":"https:\/\/api.w.org\/{rel}","templated":true}]}}