{"id":5797,"date":"2022-05-18T20:04:06","date_gmt":"2022-05-18T20:04:06","guid":{"rendered":"https:\/\/demo.deezen.gr\/?page_id=5797"},"modified":"2022-09-09T16:02:10","modified_gmt":"2022-09-09T16:02:10","slug":"%ce%b5%cf%81%ce%b3%ce%b1","status":"publish","type":"page","link":"https:\/\/deezen.gr\/de\/%ce%b5%cf%81%ce%b3%ce%b1\/","title":{"rendered":"Funktioniert"},"content":{"rendered":"<div data-elementor-type=\"wp-page\" data-elementor-id=\"5797\" class=\"elementor elementor-5797\" data-elementor-settings=\"{&quot;ha_cmc_init_switcher&quot;:&quot;no&quot;}\" data-elementor-post-type=\"page\">\n\t\t\t\t\t\t<section class=\"elementor-section elementor-top-section elementor-element elementor-element-2be5285 elementor-section-full_width elementor-section-height-default elementor-section-height-default\" data-id=\"2be5285\" data-element_type=\"section\" data-settings=\"{&quot;_ha_eqh_enable&quot;:false}\">\n\t\t\t\t\t\t<div class=\"elementor-container elementor-column-gap-wide\">\n\t\t\t\t\t<div class=\"elementor-column elementor-col-100 elementor-top-column elementor-element elementor-element-757c9a4 ot-flex-column-vertical\" data-id=\"757c9a4\" data-element_type=\"column\">\n\t\t\t<div class=\"elementor-widget-wrap elementor-element-populated\">\n\t\t\t\t\t\t<div class=\"elementor-element elementor-element-5616841 elementor-widget elementor-widget-ipfilter\" data-id=\"5616841\" data-element_type=\"widget\" data-widget_type=\"ipfilter.default\">\n\t\t\t\t<div class=\"elementor-widget-container\">\n\t\t\t\t\t\n\t\t<div class=\"project-filter-wrapper\">\n\t\t\t\t        \t<div class=\"container\">\n\t        \t\t<ul class=\"project_filters\">\n\t        \t\t\t\t        \t\t\t \t<li><a href=\"#\" data-filter=\"*\" class=\"selected btn-details\">Alles<span class=\"filter-count\"><\/span><\/a><\/li>\n\t        \t\t\t\t\t                \t\t                \t<li>\n\t\t\t\t\t\t\t\t<a class=\"btn-details\" href='#' data-filter='.category-33'>Messest\u00e4nde<span class=\"filter-count\"><\/span><\/a>\n\t\t\t\t\t\t\t<\/li>\t                   \n\t\t                \t\t                \t<li>\n\t\t\t\t\t\t\t\t<a class=\"btn-details\" href='#' data-filter='.category-35'>Konferenzkioske<span class=\"filter-count\"><\/span><\/a>\n\t\t\t\t\t\t\t<\/li>\t                   \n\t\t                \t\t                \t<li>\n\t\t\t\t\t\t\t\t<a class=\"btn-details\" href='#' data-filter='.category-38'>Renovierungen von Gesch\u00e4ftsr\u00e4umen<span class=\"filter-count\"><\/span><\/a>\n\t\t\t\t\t\t\t<\/li>\t                   \n\t\t                \t\t                \t<li>\n\t\t\t\t\t\t\t\t<a class=\"btn-details\" href='#' data-filter='.category-39'>Hausrenovierung<span class=\"filter-count\"><\/span><\/a>\n\t\t\t\t\t\t\t<\/li>\t                   \n\t\t                \t\t                \t<li>\n\t\t\t\t\t\t\t\t<a class=\"btn-details\" href='#' data-filter='.category-41'>Landschaftsgestaltung<span class=\"filter-count\"><\/span><\/a>\n\t\t\t\t\t\t\t<\/li>\t                   \n\t\t                \t\t\t\t\t<\/ul>\n\t\t\t\t<\/div>\n\t        \t\t\t\t        <div class=\"projects-grid pf_5_cols style-1 img-scale w-auto\" data-load=\"3\" data-count=\"59\">\n\t\t\t<div class=\"grid-sizer\"><\/div>\n\t            \n<div class=\"project-item category-39\">\n\t<div class=\"projects-box\">\n\t\t<div class=\"projects-thumbnail\" data-src=\"https:\/\/deezen.gr\/wp-content\/uploads\/2022\/05\/2-2.jpg\" data-sub-html=\"\u039d\u03ad\u03b1 \u039a\u03b7\u03c6\u03b9\u03c3\u03b9\u03ac\">\n\t\t\t<a href=\"https:\/\/deezen.gr\/de\/portfolio\/%ce%bd%ce%ad%ce%b1-%ce%ba%ce%b7%cf%86%ce%b9%cf%83%ce%b9%ce%ac-1\/\">\n\t\t\t\t<img fetchpriority=\"high\" decoding=\"async\" width=\"720\" height=\"720\" src=\"https:\/\/deezen.gr\/wp-content\/uploads\/2022\/05\/2-2-720x720.jpg\" class=\"attachment-theratio-portfolio-thumbnail-grid size-theratio-portfolio-thumbnail-grid wp-post-image\" alt=\"\" srcset=\"https:\/\/deezen.gr\/wp-content\/uploads\/2022\/05\/2-2-720x720.jpg 720w, https:\/\/deezen.gr\/wp-content\/uploads\/2022\/05\/2-2-150x150.jpg 150w\" sizes=\"(max-width: 720px) 100vw, 720px\" \/>\t\t\t<\/a>\n\t\t\t\n\t\t\t<span class=\"overlay\">\n\t\t\t\t<h5>Nea Kifisia<\/h5>\n\t\t\t\t<i class=\"ot-flaticon-add\"><\/i>\n\t\t\t<\/span>\n\t\t<\/div>\n\t\t<div class=\"portfolio-info\">\n\t\t\t<div class=\"portfolio-info-inner\">\n\t\t\t\t<h5><a class=\"title-link\" href=\"https:\/\/deezen.gr\/de\/portfolio\/%ce%bd%ce%ad%ce%b1-%ce%ba%ce%b7%cf%86%ce%b9%cf%83%ce%b9%ce%ac-1\/\" data-src=\"https:\/\/deezen.gr\/wp-content\/uploads\/2022\/05\/2-2.jpg\" data-sub-html=\"\u039d\u03ad\u03b1 \u039a\u03b7\u03c6\u03b9\u03c3\u03b9\u03ac\">Nea Kifisia<\/a><\/h5>\n\t\t\t\t<p class=\"portfolio-cates\"><a href=\"https:\/\/deezen.gr\/de\/portfolio-category\/%ce%b1%ce%bd%ce%b1%ce%ba%ce%b1%ce%af%ce%bd%ce%b9%cf%83%ce%b7-%ce%ba%ce%b1%cf%84%ce%bf%ce%b9%ce%ba%ce%af%ce%b1%cf%82\/\">Hausrenovierung<\/a><\/p> \n\t\t\t<\/div>\n\t\t\t<a class=\"overlay\" href=\"https:\/\/deezen.gr\/de\/portfolio\/%ce%bd%ce%ad%ce%b1-%ce%ba%ce%b7%cf%86%ce%b9%cf%83%ce%b9%ce%ac-1\/\"><\/a>\n\t\t<\/div>\n\t<\/div>\n<\/div>\n<div class=\"project-item category-33\">\n\t<div class=\"projects-box\">\n\t\t<div class=\"projects-thumbnail\" data-src=\"https:\/\/deezen.gr\/wp-content\/uploads\/2022\/10\/XANTHIS_POSIDONIA-min-scaled.jpg\" data-sub-html=\"Xanthis &#8211; POSIDONIA\">\n\t\t\t<a href=\"https:\/\/deezen.gr\/de\/portfolio\/xanthis-posidonia\/\">\n\t\t\t\t<img decoding=\"async\" width=\"720\" height=\"720\" data-src=\"https:\/\/deezen.gr\/wp-content\/uploads\/2022\/10\/XANTHIS_POSIDONIA-min-720x720.jpg\" class=\"attachment-theratio-portfolio-thumbnail-grid size-theratio-portfolio-thumbnail-grid wp-post-image lazyload\" alt=\"\" data-srcset=\"https:\/\/deezen.gr\/wp-content\/uploads\/2022\/10\/XANTHIS_POSIDONIA-min-720x720.jpg 720w, https:\/\/deezen.gr\/wp-content\/uploads\/2022\/10\/XANTHIS_POSIDONIA-min-150x150.jpg 150w\" data-sizes=\"(max-width: 720px) 100vw, 720px\" src=\"data:image\/svg+xml;base64,PHN2ZyB3aWR0aD0iMSIgaGVpZ2h0PSIxIiB4bWxucz0iaHR0cDovL3d3dy53My5vcmcvMjAwMC9zdmciPjwvc3ZnPg==\" style=\"--smush-placeholder-width: 720px; --smush-placeholder-aspect-ratio: 720\/720;\" \/>\t\t\t<\/a>\n\t\t\t\n\t\t\t<span class=\"overlay\">\n\t\t\t\t<h5>Xanthis \u2013 POSIDONIA<\/h5>\n\t\t\t\t<i class=\"ot-flaticon-add\"><\/i>\n\t\t\t<\/span>\n\t\t<\/div>\n\t\t<div class=\"portfolio-info\">\n\t\t\t<div class=\"portfolio-info-inner\">\n\t\t\t\t<h5><a class=\"title-link\" href=\"https:\/\/deezen.gr\/de\/portfolio\/xanthis-posidonia\/\" data-src=\"https:\/\/deezen.gr\/wp-content\/uploads\/2022\/10\/XANTHIS_POSIDONIA-min-scaled.jpg\" data-sub-html=\"Xanthis &#8211; POSIDONIA\">Xanthis \u2013 POSIDONIA<\/a><\/h5>\n\t\t\t\t<p class=\"portfolio-cates\"><a href=\"https:\/\/deezen.gr\/de\/portfolio-category\/ekthesiaka-periptera\/\">Messest\u00e4nde<\/a><\/p> \n\t\t\t<\/div>\n\t\t\t<a class=\"overlay\" href=\"https:\/\/deezen.gr\/de\/portfolio\/xanthis-posidonia\/\"><\/a>\n\t\t<\/div>\n\t<\/div>\n<\/div>\n<div class=\"project-item category-33\">\n\t<div class=\"projects-box\">\n\t\t<div class=\"projects-thumbnail\" data-src=\"https:\/\/deezen.gr\/wp-content\/uploads\/2022\/10\/VICKERS_POSIDONIA-min-scaled.jpg\" data-sub-html=\"Vickers &#8211; POSIDONIA\">\n\t\t\t<a href=\"https:\/\/deezen.gr\/de\/portfolio\/vickers-posidonia\/\">\n\t\t\t\t<img decoding=\"async\" width=\"720\" height=\"720\" data-src=\"https:\/\/deezen.gr\/wp-content\/uploads\/2022\/10\/VICKERS_POSIDONIA-min-720x720.jpg\" class=\"attachment-theratio-portfolio-thumbnail-grid size-theratio-portfolio-thumbnail-grid wp-post-image lazyload\" alt=\"\" data-srcset=\"https:\/\/deezen.gr\/wp-content\/uploads\/2022\/10\/VICKERS_POSIDONIA-min-720x720.jpg 720w, https:\/\/deezen.gr\/wp-content\/uploads\/2022\/10\/VICKERS_POSIDONIA-min-150x150.jpg 150w\" data-sizes=\"(max-width: 720px) 100vw, 720px\" src=\"data:image\/svg+xml;base64,PHN2ZyB3aWR0aD0iMSIgaGVpZ2h0PSIxIiB4bWxucz0iaHR0cDovL3d3dy53My5vcmcvMjAwMC9zdmciPjwvc3ZnPg==\" style=\"--smush-placeholder-width: 720px; --smush-placeholder-aspect-ratio: 720\/720;\" \/>\t\t\t<\/a>\n\t\t\t\n\t\t\t<span class=\"overlay\">\n\t\t\t\t<h5>Vickers \u2013 Posidonia<\/h5>\n\t\t\t\t<i class=\"ot-flaticon-add\"><\/i>\n\t\t\t<\/span>\n\t\t<\/div>\n\t\t<div class=\"portfolio-info\">\n\t\t\t<div class=\"portfolio-info-inner\">\n\t\t\t\t<h5><a class=\"title-link\" href=\"https:\/\/deezen.gr\/de\/portfolio\/vickers-posidonia\/\" data-src=\"https:\/\/deezen.gr\/wp-content\/uploads\/2022\/10\/VICKERS_POSIDONIA-min-scaled.jpg\" data-sub-html=\"Vickers &#8211; POSIDONIA\">Vickers \u2013 Posidonia<\/a><\/h5>\n\t\t\t\t<p class=\"portfolio-cates\"><a href=\"https:\/\/deezen.gr\/de\/portfolio-category\/ekthesiaka-periptera\/\">Messest\u00e4nde<\/a><\/p> \n\t\t\t<\/div>\n\t\t\t<a class=\"overlay\" href=\"https:\/\/deezen.gr\/de\/portfolio\/vickers-posidonia\/\"><\/a>\n\t\t<\/div>\n\t<\/div>\n<\/div>\n<div class=\"project-item category-33\">\n\t<div class=\"projects-box\">\n\t\t<div class=\"projects-thumbnail\" data-src=\"https:\/\/deezen.gr\/wp-content\/uploads\/2022\/10\/STAMION_PAROUSIES-min-scaled.jpg\" data-sub-html=\"Stamion &#8211; PAROUSIES\">\n\t\t\t<a href=\"https:\/\/deezen.gr\/de\/portfolio\/stamion-parousies\/\">\n\t\t\t\t<img decoding=\"async\" width=\"720\" height=\"720\" data-src=\"https:\/\/deezen.gr\/wp-content\/uploads\/2022\/10\/STAMION_PAROUSIES-min-720x720.jpg\" class=\"attachment-theratio-portfolio-thumbnail-grid size-theratio-portfolio-thumbnail-grid wp-post-image lazyload\" alt=\"\" data-srcset=\"https:\/\/deezen.gr\/wp-content\/uploads\/2022\/10\/STAMION_PAROUSIES-min-720x720.jpg 720w, https:\/\/deezen.gr\/wp-content\/uploads\/2022\/10\/STAMION_PAROUSIES-min-150x150.jpg 150w\" data-sizes=\"(max-width: 720px) 100vw, 720px\" src=\"data:image\/svg+xml;base64,PHN2ZyB3aWR0aD0iMSIgaGVpZ2h0PSIxIiB4bWxucz0iaHR0cDovL3d3dy53My5vcmcvMjAwMC9zdmciPjwvc3ZnPg==\" style=\"--smush-placeholder-width: 720px; --smush-placeholder-aspect-ratio: 720\/720;\" \/>\t\t\t<\/a>\n\t\t\t\n\t\t\t<span class=\"overlay\">\n\t\t\t\t<h5>Stamion \u2013 PARAUSIEN<\/h5>\n\t\t\t\t<i class=\"ot-flaticon-add\"><\/i>\n\t\t\t<\/span>\n\t\t<\/div>\n\t\t<div class=\"portfolio-info\">\n\t\t\t<div class=\"portfolio-info-inner\">\n\t\t\t\t<h5><a class=\"title-link\" href=\"https:\/\/deezen.gr\/de\/portfolio\/stamion-parousies\/\" data-src=\"https:\/\/deezen.gr\/wp-content\/uploads\/2022\/10\/STAMION_PAROUSIES-min-scaled.jpg\" data-sub-html=\"Stamion &#8211; PAROUSIES\">Stamion \u2013 PARAUSIEN<\/a><\/h5>\n\t\t\t\t<p class=\"portfolio-cates\"><a href=\"https:\/\/deezen.gr\/de\/portfolio-category\/ekthesiaka-periptera\/\">Messest\u00e4nde<\/a><\/p> \n\t\t\t<\/div>\n\t\t\t<a class=\"overlay\" href=\"https:\/\/deezen.gr\/de\/portfolio\/stamion-parousies\/\"><\/a>\n\t\t<\/div>\n\t<\/div>\n<\/div>\n<div class=\"project-item category-33\">\n\t<div class=\"projects-box\">\n\t\t<div class=\"projects-thumbnail\" data-src=\"https:\/\/deezen.gr\/wp-content\/uploads\/2022\/10\/SABO_VERDE-TECH-min-scaled.jpg\" data-sub-html=\"Sabo &#8211; VERDE TECH\">\n\t\t\t<a href=\"https:\/\/deezen.gr\/de\/portfolio\/sabo-verde-tech\/\">\n\t\t\t\t<img decoding=\"async\" width=\"720\" height=\"720\" data-src=\"https:\/\/deezen.gr\/wp-content\/uploads\/2022\/10\/SABO_VERDE-TECH-min-720x720.jpg\" class=\"attachment-theratio-portfolio-thumbnail-grid size-theratio-portfolio-thumbnail-grid wp-post-image lazyload\" alt=\"\" data-srcset=\"https:\/\/deezen.gr\/wp-content\/uploads\/2022\/10\/SABO_VERDE-TECH-min-720x720.jpg 720w, https:\/\/deezen.gr\/wp-content\/uploads\/2022\/10\/SABO_VERDE-TECH-min-150x150.jpg 150w\" data-sizes=\"(max-width: 720px) 100vw, 720px\" src=\"data:image\/svg+xml;base64,PHN2ZyB3aWR0aD0iMSIgaGVpZ2h0PSIxIiB4bWxucz0iaHR0cDovL3d3dy53My5vcmcvMjAwMC9zdmciPjwvc3ZnPg==\" style=\"--smush-placeholder-width: 720px; --smush-placeholder-aspect-ratio: 720\/720;\" \/>\t\t\t<\/a>\n\t\t\t\n\t\t\t<span class=\"overlay\">\n\t\t\t\t<h5>Sabo \u2013 VERDE TECH<\/h5>\n\t\t\t\t<i class=\"ot-flaticon-add\"><\/i>\n\t\t\t<\/span>\n\t\t<\/div>\n\t\t<div class=\"portfolio-info\">\n\t\t\t<div class=\"portfolio-info-inner\">\n\t\t\t\t<h5><a class=\"title-link\" href=\"https:\/\/deezen.gr\/de\/portfolio\/sabo-verde-tech\/\" data-src=\"https:\/\/deezen.gr\/wp-content\/uploads\/2022\/10\/SABO_VERDE-TECH-min-scaled.jpg\" data-sub-html=\"Sabo &#8211; VERDE TECH\">Sabo \u2013 VERDE TECH<\/a><\/h5>\n\t\t\t\t<p class=\"portfolio-cates\"><a href=\"https:\/\/deezen.gr\/de\/portfolio-category\/ekthesiaka-periptera\/\">Messest\u00e4nde<\/a><\/p> \n\t\t\t<\/div>\n\t\t\t<a class=\"overlay\" href=\"https:\/\/deezen.gr\/de\/portfolio\/sabo-verde-tech\/\"><\/a>\n\t\t<\/div>\n\t<\/div>\n<\/div>\n<div class=\"project-item category-33\">\n\t<div class=\"projects-box\">\n\t\t<div class=\"projects-thumbnail\" data-src=\"https:\/\/deezen.gr\/wp-content\/uploads\/2022\/10\/SABO_TECNA-min-scaled.jpg\" data-sub-html=\"Sabo &#8211; TECNA\">\n\t\t\t<a href=\"https:\/\/deezen.gr\/de\/portfolio\/sabo-tecna\/\">\n\t\t\t\t<img decoding=\"async\" width=\"720\" height=\"720\" data-src=\"https:\/\/deezen.gr\/wp-content\/uploads\/2022\/10\/SABO_TECNA-min-720x720.jpg\" class=\"attachment-theratio-portfolio-thumbnail-grid size-theratio-portfolio-thumbnail-grid wp-post-image lazyload\" alt=\"\" data-srcset=\"https:\/\/deezen.gr\/wp-content\/uploads\/2022\/10\/SABO_TECNA-min-720x720.jpg 720w, https:\/\/deezen.gr\/wp-content\/uploads\/2022\/10\/SABO_TECNA-min-150x150.jpg 150w\" data-sizes=\"(max-width: 720px) 100vw, 720px\" src=\"data:image\/svg+xml;base64,PHN2ZyB3aWR0aD0iMSIgaGVpZ2h0PSIxIiB4bWxucz0iaHR0cDovL3d3dy53My5vcmcvMjAwMC9zdmciPjwvc3ZnPg==\" style=\"--smush-placeholder-width: 720px; --smush-placeholder-aspect-ratio: 720\/720;\" \/>\t\t\t<\/a>\n\t\t\t\n\t\t\t<span class=\"overlay\">\n\t\t\t\t<h5>Sabo \u2013 TECNA<\/h5>\n\t\t\t\t<i class=\"ot-flaticon-add\"><\/i>\n\t\t\t<\/span>\n\t\t<\/div>\n\t\t<div class=\"portfolio-info\">\n\t\t\t<div class=\"portfolio-info-inner\">\n\t\t\t\t<h5><a class=\"title-link\" href=\"https:\/\/deezen.gr\/de\/portfolio\/sabo-tecna\/\" data-src=\"https:\/\/deezen.gr\/wp-content\/uploads\/2022\/10\/SABO_TECNA-min-scaled.jpg\" data-sub-html=\"Sabo &#8211; TECNA\">Sabo \u2013 TECNA<\/a><\/h5>\n\t\t\t\t<p class=\"portfolio-cates\"><a href=\"https:\/\/deezen.gr\/de\/portfolio-category\/ekthesiaka-periptera\/\">Messest\u00e4nde<\/a><\/p> \n\t\t\t<\/div>\n\t\t\t<a class=\"overlay\" href=\"https:\/\/deezen.gr\/de\/portfolio\/sabo-tecna\/\"><\/a>\n\t\t<\/div>\n\t<\/div>\n<\/div>\t\t\t<\/div>\n\n\t\t\t\t    <\/div>\n\t\t\t\t\t\t\t\t\t\t\n\t    \t\t\t\t<\/div>\n\t\t\t\t<\/div>\n\t\t\t\t\t<\/div>\n\t\t<\/div>\n\t\t\t\t\t<\/div>\n\t\t<\/section>\n\t\t\t\t<\/div>","protected":false},"excerpt":{"rendered":"<p>Alle Messest\u00e4nde Konferenzst\u00e4nde Renovierungen von Gesch\u00e4ftsr\u00e4umen Renovierungen von Wohnungen Landschaftsgestaltung Au\u00dfenraum \u2013 Chalkida Au\u00dfenraum \u2013 Chalkida Landschaftsbau Au\u00dfenraum \u2013 Nea Makri Au\u00dfenraum \u2013 Nea Makri Landschaftsbau Au\u00dfenraum \u2013 Nea Kifissia Au\u00dfenraum \u2013 Nea Kifissia Landschaftsbau Dachgarten Griechischer Dachgarten [ \u2026]<\/p>","protected":false},"author":1,"featured_media":5798,"parent":0,"menu_order":0,"comment_status":"closed","ping_status":"closed","template":"elementor_header_footer","meta":{"footnotes":""},"class_list":["post-5797","page","type-page","status-publish","has-post-thumbnail","hentry"],"_links":{"self":[{"href":"https:\/\/deezen.gr\/de\/wp-json\/wp\/v2\/pages\/5797","targetHints":{"allow":["GET"]}}],"collection":[{"href":"https:\/\/deezen.gr\/de\/wp-json\/wp\/v2\/pages"}],"about":[{"href":"https:\/\/deezen.gr\/de\/wp-json\/wp\/v2\/types\/page"}],"author":[{"embeddable":true,"href":"https:\/\/deezen.gr\/de\/wp-json\/wp\/v2\/users\/1"}],"replies":[{"embeddable":true,"href":"https:\/\/deezen.gr\/de\/wp-json\/wp\/v2\/comments?post=5797"}],"version-history":[{"count":38,"href":"https:\/\/deezen.gr\/de\/wp-json\/wp\/v2\/pages\/5797\/revisions"}],"predecessor-version":[{"id":7101,"href":"https:\/\/deezen.gr\/de\/wp-json\/wp\/v2\/pages\/5797\/revisions\/7101"}],"wp:featuredmedia":[{"embeddable":true,"href":"https:\/\/deezen.gr\/de\/wp-json\/wp\/v2\/media\/5798"}],"wp:attachment":[{"href":"https:\/\/deezen.gr\/de\/wp-json\/wp\/v2\/media?parent=5797"}],"curies":[{"name":"wp","href":"https:\/\/api.w.org\/{rel}","templated":true}]}}