{"id":5379,"date":"2022-05-17T06:52:42","date_gmt":"2022-05-17T06:52:42","guid":{"rendered":"https:\/\/demo.deezen.gr\/?page_id=5379"},"modified":"2022-09-15T07:23:16","modified_gmt":"2022-09-15T07:23:16","slug":"diamorfosi-perivallonton-choron","status":"publish","type":"page","link":"https:\/\/deezen.gr\/de\/anakainiseis\/diamorfosi-perivallonton-choron\/","title":{"rendered":"Landschaftsgestaltung"},"content":{"rendered":"<div data-elementor-type=\"wp-page\" data-elementor-id=\"5379\" class=\"elementor elementor-5379\" data-elementor-settings=\"{&quot;ha_cmc_init_switcher&quot;:&quot;no&quot;}\" data-elementor-post-type=\"page\">\n\t\t\t\t\t\t<section class=\"elementor-section elementor-top-section elementor-element elementor-element-536e8cd4 elementor-section-content-middle elementor-section-boxed elementor-section-height-default elementor-section-height-default\" data-id=\"536e8cd4\" data-element_type=\"section\" data-settings=\"{&quot;_ha_eqh_enable&quot;:false}\">\n\t\t\t\t\t\t<div class=\"elementor-container elementor-column-gap-extended\">\n\t\t\t\t\t<div class=\"elementor-column elementor-col-50 elementor-top-column elementor-element elementor-element-6b54518f ot-column-items-top elementor-hidden-mobile ot-flex-column-vertical\" data-id=\"6b54518f\" data-element_type=\"column\">\n\t\t\t<div class=\"elementor-widget-wrap elementor-element-populated\">\n\t\t\t\t\t\t<div class=\"elementor-element elementor-element-22ae776 elementor-widget elementor-widget-text-editor\" data-id=\"22ae776\" data-element_type=\"widget\" data-widget_type=\"text-editor.default\">\n\t\t\t\t<div class=\"elementor-widget-container\">\n\t\t\t\t\t\t\t\t\t<p>Dienstleistungen<\/p><h2 class=\"translation-block\">Gestaltung von Au\u00dfenbereichen<\/h2>\t\t\t\t\t\t\t\t<\/div>\n\t\t\t\t<\/div>\n\t\t\t\t\t<\/div>\n\t\t<\/div>\n\t\t\t\t<div class=\"elementor-column elementor-col-50 elementor-top-column elementor-element elementor-element-696c6d80 ot-flex-column-vertical\" data-id=\"696c6d80\" data-element_type=\"column\">\n\t\t\t<div class=\"elementor-widget-wrap elementor-element-populated\">\n\t\t\t\t\t\t<div class=\"elementor-element elementor-element-78310099 elementor-widget elementor-widget-text-editor\" data-id=\"78310099\" data-element_type=\"widget\" data-widget_type=\"text-editor.default\">\n\t\t\t\t<div class=\"elementor-widget-container\">\n\t\t\t\t\t\t\t\t\t<p>Anfangs scheint es sehr einfach zu sein, Gartenm\u00f6bel auf einem Balkon oder einem Dach zu platzieren, aber es ist nicht nur das.<\/p><p>Die Gestaltung des Au\u00dfenbereiches sollte gut durchdacht werden. Insbesondere f\u00fcr gro\u00dfe R\u00e4ume oder D\u00e4cher, die in Terrassen umgewandelt werden. Dabei gilt es auch immer die Elemente zu ber\u00fccksichtigen, die nicht nur die \u00c4sthetik, sondern vor allem die Funktionalit\u00e4t des Raumes bestimmen, wie die Richtung der Sonne, der Wind, der gew\u00fcnschte Schatten, oder auch die Wahl\nder richtigen M\u00f6bel passend zur Nutzung des Bereiches und vieles mehr<\/p>\t\t\t\t\t\t\t\t<\/div>\n\t\t\t\t<\/div>\n\t\t\t\t\t<\/div>\n\t\t<\/div>\n\t\t\t\t\t<\/div>\n\t\t<\/section>\n\t\t\t\t<section class=\"elementor-section elementor-top-section elementor-element elementor-element-e641897 elementor-section-boxed elementor-section-height-default elementor-section-height-default\" data-id=\"e641897\" data-element_type=\"section\" data-settings=\"{&quot;_ha_eqh_enable&quot;:false}\">\n\t\t\t\t\t\t<div class=\"elementor-container elementor-column-gap-narrow\">\n\t\t\t\t\t<div class=\"elementor-column elementor-col-100 elementor-top-column elementor-element elementor-element-a58d382 ot-flex-column-vertical\" data-id=\"a58d382\" data-element_type=\"column\">\n\t\t\t<div class=\"elementor-widget-wrap elementor-element-populated\">\n\t\t\t\t\t\t<div class=\"elementor-element elementor-element-54c2bc2 elementor-widget elementor-widget-ipfilter\" data-id=\"54c2bc2\" data-element_type=\"widget\" data-widget_type=\"ipfilter.default\">\n\t\t\t\t<div class=\"elementor-widget-container\">\n\t\t\t\t\t\n\t\t<div class=\"project-filter-wrapper\">\n\t\t\t\t\t\t\t        <div class=\"projects-grid pf_3_cols style-1 img-scale w-auto\" data-load=\"\" data-count=\"9\">\n\t\t\t<div class=\"grid-sizer\"><\/div>\n\t            \n<div class=\"project-item category-41\">\n\t<div class=\"projects-box\">\n\t\t<div class=\"projects-thumbnail\" data-src=\"https:\/\/deezen.gr\/wp-content\/uploads\/2022\/08\/SABO-verada_020002.jpg\" data-sub-html=\"Roof Garden \u0395\u03cd\u03b2\u03bf\u03b9\u03b1\">\n\t\t\t<a href=\"https:\/\/deezen.gr\/de\/portfolio\/roof-garden-2\/\">\n\t\t\t\t<img fetchpriority=\"high\" decoding=\"async\" width=\"720\" height=\"720\" src=\"https:\/\/deezen.gr\/wp-content\/uploads\/2022\/08\/SABO-verada_020002-720x720.jpg\" class=\"attachment-theratio-portfolio-thumbnail-grid size-theratio-portfolio-thumbnail-grid wp-post-image\" alt=\"\" srcset=\"https:\/\/deezen.gr\/wp-content\/uploads\/2022\/08\/SABO-verada_020002-720x720.jpg 720w, https:\/\/deezen.gr\/wp-content\/uploads\/2022\/08\/SABO-verada_020002-150x150.jpg 150w\" sizes=\"(max-width: 720px) 100vw, 720px\" \/>\t\t\t<\/a>\n\t\t\t\n\t\t\t<span class=\"overlay\">\n\t\t\t\t<h5>Dachgarten Eub\u00f6a<\/h5>\n\t\t\t\t<i class=\"ot-flaticon-add\"><\/i>\n\t\t\t<\/span>\n\t\t<\/div>\n\t\t<div class=\"portfolio-info\">\n\t\t\t<div class=\"portfolio-info-inner\">\n\t\t\t\t<h5><a class=\"title-link\" href=\"https:\/\/deezen.gr\/de\/portfolio\/roof-garden-2\/\" data-src=\"https:\/\/deezen.gr\/wp-content\/uploads\/2022\/08\/SABO-verada_020002.jpg\" data-sub-html=\"Roof Garden \u0395\u03cd\u03b2\u03bf\u03b9\u03b1\">Dachgarten Eub\u00f6a<\/a><\/h5>\n\t\t\t\t<p class=\"portfolio-cates\"><a href=\"https:\/\/deezen.gr\/de\/portfolio-category\/%ce%b4%ce%b9%ce%b1%ce%bc%cf%8c%cf%81%cf%86%cf%89%cf%83%ce%b7-%cf%80%ce%b5%cf%81%ce%b9%ce%b2%ce%b1%ce%bb%ce%bb%cf%8c%ce%bd%cf%84%cf%89%ce%bd-%cf%87%cf%8e%cf%81%cf%89%ce%bd\/\">Landschaftsgestaltung<\/a><\/p> \n\t\t\t<\/div>\n\t\t\t<a class=\"overlay\" href=\"https:\/\/deezen.gr\/de\/portfolio\/roof-garden-2\/\"><\/a>\n\t\t<\/div>\n\t<\/div>\n<\/div>\n<div class=\"project-item category-41\">\n\t<div class=\"projects-box\">\n\t\t<div class=\"projects-thumbnail\" data-src=\"https:\/\/deezen.gr\/wp-content\/uploads\/2022\/08\/01.jpg\" data-sub-html=\"Roof Garden \u0391\u03c1\u03b3\u03c5\u03c1\u03bf\u03cd\u03c0\u03bf\u03bb\u03b7\">\n\t\t\t<a href=\"https:\/\/deezen.gr\/de\/portfolio\/roof-garden\/\">\n\t\t\t\t<img decoding=\"async\" width=\"720\" height=\"720\" data-src=\"https:\/\/deezen.gr\/wp-content\/uploads\/2022\/08\/01-720x720.jpg\" class=\"attachment-theratio-portfolio-thumbnail-grid size-theratio-portfolio-thumbnail-grid wp-post-image lazyload\" alt=\"\" data-srcset=\"https:\/\/deezen.gr\/wp-content\/uploads\/2022\/08\/01-720x720.jpg 720w, https:\/\/deezen.gr\/wp-content\/uploads\/2022\/08\/01-150x150.jpg 150w\" data-sizes=\"(max-width: 720px) 100vw, 720px\" src=\"data:image\/svg+xml;base64,PHN2ZyB3aWR0aD0iMSIgaGVpZ2h0PSIxIiB4bWxucz0iaHR0cDovL3d3dy53My5vcmcvMjAwMC9zdmciPjwvc3ZnPg==\" style=\"--smush-placeholder-width: 720px; --smush-placeholder-aspect-ratio: 720\/720;\" \/>\t\t\t<\/a>\n\t\t\t\n\t\t\t<span class=\"overlay\">\n\t\t\t\t<h5>Dachgarten Argyroupoli<\/h5>\n\t\t\t\t<i class=\"ot-flaticon-add\"><\/i>\n\t\t\t<\/span>\n\t\t<\/div>\n\t\t<div class=\"portfolio-info\">\n\t\t\t<div class=\"portfolio-info-inner\">\n\t\t\t\t<h5><a class=\"title-link\" href=\"https:\/\/deezen.gr\/de\/portfolio\/roof-garden\/\" data-src=\"https:\/\/deezen.gr\/wp-content\/uploads\/2022\/08\/01.jpg\" data-sub-html=\"Roof Garden \u0391\u03c1\u03b3\u03c5\u03c1\u03bf\u03cd\u03c0\u03bf\u03bb\u03b7\">Dachgarten Argyroupoli<\/a><\/h5>\n\t\t\t\t<p class=\"portfolio-cates\"><a href=\"https:\/\/deezen.gr\/de\/portfolio-category\/%ce%b4%ce%b9%ce%b1%ce%bc%cf%8c%cf%81%cf%86%cf%89%cf%83%ce%b7-%cf%80%ce%b5%cf%81%ce%b9%ce%b2%ce%b1%ce%bb%ce%bb%cf%8c%ce%bd%cf%84%cf%89%ce%bd-%cf%87%cf%8e%cf%81%cf%89%ce%bd\/\">Landschaftsgestaltung<\/a><\/p> \n\t\t\t<\/div>\n\t\t\t<a class=\"overlay\" href=\"https:\/\/deezen.gr\/de\/portfolio\/roof-garden\/\"><\/a>\n\t\t<\/div>\n\t<\/div>\n<\/div>\n<div class=\"project-item category-41\">\n\t<div class=\"projects-box\">\n\t\t<div class=\"projects-thumbnail\" data-src=\"https:\/\/deezen.gr\/wp-content\/uploads\/2022\/08\/\u0395\u039e\u03a9\u03a4\u0395\u03a1\u0399\u039a\u039f\u03a3-\u03a7\u03a9\u03a1\u039f\u03a3_\u03a7\u0391\u039b\u039a\u0399\u0394\u0391.jpg\" data-sub-html=\"\u0395\u03be\u03c9\u03c4\u03b5\u03c1\u03b9\u03ba\u03cc\u03c2 \u03c7\u03ce\u03c1\u03bf\u03c2 &#8211; \u03a7\u03b1\u03bb\u03ba\u03af\u03b4\u03b1\">\n\t\t\t<a href=\"https:\/\/deezen.gr\/de\/portfolio\/%ce%b5%ce%be%cf%89%cf%84%ce%b5%cf%81%ce%b9%ce%ba%cf%8c-%cf%87%cf%8e%cf%81%ce%bf%cf%82-%cf%87%ce%b1%ce%bb%ce%ba%ce%af%ce%b4%ce%b1\/\">\n\t\t\t\t<img decoding=\"async\" width=\"600\" height=\"720\" src=\"https:\/\/deezen.gr\/wp-content\/uploads\/2022\/08\/EXOTERIKOS-CHOROS_CHALKIDA-600x720.jpg\" class=\"attachment-theratio-portfolio-thumbnail-grid size-theratio-portfolio-thumbnail-grid wp-post-image\" alt=\"\" srcset=\"\" sizes=\"(max-width: 600px) 100vw, 600px\" data-srcset=\"\" \/>\t\t\t<\/a>\n\t\t\t\n\t\t\t<span class=\"overlay\">\n\t\t\t\t<h5>Au\u00dfenbereich \u2013 Chalkida<\/h5>\n\t\t\t\t<i class=\"ot-flaticon-add\"><\/i>\n\t\t\t<\/span>\n\t\t<\/div>\n\t\t<div class=\"portfolio-info\">\n\t\t\t<div class=\"portfolio-info-inner\">\n\t\t\t\t<h5><a class=\"title-link\" href=\"https:\/\/deezen.gr\/de\/portfolio\/%ce%b5%ce%be%cf%89%cf%84%ce%b5%cf%81%ce%b9%ce%ba%cf%8c-%cf%87%cf%8e%cf%81%ce%bf%cf%82-%cf%87%ce%b1%ce%bb%ce%ba%ce%af%ce%b4%ce%b1\/\" data-src=\"https:\/\/deezen.gr\/wp-content\/uploads\/2022\/08\/\u0395\u039e\u03a9\u03a4\u0395\u03a1\u0399\u039a\u039f\u03a3-\u03a7\u03a9\u03a1\u039f\u03a3_\u03a7\u0391\u039b\u039a\u0399\u0394\u0391.jpg\" data-sub-html=\"\u0395\u03be\u03c9\u03c4\u03b5\u03c1\u03b9\u03ba\u03cc\u03c2 \u03c7\u03ce\u03c1\u03bf\u03c2 &#8211; \u03a7\u03b1\u03bb\u03ba\u03af\u03b4\u03b1\">Au\u00dfenbereich \u2013 Chalkida<\/a><\/h5>\n\t\t\t\t<p class=\"portfolio-cates\"><a href=\"https:\/\/deezen.gr\/de\/portfolio-category\/%ce%b4%ce%b9%ce%b1%ce%bc%cf%8c%cf%81%cf%86%cf%89%cf%83%ce%b7-%cf%80%ce%b5%cf%81%ce%b9%ce%b2%ce%b1%ce%bb%ce%bb%cf%8c%ce%bd%cf%84%cf%89%ce%bd-%cf%87%cf%8e%cf%81%cf%89%ce%bd\/\">Landschaftsgestaltung<\/a><\/p> \n\t\t\t<\/div>\n\t\t\t<a class=\"overlay\" href=\"https:\/\/deezen.gr\/de\/portfolio\/%ce%b5%ce%be%cf%89%cf%84%ce%b5%cf%81%ce%b9%ce%ba%cf%8c-%cf%87%cf%8e%cf%81%ce%bf%cf%82-%cf%87%ce%b1%ce%bb%ce%ba%ce%af%ce%b4%ce%b1\/\"><\/a>\n\t\t<\/div>\n\t<\/div>\n<\/div>\n<div class=\"project-item category-41\">\n\t<div class=\"projects-box\">\n\t\t<div class=\"projects-thumbnail\" data-src=\"https:\/\/deezen.gr\/wp-content\/uploads\/2022\/08\/\u0395\u039e\u03a9\u03a4\u0395\u03a1\u0399\u039a\u039f\u03a3-\u03a7\u03a9\u03a1\u039f\u03a3_\u039d\u0395\u0391-\u039c\u0391\u039a\u03a1\u0397.jpg\" data-sub-html=\"\u0395\u03be\u03c9\u03c4\u03b5\u03c1\u03b9\u03ba\u03cc\u03c2 \u03c7\u03ce\u03c1\u03bf\u03c2 &#8211; \u039d\u03ad\u03b1 \u039c\u03ac\u03ba\u03c1\u03b7\">\n\t\t\t<a href=\"https:\/\/deezen.gr\/de\/portfolio\/%ce%b5%ce%be%cf%89%cf%84%ce%b5%cf%81%ce%b9%ce%ba%cf%8c-%cf%87%cf%8e%cf%81%ce%bf%cf%82-%ce%bd%ce%ad%ce%b1-%ce%bc%ce%ac%ce%ba%cf%81%ce%b7\/\">\n\t\t\t\t<img loading=\"lazy\" decoding=\"async\" width=\"640\" height=\"480\" src=\"https:\/\/deezen.gr\/wp-content\/uploads\/2022\/08\/EXOTERIKOS-CHOROS_NEA-MAKRI.jpg\" class=\"attachment-theratio-portfolio-thumbnail-grid size-theratio-portfolio-thumbnail-grid wp-post-image\" alt=\"\" srcset=\"\" sizes=\"(max-width: 640px) 100vw, 640px\" data-srcset=\"\" \/>\t\t\t<\/a>\n\t\t\t\n\t\t\t<span class=\"overlay\">\n\t\t\t\t<h5>Au\u00dfenbereich \u2013 Nea Makri<\/h5>\n\t\t\t\t<i class=\"ot-flaticon-add\"><\/i>\n\t\t\t<\/span>\n\t\t<\/div>\n\t\t<div class=\"portfolio-info\">\n\t\t\t<div class=\"portfolio-info-inner\">\n\t\t\t\t<h5><a class=\"title-link\" href=\"https:\/\/deezen.gr\/de\/portfolio\/%ce%b5%ce%be%cf%89%cf%84%ce%b5%cf%81%ce%b9%ce%ba%cf%8c-%cf%87%cf%8e%cf%81%ce%bf%cf%82-%ce%bd%ce%ad%ce%b1-%ce%bc%ce%ac%ce%ba%cf%81%ce%b7\/\" data-src=\"https:\/\/deezen.gr\/wp-content\/uploads\/2022\/08\/\u0395\u039e\u03a9\u03a4\u0395\u03a1\u0399\u039a\u039f\u03a3-\u03a7\u03a9\u03a1\u039f\u03a3_\u039d\u0395\u0391-\u039c\u0391\u039a\u03a1\u0397.jpg\" data-sub-html=\"\u0395\u03be\u03c9\u03c4\u03b5\u03c1\u03b9\u03ba\u03cc\u03c2 \u03c7\u03ce\u03c1\u03bf\u03c2 &#8211; \u039d\u03ad\u03b1 \u039c\u03ac\u03ba\u03c1\u03b7\">Au\u00dfenbereich \u2013 Nea Makri<\/a><\/h5>\n\t\t\t\t<p class=\"portfolio-cates\"><a href=\"https:\/\/deezen.gr\/de\/portfolio-category\/%ce%b4%ce%b9%ce%b1%ce%bc%cf%8c%cf%81%cf%86%cf%89%cf%83%ce%b7-%cf%80%ce%b5%cf%81%ce%b9%ce%b2%ce%b1%ce%bb%ce%bb%cf%8c%ce%bd%cf%84%cf%89%ce%bd-%cf%87%cf%8e%cf%81%cf%89%ce%bd\/\">Landschaftsgestaltung<\/a><\/p> \n\t\t\t<\/div>\n\t\t\t<a class=\"overlay\" href=\"https:\/\/deezen.gr\/de\/portfolio\/%ce%b5%ce%be%cf%89%cf%84%ce%b5%cf%81%ce%b9%ce%ba%cf%8c-%cf%87%cf%8e%cf%81%ce%bf%cf%82-%ce%bd%ce%ad%ce%b1-%ce%bc%ce%ac%ce%ba%cf%81%ce%b7\/\"><\/a>\n\t\t<\/div>\n\t<\/div>\n<\/div>\n<div class=\"project-item category-41\">\n\t<div class=\"projects-box\">\n\t\t<div class=\"projects-thumbnail\" data-src=\"https:\/\/deezen.gr\/wp-content\/uploads\/2022\/08\/\u0395\u039e\u03a9\u03a4\u0395\u03a1\u0399\u039a\u039f\u03a3-\u03a7\u03a9\u03a1\u039f\u03a3_\u039d\u0395\u0391-\u039a\u0397\u03a6\u0399\u03a3\u0399\u0391.jpg\" data-sub-html=\"\u0395\u03be\u03c9\u03c4\u03b5\u03c1\u03b9\u03ba\u03cc\u03c2 \u03c7\u03ce\u03c1\u03bf\u03c2 &#8211; \u039d\u03ad\u03b1 \u039a\u03b7\u03c6\u03b9\u03c3\u03b9\u03ac\">\n\t\t\t<a href=\"https:\/\/deezen.gr\/de\/portfolio\/%ce%b5%ce%be%cf%89%cf%84%ce%b5%cf%81%ce%b9%ce%ba%cf%8c-%cf%87%cf%8e%cf%81%ce%bf%cf%82-%ce%bd%ce%ad%ce%b1-%ce%ba%ce%b7%cf%86%ce%b9%cf%83%ce%b9%ce%ac\/\">\n\t\t\t\t<img loading=\"lazy\" decoding=\"async\" width=\"720\" height=\"346\" src=\"https:\/\/deezen.gr\/wp-content\/uploads\/2022\/08\/EXOTERIKOS-CHOROS_NEA-KIFISIA-720x346.jpg\" class=\"attachment-theratio-portfolio-thumbnail-grid size-theratio-portfolio-thumbnail-grid wp-post-image\" alt=\"\" srcset=\"\" sizes=\"(max-width: 720px) 100vw, 720px\" data-srcset=\"\" \/>\t\t\t<\/a>\n\t\t\t\n\t\t\t<span class=\"overlay\">\n\t\t\t\t<h5>Au\u00dfenbereich \u2013 Nea Kifisia<\/h5>\n\t\t\t\t<i class=\"ot-flaticon-add\"><\/i>\n\t\t\t<\/span>\n\t\t<\/div>\n\t\t<div class=\"portfolio-info\">\n\t\t\t<div class=\"portfolio-info-inner\">\n\t\t\t\t<h5><a class=\"title-link\" href=\"https:\/\/deezen.gr\/de\/portfolio\/%ce%b5%ce%be%cf%89%cf%84%ce%b5%cf%81%ce%b9%ce%ba%cf%8c-%cf%87%cf%8e%cf%81%ce%bf%cf%82-%ce%bd%ce%ad%ce%b1-%ce%ba%ce%b7%cf%86%ce%b9%cf%83%ce%b9%ce%ac\/\" data-src=\"https:\/\/deezen.gr\/wp-content\/uploads\/2022\/08\/\u0395\u039e\u03a9\u03a4\u0395\u03a1\u0399\u039a\u039f\u03a3-\u03a7\u03a9\u03a1\u039f\u03a3_\u039d\u0395\u0391-\u039a\u0397\u03a6\u0399\u03a3\u0399\u0391.jpg\" data-sub-html=\"\u0395\u03be\u03c9\u03c4\u03b5\u03c1\u03b9\u03ba\u03cc\u03c2 \u03c7\u03ce\u03c1\u03bf\u03c2 &#8211; \u039d\u03ad\u03b1 \u039a\u03b7\u03c6\u03b9\u03c3\u03b9\u03ac\">Au\u00dfenbereich \u2013 Nea Kifisia<\/a><\/h5>\n\t\t\t\t<p class=\"portfolio-cates\"><a href=\"https:\/\/deezen.gr\/de\/portfolio-category\/%ce%b4%ce%b9%ce%b1%ce%bc%cf%8c%cf%81%cf%86%cf%89%cf%83%ce%b7-%cf%80%ce%b5%cf%81%ce%b9%ce%b2%ce%b1%ce%bb%ce%bb%cf%8c%ce%bd%cf%84%cf%89%ce%bd-%cf%87%cf%8e%cf%81%cf%89%ce%bd\/\">Landschaftsgestaltung<\/a><\/p> \n\t\t\t<\/div>\n\t\t\t<a class=\"overlay\" href=\"https:\/\/deezen.gr\/de\/portfolio\/%ce%b5%ce%be%cf%89%cf%84%ce%b5%cf%81%ce%b9%ce%ba%cf%8c-%cf%87%cf%8e%cf%81%ce%bf%cf%82-%ce%bd%ce%ad%ce%b1-%ce%ba%ce%b7%cf%86%ce%b9%cf%83%ce%b9%ce%ac\/\"><\/a>\n\t\t<\/div>\n\t<\/div>\n<\/div>\n<div class=\"project-item category-41\">\n\t<div class=\"projects-box\">\n\t\t<div class=\"projects-thumbnail\" data-src=\"https:\/\/deezen.gr\/wp-content\/uploads\/2022\/08\/ROOF-GARDEN_\u0395\u039b\u039b\u0397\u039d\u0399\u039a\u039f.jpg\" data-sub-html=\"Roof Garden \u0395\u03bb\u03bb\u03b7\u03bd\u03b9\u03ba\u03cc\">\n\t\t\t<a href=\"https:\/\/deezen.gr\/de\/portfolio\/roof-garden-%ce%b5%ce%bb%ce%bb%ce%b7%ce%bd%ce%b9%ce%ba%cf%8c\/\">\n\t\t\t\t<img loading=\"lazy\" decoding=\"async\" width=\"720\" height=\"720\" src=\"https:\/\/deezen.gr\/wp-content\/uploads\/2022\/08\/ROOF-GARDEN_HELLINIKO-720x720.jpg\" class=\"attachment-theratio-portfolio-thumbnail-grid size-theratio-portfolio-thumbnail-grid wp-post-image\" alt=\"\" srcset=\"\" sizes=\"(max-width: 720px) 100vw, 720px\" data-srcset=\"\" \/>\t\t\t<\/a>\n\t\t\t\n\t\t\t<span class=\"overlay\">\n\t\t\t\t<h5>Griechischer Dachgarten<\/h5>\n\t\t\t\t<i class=\"ot-flaticon-add\"><\/i>\n\t\t\t<\/span>\n\t\t<\/div>\n\t\t<div class=\"portfolio-info\">\n\t\t\t<div class=\"portfolio-info-inner\">\n\t\t\t\t<h5><a class=\"title-link\" href=\"https:\/\/deezen.gr\/de\/portfolio\/roof-garden-%ce%b5%ce%bb%ce%bb%ce%b7%ce%bd%ce%b9%ce%ba%cf%8c\/\" data-src=\"https:\/\/deezen.gr\/wp-content\/uploads\/2022\/08\/ROOF-GARDEN_\u0395\u039b\u039b\u0397\u039d\u0399\u039a\u039f.jpg\" data-sub-html=\"Roof Garden \u0395\u03bb\u03bb\u03b7\u03bd\u03b9\u03ba\u03cc\">Griechischer Dachgarten<\/a><\/h5>\n\t\t\t\t<p class=\"portfolio-cates\"><a href=\"https:\/\/deezen.gr\/de\/portfolio-category\/%ce%b4%ce%b9%ce%b1%ce%bc%cf%8c%cf%81%cf%86%cf%89%cf%83%ce%b7-%cf%80%ce%b5%cf%81%ce%b9%ce%b2%ce%b1%ce%bb%ce%bb%cf%8c%ce%bd%cf%84%cf%89%ce%bd-%cf%87%cf%8e%cf%81%cf%89%ce%bd\/\">Landschaftsgestaltung<\/a><\/p> \n\t\t\t<\/div>\n\t\t\t<a class=\"overlay\" href=\"https:\/\/deezen.gr\/de\/portfolio\/roof-garden-%ce%b5%ce%bb%ce%bb%ce%b7%ce%bd%ce%b9%ce%ba%cf%8c\/\"><\/a>\n\t\t<\/div>\n\t<\/div>\n<\/div>\t\t\t<\/div>\n\n\t\t\t\t    <\/div>\n\t\t\t\t\t\t\t\t\t\t\n\t    \t\t\t\t<\/div>\n\t\t\t\t<\/div>\n\t\t\t\t\t<\/div>\n\t\t<\/div>\n\t\t\t\t\t<\/div>\n\t\t<\/section>\n\t\t\t\t<section class=\"elementor-section elementor-top-section elementor-element elementor-element-77520784 elementor-section-content-middle elementor-section-boxed elementor-section-height-default elementor-section-height-default\" data-id=\"77520784\" data-element_type=\"section\" data-settings=\"{&quot;background_background&quot;:&quot;classic&quot;,&quot;_ha_eqh_enable&quot;:false}\">\n\t\t\t\t\t\t<div class=\"elementor-container elementor-column-gap-extended\">\n\t\t\t\t\t<div class=\"elementor-column elementor-col-66 elementor-top-column elementor-element elementor-element-60b9845a ot-flex-column-vertical\" data-id=\"60b9845a\" data-element_type=\"column\">\n\t\t\t<div class=\"elementor-widget-wrap elementor-element-populated\">\n\t\t\t\t\t\t<div class=\"elementor-element elementor-element-1adc8bd2 elementor-widget elementor-widget-heading\" data-id=\"1adc8bd2\" data-element_type=\"widget\" data-widget_type=\"heading.default\">\n\t\t\t\t<div class=\"elementor-widget-container\">\n\t\t\t\t\t<h2 class=\"elementor-heading-title elementor-size-default\">Wir k\u00f6nnen dir helfen\nKontaktieren Sie uns direkt<\/h2>\t\t\t\t<\/div>\n\t\t\t\t<\/div>\n\t\t\t\t<div class=\"elementor-element elementor-element-5d658700 elementor-widget elementor-widget-text-editor\" data-id=\"5d658700\" data-element_type=\"widget\" data-widget_type=\"text-editor.default\">\n\t\t\t\t<div class=\"elementor-widget-container\">\n\t\t\t\t\t\t\t\t\t<p><span style=\"color: #ffffff;\">Sie ben\u00f6tigen eine professionelle L\u00f6sung f\u00fcr Ihr Unternehmen?<\/span><\/p><p>Arbeiten Sie mit uns zusammen, um ein beeindruckendes Ergebnis f\u00fcr die Werbung Ihres Unternehmens, Ihres Zuhauses oder Ihres Arbeitsplatzes zu schaffen.<\/p>\t\t\t\t\t\t\t\t<\/div>\n\t\t\t\t<\/div>\n\t\t\t\t\t<\/div>\n\t\t<\/div>\n\t\t\t\t<div class=\"elementor-column elementor-col-33 elementor-top-column elementor-element elementor-element-3e4a404a ot-flex-column-vertical\" data-id=\"3e4a404a\" data-element_type=\"column\">\n\t\t\t<div class=\"elementor-widget-wrap elementor-element-populated\">\n\t\t\t\t\t\t<div class=\"elementor-element elementor-element-8e0ff79 elementor-align-right elementor-mobile-align-center elementor-widget elementor-widget-ibutton\" data-id=\"8e0ff79\" data-element_type=\"widget\" data-widget_type=\"ibutton.default\">\n\t\t\t\t<div class=\"elementor-widget-container\">\n\t\t\t\t\t\t\t<div class=\"ot-button\">\n\t\t\t<a href=\"https:\/\/deezen.gr\/de\/contacts\/\" class=\"octf-btn octf-btn-light\">Fragen Sie nach einem kostenlosen,<br> nicht bindendes Angebot!<\/a>\n\t    <\/div>\n\t    \t\t\t\t<\/div>\n\t\t\t\t<\/div>\n\t\t\t\t\t<\/div>\n\t\t<\/div>\n\t\t\t\t\t<\/div>\n\t\t<\/section>\n\t\t\t\t<\/div>","protected":false},"excerpt":{"rendered":"<p>Dienstleistungen Landschaftsgestaltung Auf den ersten Blick scheint es sehr einfach zu sein, die Gartenm\u00f6bel auf einem Balkon oder einer Terrasse zu platzieren, aber Landschaftsgestaltung ist nicht nur das. Ebenso durchdacht und bei besonders gro\u00dfen Fl\u00e4chen oder zu Terrassen zusammengefassten Terrassen sollte die Gestaltung Ihrer Umgebung ebenso durchdacht sein, immer unter Ber\u00fccksichtigung [...]<\/p>","protected":false},"author":1,"featured_media":0,"parent":5337,"menu_order":0,"comment_status":"closed","ping_status":"closed","template":"elementor_header_footer","meta":{"footnotes":""},"class_list":["post-5379","page","type-page","status-publish","hentry"],"_links":{"self":[{"href":"https:\/\/deezen.gr\/de\/wp-json\/wp\/v2\/pages\/5379","targetHints":{"allow":["GET"]}}],"collection":[{"href":"https:\/\/deezen.gr\/de\/wp-json\/wp\/v2\/pages"}],"about":[{"href":"https:\/\/deezen.gr\/de\/wp-json\/wp\/v2\/types\/page"}],"author":[{"embeddable":true,"href":"https:\/\/deezen.gr\/de\/wp-json\/wp\/v2\/users\/1"}],"replies":[{"embeddable":true,"href":"https:\/\/deezen.gr\/de\/wp-json\/wp\/v2\/comments?post=5379"}],"version-history":[{"count":28,"href":"https:\/\/deezen.gr\/de\/wp-json\/wp\/v2\/pages\/5379\/revisions"}],"predecessor-version":[{"id":7411,"href":"https:\/\/deezen.gr\/de\/wp-json\/wp\/v2\/pages\/5379\/revisions\/7411"}],"up":[{"embeddable":true,"href":"https:\/\/deezen.gr\/de\/wp-json\/wp\/v2\/pages\/5337"}],"wp:attachment":[{"href":"https:\/\/deezen.gr\/de\/wp-json\/wp\/v2\/media?parent=5379"}],"curies":[{"name":"wp","href":"https:\/\/api.w.org\/{rel}","templated":true}]}}