{"id":5378,"date":"2022-05-17T06:51:35","date_gmt":"2022-05-17T06:51:35","guid":{"rendered":"https:\/\/demo.deezen.gr\/?page_id=5378"},"modified":"2022-09-15T07:22:56","modified_gmt":"2022-09-15T07:22:56","slug":"anakainisi-katoikias","status":"publish","type":"page","link":"https:\/\/deezen.gr\/de\/anakainiseis\/anakainisi-katoikias\/","title":{"rendered":"Hausrenovierung"},"content":{"rendered":"<div data-elementor-type=\"wp-page\" data-elementor-id=\"5378\" class=\"elementor elementor-5378\" data-elementor-settings=\"{&quot;ha_cmc_init_switcher&quot;:&quot;no&quot;}\" data-elementor-post-type=\"page\">\n\t\t\t\t\t\t<section class=\"elementor-section elementor-top-section elementor-element elementor-element-1e01889c elementor-section-content-middle elementor-section-boxed elementor-section-height-default elementor-section-height-default\" data-id=\"1e01889c\" data-element_type=\"section\" data-settings=\"{&quot;_ha_eqh_enable&quot;:false}\">\n\t\t\t\t\t\t<div class=\"elementor-container elementor-column-gap-extended\">\n\t\t\t\t\t<div class=\"elementor-column elementor-col-50 elementor-top-column elementor-element elementor-element-795b727a ot-column-items-top elementor-hidden-mobile ot-flex-column-vertical\" data-id=\"795b727a\" data-element_type=\"column\">\n\t\t\t<div class=\"elementor-widget-wrap elementor-element-populated\">\n\t\t\t\t\t\t<div class=\"elementor-element elementor-element-228ab224 elementor-widget elementor-widget-text-editor\" data-id=\"228ab224\" data-element_type=\"widget\" data-widget_type=\"text-editor.default\">\n\t\t\t\t<div class=\"elementor-widget-container\">\n\t\t\t\t\t\t\t\t\tDienstleistungen\n<h2>Renovierung von Wohnungen<\/h2>\t\t\t\t\t\t\t\t<\/div>\n\t\t\t\t<\/div>\n\t\t\t\t\t<\/div>\n\t\t<\/div>\n\t\t\t\t<div class=\"elementor-column elementor-col-50 elementor-top-column elementor-element elementor-element-6b87fc2c ot-flex-column-vertical\" data-id=\"6b87fc2c\" data-element_type=\"column\">\n\t\t\t<div class=\"elementor-widget-wrap elementor-element-populated\">\n\t\t\t\t\t\t<div class=\"elementor-element elementor-element-16a6c552 elementor-widget elementor-widget-text-editor\" data-id=\"16a6c552\" data-element_type=\"widget\" data-widget_type=\"text-editor.default\">\n\t\t\t\t<div class=\"elementor-widget-container\">\n\t\t\t\t\t\t\t\t\t<p>Die Renovierung einer Immobilie beginnt oft damit, dass die Menschen mehr Platz ben\u00f6tigen oder weil Ihre Bed\u00fcrfnisse in der aktuellen Wohn- oder Arbeitssituation nicht umsetzbar sind. Unsere Renovierungen beginnen mit einem Raum und k\u00f6nnen bei Bedarf bis hin zur ganzen Immobilie ausgeweitet werden, mit dem Ziel dem Puls des zeitgen\u00f6ssischen Lebensstils zu folgen. Kleine, schmale R\u00e4ume werden gr\u00f6\u00dfer, Sie werden integriert oder werden zu gr\u00f6\u00dferen und funktionaleren R\u00e4umen umgebaut.<\/p><p>Unabh\u00e4ngig davon, ob Sie eine Teil- oder Komplettrenovierung ben\u00f6tigen, ist es wichtig, sich daran zu erinnern, dass eine Renovierung eine Investition ist. Sicherlich eine \u00e4sthetische Investition, aber wir von Deezen glauben an Menschen und wir lieben es, mit ihnen zu arbeiten, weshalb das\nWichtigste f\u00fcr uns nach einer Renovierung der Immobilie die gute psychische Gesundheit der darin lebenden oder arbeitenden Personen ist.<\/p><p>Das Ergebnis einer Renovierung sollte die Verbesserung der Funktionalit\u00e4t und die Erh\u00f6hung des Immobilienwertes sein. Zu Beginn Ihres Vorhabens w\u00e4re es sehr n\u00fctzlich, einen Entwurf zu zeichnen auf dessen Grundlage wir in der Lage sind, Ihre Bed\u00fcrfnisse und Ihr Design zu verstehen\nund einen sowohl funktionalen Raum als auch Raum zum Tr\u00e4umen f\u00fcr jedes einzelne\nFamilienmitglied zu realisieren.<\/p>\t\t\t\t\t\t\t\t<\/div>\n\t\t\t\t<\/div>\n\t\t\t\t\t<\/div>\n\t\t<\/div>\n\t\t\t\t\t<\/div>\n\t\t<\/section>\n\t\t\t\t<section class=\"elementor-section elementor-top-section elementor-element elementor-element-0c2fda7 elementor-section-boxed elementor-section-height-default elementor-section-height-default\" data-id=\"0c2fda7\" data-element_type=\"section\" data-settings=\"{&quot;_ha_eqh_enable&quot;:false}\">\n\t\t\t\t\t\t<div class=\"elementor-container elementor-column-gap-default\">\n\t\t\t\t\t<div class=\"elementor-column elementor-col-100 elementor-top-column elementor-element elementor-element-34652a3 ot-flex-column-vertical\" data-id=\"34652a3\" data-element_type=\"column\">\n\t\t\t<div class=\"elementor-widget-wrap elementor-element-populated\">\n\t\t\t\t\t\t<div class=\"elementor-element elementor-element-4e3fc07 elementor-widget elementor-widget-ipfilter\" data-id=\"4e3fc07\" data-element_type=\"widget\" data-widget_type=\"ipfilter.default\">\n\t\t\t\t<div class=\"elementor-widget-container\">\n\t\t\t\t\t\n\t\t<div class=\"project-filter-wrapper\">\n\t\t\t\t\t\t\t        <div class=\"projects-grid pf_3_cols style-1 img-scale w-auto\" data-load=\"\" data-count=\"7\">\n\t\t\t<div class=\"grid-sizer\"><\/div>\n\t            \n<div class=\"project-item category-39\">\n\t<div class=\"projects-box\">\n\t\t<div class=\"projects-thumbnail\" data-src=\"https:\/\/deezen.gr\/wp-content\/uploads\/2022\/05\/2-2.jpg\" data-sub-html=\"\u039d\u03ad\u03b1 \u039a\u03b7\u03c6\u03b9\u03c3\u03b9\u03ac\">\n\t\t\t<a href=\"https:\/\/deezen.gr\/de\/portfolio\/%ce%bd%ce%ad%ce%b1-%ce%ba%ce%b7%cf%86%ce%b9%cf%83%ce%b9%ce%ac-1\/\">\n\t\t\t\t<img fetchpriority=\"high\" decoding=\"async\" width=\"720\" height=\"720\" src=\"https:\/\/deezen.gr\/wp-content\/uploads\/2022\/05\/2-2-720x720.jpg\" class=\"attachment-theratio-portfolio-thumbnail-grid size-theratio-portfolio-thumbnail-grid wp-post-image\" alt=\"\" srcset=\"https:\/\/deezen.gr\/wp-content\/uploads\/2022\/05\/2-2-720x720.jpg 720w, https:\/\/deezen.gr\/wp-content\/uploads\/2022\/05\/2-2-150x150.jpg 150w\" sizes=\"(max-width: 720px) 100vw, 720px\" \/>\t\t\t<\/a>\n\t\t\t\n\t\t\t<span class=\"overlay\">\n\t\t\t\t<h5>Nea Kifisia<\/h5>\n\t\t\t\t<i class=\"ot-flaticon-add\"><\/i>\n\t\t\t<\/span>\n\t\t<\/div>\n\t\t<div class=\"portfolio-info\">\n\t\t\t<div class=\"portfolio-info-inner\">\n\t\t\t\t<h5><a class=\"title-link\" href=\"https:\/\/deezen.gr\/de\/portfolio\/%ce%bd%ce%ad%ce%b1-%ce%ba%ce%b7%cf%86%ce%b9%cf%83%ce%b9%ce%ac-1\/\" data-src=\"https:\/\/deezen.gr\/wp-content\/uploads\/2022\/05\/2-2.jpg\" data-sub-html=\"\u039d\u03ad\u03b1 \u039a\u03b7\u03c6\u03b9\u03c3\u03b9\u03ac\">Nea Kifisia<\/a><\/h5>\n\t\t\t\t<p class=\"portfolio-cates\"><a href=\"https:\/\/deezen.gr\/de\/portfolio-category\/%ce%b1%ce%bd%ce%b1%ce%ba%ce%b1%ce%af%ce%bd%ce%b9%cf%83%ce%b7-%ce%ba%ce%b1%cf%84%ce%bf%ce%b9%ce%ba%ce%af%ce%b1%cf%82\/\">Hausrenovierung<\/a><\/p> \n\t\t\t<\/div>\n\t\t\t<a class=\"overlay\" href=\"https:\/\/deezen.gr\/de\/portfolio\/%ce%bd%ce%ad%ce%b1-%ce%ba%ce%b7%cf%86%ce%b9%cf%83%ce%b9%ce%ac-1\/\"><\/a>\n\t\t<\/div>\n\t<\/div>\n<\/div>\n<div class=\"project-item category-39\">\n\t<div class=\"projects-box\">\n\t\t<div class=\"projects-thumbnail\" data-src=\"https:\/\/deezen.gr\/wp-content\/uploads\/2022\/05\/8-2.jpg\" data-sub-html=\"\u039b\u03bf\u03c5\u03c4\u03c1\u03ac\u03ba\u03b9\">\n\t\t\t<a href=\"https:\/\/deezen.gr\/de\/portfolio\/%ce%bb%ce%bf%cf%85%cf%84%cf%81%ce%ac%ce%ba%ce%b9\/\">\n\t\t\t\t<img decoding=\"async\" width=\"720\" height=\"720\" data-src=\"https:\/\/deezen.gr\/wp-content\/uploads\/2022\/05\/8-2-720x720.jpg\" class=\"attachment-theratio-portfolio-thumbnail-grid size-theratio-portfolio-thumbnail-grid wp-post-image lazyload\" alt=\"\" data-srcset=\"https:\/\/deezen.gr\/wp-content\/uploads\/2022\/05\/8-2-720x720.jpg 720w, https:\/\/deezen.gr\/wp-content\/uploads\/2022\/05\/8-2-150x150.jpg 150w\" data-sizes=\"(max-width: 720px) 100vw, 720px\" src=\"data:image\/svg+xml;base64,PHN2ZyB3aWR0aD0iMSIgaGVpZ2h0PSIxIiB4bWxucz0iaHR0cDovL3d3dy53My5vcmcvMjAwMC9zdmciPjwvc3ZnPg==\" style=\"--smush-placeholder-width: 720px; --smush-placeholder-aspect-ratio: 720\/720;\" \/>\t\t\t<\/a>\n\t\t\t\n\t\t\t<span class=\"overlay\">\n\t\t\t\t<h5>Loutraki<\/h5>\n\t\t\t\t<i class=\"ot-flaticon-add\"><\/i>\n\t\t\t<\/span>\n\t\t<\/div>\n\t\t<div class=\"portfolio-info\">\n\t\t\t<div class=\"portfolio-info-inner\">\n\t\t\t\t<h5><a class=\"title-link\" href=\"https:\/\/deezen.gr\/de\/portfolio\/%ce%bb%ce%bf%cf%85%cf%84%cf%81%ce%ac%ce%ba%ce%b9\/\" data-src=\"https:\/\/deezen.gr\/wp-content\/uploads\/2022\/05\/8-2.jpg\" data-sub-html=\"\u039b\u03bf\u03c5\u03c4\u03c1\u03ac\u03ba\u03b9\">Loutraki<\/a><\/h5>\n\t\t\t\t<p class=\"portfolio-cates\"><a href=\"https:\/\/deezen.gr\/de\/portfolio-category\/%ce%b1%ce%bd%ce%b1%ce%ba%ce%b1%ce%af%ce%bd%ce%b9%cf%83%ce%b7-%ce%ba%ce%b1%cf%84%ce%bf%ce%b9%ce%ba%ce%af%ce%b1%cf%82\/\">Hausrenovierung<\/a><\/p> \n\t\t\t<\/div>\n\t\t\t<a class=\"overlay\" href=\"https:\/\/deezen.gr\/de\/portfolio\/%ce%bb%ce%bf%cf%85%cf%84%cf%81%ce%ac%ce%ba%ce%b9\/\"><\/a>\n\t\t<\/div>\n\t<\/div>\n<\/div>\n<div class=\"project-item category-39\">\n\t<div class=\"projects-box\">\n\t\t<div class=\"projects-thumbnail\" data-src=\"https:\/\/deezen.gr\/wp-content\/uploads\/2022\/05\/7-2.jpg\" data-sub-html=\"\u03a0\u03b5\u03cd\u03ba\u03b7\">\n\t\t\t<a href=\"https:\/\/deezen.gr\/de\/portfolio\/%cf%80%ce%b5%cf%8d%ce%ba%ce%b7\/\">\n\t\t\t\t<img decoding=\"async\" width=\"720\" height=\"720\" data-src=\"https:\/\/deezen.gr\/wp-content\/uploads\/2022\/05\/7-2-720x720.jpg\" class=\"attachment-theratio-portfolio-thumbnail-grid size-theratio-portfolio-thumbnail-grid wp-post-image lazyload\" alt=\"\" data-srcset=\"https:\/\/deezen.gr\/wp-content\/uploads\/2022\/05\/7-2-720x720.jpg 720w, https:\/\/deezen.gr\/wp-content\/uploads\/2022\/05\/7-2-150x150.jpg 150w\" data-sizes=\"(max-width: 720px) 100vw, 720px\" src=\"data:image\/svg+xml;base64,PHN2ZyB3aWR0aD0iMSIgaGVpZ2h0PSIxIiB4bWxucz0iaHR0cDovL3d3dy53My5vcmcvMjAwMC9zdmciPjwvc3ZnPg==\" style=\"--smush-placeholder-width: 720px; --smush-placeholder-aspect-ratio: 720\/720;\" \/>\t\t\t<\/a>\n\t\t\t\n\t\t\t<span class=\"overlay\">\n\t\t\t\t<h5>Kiefer<\/h5>\n\t\t\t\t<i class=\"ot-flaticon-add\"><\/i>\n\t\t\t<\/span>\n\t\t<\/div>\n\t\t<div class=\"portfolio-info\">\n\t\t\t<div class=\"portfolio-info-inner\">\n\t\t\t\t<h5><a class=\"title-link\" href=\"https:\/\/deezen.gr\/de\/portfolio\/%cf%80%ce%b5%cf%8d%ce%ba%ce%b7\/\" data-src=\"https:\/\/deezen.gr\/wp-content\/uploads\/2022\/05\/7-2.jpg\" data-sub-html=\"\u03a0\u03b5\u03cd\u03ba\u03b7\">Kiefer<\/a><\/h5>\n\t\t\t\t<p class=\"portfolio-cates\"><a href=\"https:\/\/deezen.gr\/de\/portfolio-category\/%ce%b1%ce%bd%ce%b1%ce%ba%ce%b1%ce%af%ce%bd%ce%b9%cf%83%ce%b7-%ce%ba%ce%b1%cf%84%ce%bf%ce%b9%ce%ba%ce%af%ce%b1%cf%82\/\">Hausrenovierung<\/a><\/p> \n\t\t\t<\/div>\n\t\t\t<a class=\"overlay\" href=\"https:\/\/deezen.gr\/de\/portfolio\/%cf%80%ce%b5%cf%8d%ce%ba%ce%b7\/\"><\/a>\n\t\t<\/div>\n\t<\/div>\n<\/div>\n<div class=\"project-item category-39\">\n\t<div class=\"projects-box\">\n\t\t<div class=\"projects-thumbnail\" data-src=\"https:\/\/deezen.gr\/wp-content\/uploads\/2022\/05\/6-2.jpg\" data-sub-html=\"\u039a\u03b7\u03c6\u03b9\u03c3\u03b9\u03ac\">\n\t\t\t<a href=\"https:\/\/deezen.gr\/de\/portfolio\/%ce%ba%ce%b7%cf%86%ce%b9%cf%83%ce%b9%ce%ac\/\">\n\t\t\t\t<img decoding=\"async\" width=\"720\" height=\"720\" data-src=\"https:\/\/deezen.gr\/wp-content\/uploads\/2022\/05\/6-2-720x720.jpg\" class=\"attachment-theratio-portfolio-thumbnail-grid size-theratio-portfolio-thumbnail-grid wp-post-image lazyload\" alt=\"\" data-srcset=\"https:\/\/deezen.gr\/wp-content\/uploads\/2022\/05\/6-2-720x720.jpg 720w, https:\/\/deezen.gr\/wp-content\/uploads\/2022\/05\/6-2-150x150.jpg 150w\" data-sizes=\"(max-width: 720px) 100vw, 720px\" src=\"data:image\/svg+xml;base64,PHN2ZyB3aWR0aD0iMSIgaGVpZ2h0PSIxIiB4bWxucz0iaHR0cDovL3d3dy53My5vcmcvMjAwMC9zdmciPjwvc3ZnPg==\" style=\"--smush-placeholder-width: 720px; --smush-placeholder-aspect-ratio: 720\/720;\" \/>\t\t\t<\/a>\n\t\t\t\n\t\t\t<span class=\"overlay\">\n\t\t\t\t<h5>Kifisia<\/h5>\n\t\t\t\t<i class=\"ot-flaticon-add\"><\/i>\n\t\t\t<\/span>\n\t\t<\/div>\n\t\t<div class=\"portfolio-info\">\n\t\t\t<div class=\"portfolio-info-inner\">\n\t\t\t\t<h5><a class=\"title-link\" href=\"https:\/\/deezen.gr\/de\/portfolio\/%ce%ba%ce%b7%cf%86%ce%b9%cf%83%ce%b9%ce%ac\/\" data-src=\"https:\/\/deezen.gr\/wp-content\/uploads\/2022\/05\/6-2.jpg\" data-sub-html=\"\u039a\u03b7\u03c6\u03b9\u03c3\u03b9\u03ac\">Kifisia<\/a><\/h5>\n\t\t\t\t<p class=\"portfolio-cates\"><a href=\"https:\/\/deezen.gr\/de\/portfolio-category\/%ce%b1%ce%bd%ce%b1%ce%ba%ce%b1%ce%af%ce%bd%ce%b9%cf%83%ce%b7-%ce%ba%ce%b1%cf%84%ce%bf%ce%b9%ce%ba%ce%af%ce%b1%cf%82\/\">Hausrenovierung<\/a><\/p> \n\t\t\t<\/div>\n\t\t\t<a class=\"overlay\" href=\"https:\/\/deezen.gr\/de\/portfolio\/%ce%ba%ce%b7%cf%86%ce%b9%cf%83%ce%b9%ce%ac\/\"><\/a>\n\t\t<\/div>\n\t<\/div>\n<\/div>\n<div class=\"project-item category-39\">\n\t<div class=\"projects-box\">\n\t\t<div class=\"projects-thumbnail\" data-src=\"https:\/\/deezen.gr\/wp-content\/uploads\/2022\/05\/4-2.jpg\" data-sub-html=\"\u03a8\u03c5\u03c7\u03b9\u03ba\u03cc\">\n\t\t\t<a href=\"https:\/\/deezen.gr\/de\/portfolio\/%cf%88%cf%85%cf%87%ce%b9%ce%ba%cf%8c\/\">\n\t\t\t\t<img decoding=\"async\" width=\"720\" height=\"720\" data-src=\"https:\/\/deezen.gr\/wp-content\/uploads\/2022\/05\/4-2-720x720.jpg\" class=\"attachment-theratio-portfolio-thumbnail-grid size-theratio-portfolio-thumbnail-grid wp-post-image lazyload\" alt=\"\" data-srcset=\"https:\/\/deezen.gr\/wp-content\/uploads\/2022\/05\/4-2-720x720.jpg 720w, https:\/\/deezen.gr\/wp-content\/uploads\/2022\/05\/4-2-150x150.jpg 150w\" data-sizes=\"(max-width: 720px) 100vw, 720px\" src=\"data:image\/svg+xml;base64,PHN2ZyB3aWR0aD0iMSIgaGVpZ2h0PSIxIiB4bWxucz0iaHR0cDovL3d3dy53My5vcmcvMjAwMC9zdmciPjwvc3ZnPg==\" style=\"--smush-placeholder-width: 720px; --smush-placeholder-aspect-ratio: 720\/720;\" \/>\t\t\t<\/a>\n\t\t\t\n\t\t\t<span class=\"overlay\">\n\t\t\t\t<h5>Hellseher<\/h5>\n\t\t\t\t<i class=\"ot-flaticon-add\"><\/i>\n\t\t\t<\/span>\n\t\t<\/div>\n\t\t<div class=\"portfolio-info\">\n\t\t\t<div class=\"portfolio-info-inner\">\n\t\t\t\t<h5><a class=\"title-link\" href=\"https:\/\/deezen.gr\/de\/portfolio\/%cf%88%cf%85%cf%87%ce%b9%ce%ba%cf%8c\/\" data-src=\"https:\/\/deezen.gr\/wp-content\/uploads\/2022\/05\/4-2.jpg\" data-sub-html=\"\u03a8\u03c5\u03c7\u03b9\u03ba\u03cc\">Hellseher<\/a><\/h5>\n\t\t\t\t<p class=\"portfolio-cates\"><a href=\"https:\/\/deezen.gr\/de\/portfolio-category\/%ce%b1%ce%bd%ce%b1%ce%ba%ce%b1%ce%af%ce%bd%ce%b9%cf%83%ce%b7-%ce%ba%ce%b1%cf%84%ce%bf%ce%b9%ce%ba%ce%af%ce%b1%cf%82\/\">Hausrenovierung<\/a><\/p> \n\t\t\t<\/div>\n\t\t\t<a class=\"overlay\" href=\"https:\/\/deezen.gr\/de\/portfolio\/%cf%88%cf%85%cf%87%ce%b9%ce%ba%cf%8c\/\"><\/a>\n\t\t<\/div>\n\t<\/div>\n<\/div>\n<div class=\"project-item category-39\">\n\t<div class=\"projects-box\">\n\t\t<div class=\"projects-thumbnail\" data-src=\"https:\/\/deezen.gr\/wp-content\/uploads\/2022\/05\/3-2.jpg\" data-sub-html=\"\u03a0. \u03a6\u03ac\u03bb\u03b7\u03c1\u03bf\">\n\t\t\t<a href=\"https:\/\/deezen.gr\/de\/portfolio\/%cf%80-%cf%86%ce%ac%ce%bb%ce%b7%cf%81%ce%bf\/\">\n\t\t\t\t<img decoding=\"async\" width=\"720\" height=\"720\" data-src=\"https:\/\/deezen.gr\/wp-content\/uploads\/2022\/05\/3-2-720x720.jpg\" class=\"attachment-theratio-portfolio-thumbnail-grid size-theratio-portfolio-thumbnail-grid wp-post-image lazyload\" alt=\"\" data-srcset=\"https:\/\/deezen.gr\/wp-content\/uploads\/2022\/05\/3-2-720x720.jpg 720w, https:\/\/deezen.gr\/wp-content\/uploads\/2022\/05\/3-2-150x150.jpg 150w\" data-sizes=\"(max-width: 720px) 100vw, 720px\" src=\"data:image\/svg+xml;base64,PHN2ZyB3aWR0aD0iMSIgaGVpZ2h0PSIxIiB4bWxucz0iaHR0cDovL3d3dy53My5vcmcvMjAwMC9zdmciPjwvc3ZnPg==\" style=\"--smush-placeholder-width: 720px; --smush-placeholder-aspect-ratio: 720\/720;\" \/>\t\t\t<\/a>\n\t\t\t\n\t\t\t<span class=\"overlay\">\n\t\t\t\t<h5>P.Faliro<\/h5>\n\t\t\t\t<i class=\"ot-flaticon-add\"><\/i>\n\t\t\t<\/span>\n\t\t<\/div>\n\t\t<div class=\"portfolio-info\">\n\t\t\t<div class=\"portfolio-info-inner\">\n\t\t\t\t<h5><a class=\"title-link\" href=\"https:\/\/deezen.gr\/de\/portfolio\/%cf%80-%cf%86%ce%ac%ce%bb%ce%b7%cf%81%ce%bf\/\" data-src=\"https:\/\/deezen.gr\/wp-content\/uploads\/2022\/05\/3-2.jpg\" data-sub-html=\"\u03a0. \u03a6\u03ac\u03bb\u03b7\u03c1\u03bf\">P.Faliro<\/a><\/h5>\n\t\t\t\t<p class=\"portfolio-cates\"><a href=\"https:\/\/deezen.gr\/de\/portfolio-category\/%ce%b1%ce%bd%ce%b1%ce%ba%ce%b1%ce%af%ce%bd%ce%b9%cf%83%ce%b7-%ce%ba%ce%b1%cf%84%ce%bf%ce%b9%ce%ba%ce%af%ce%b1%cf%82\/\">Hausrenovierung<\/a><\/p> \n\t\t\t<\/div>\n\t\t\t<a class=\"overlay\" href=\"https:\/\/deezen.gr\/de\/portfolio\/%cf%80-%cf%86%ce%ac%ce%bb%ce%b7%cf%81%ce%bf\/\"><\/a>\n\t\t<\/div>\n\t<\/div>\n<\/div>\t\t\t<\/div>\n\n\t\t\t\t    <\/div>\n\t\t\t\t\t\t\t\t\t\t\n\t    \t\t\t\t<\/div>\n\t\t\t\t<\/div>\n\t\t\t\t\t<\/div>\n\t\t<\/div>\n\t\t\t\t\t<\/div>\n\t\t<\/section>\n\t\t\t\t<section class=\"elementor-section elementor-top-section elementor-element elementor-element-3368e059 elementor-section-content-middle elementor-section-boxed elementor-section-height-default elementor-section-height-default\" data-id=\"3368e059\" data-element_type=\"section\" data-settings=\"{&quot;background_background&quot;:&quot;classic&quot;,&quot;_ha_eqh_enable&quot;:false}\">\n\t\t\t\t\t\t<div class=\"elementor-container elementor-column-gap-extended\">\n\t\t\t\t\t<div class=\"elementor-column elementor-col-66 elementor-top-column elementor-element elementor-element-572cfca5 ot-flex-column-vertical\" data-id=\"572cfca5\" data-element_type=\"column\">\n\t\t\t<div class=\"elementor-widget-wrap elementor-element-populated\">\n\t\t\t\t\t\t<div class=\"elementor-element elementor-element-3752a034 elementor-widget elementor-widget-heading\" data-id=\"3752a034\" data-element_type=\"widget\" data-widget_type=\"heading.default\">\n\t\t\t\t<div class=\"elementor-widget-container\">\n\t\t\t\t\t<h2 class=\"elementor-heading-title elementor-size-default\">Wir k\u00f6nnen dir helfen\nKontaktieren Sie uns direkt<\/h2>\t\t\t\t<\/div>\n\t\t\t\t<\/div>\n\t\t\t\t<div class=\"elementor-element elementor-element-45730916 elementor-widget elementor-widget-text-editor\" data-id=\"45730916\" data-element_type=\"widget\" data-widget_type=\"text-editor.default\">\n\t\t\t\t<div class=\"elementor-widget-container\">\n\t\t\t\t\t\t\t\t\t<p><span style=\"color: #ffffff;\">Sie ben\u00f6tigen eine professionelle L\u00f6sung f\u00fcr Ihr Unternehmen?<\/span><\/p><p>Arbeiten Sie mit uns zusammen, um ein beeindruckendes Ergebnis f\u00fcr die Werbung Ihres Unternehmens, Ihres Zuhauses oder Ihres Arbeitsplatzes zu schaffen.<\/p>\t\t\t\t\t\t\t\t<\/div>\n\t\t\t\t<\/div>\n\t\t\t\t\t<\/div>\n\t\t<\/div>\n\t\t\t\t<div class=\"elementor-column elementor-col-33 elementor-top-column elementor-element elementor-element-774073a ot-flex-column-vertical\" data-id=\"774073a\" data-element_type=\"column\">\n\t\t\t<div class=\"elementor-widget-wrap elementor-element-populated\">\n\t\t\t\t\t\t<div class=\"elementor-element elementor-element-5cbbddd6 elementor-align-right elementor-mobile-align-center elementor-widget elementor-widget-ibutton\" data-id=\"5cbbddd6\" data-element_type=\"widget\" data-widget_type=\"ibutton.default\">\n\t\t\t\t<div class=\"elementor-widget-container\">\n\t\t\t\t\t\t\t<div class=\"ot-button\">\n\t\t\t<a href=\"https:\/\/deezen.gr\/de\/contacts\/\" class=\"octf-btn octf-btn-light\">Fragen Sie nach einem kostenlosen,<br> nicht bindendes Angebot!<\/a>\n\t    <\/div>\n\t    \t\t\t\t<\/div>\n\t\t\t\t<\/div>\n\t\t\t\t\t<\/div>\n\t\t<\/div>\n\t\t\t\t\t<\/div>\n\t\t<\/section>\n\t\t\t\t<\/div>","protected":false},"excerpt":{"rendered":"<p>Dienstleistungen Wohnungsrenovierung Die Wohnungsrenovierung beginnt einfach, weil Menschen mehr Platz brauchen oder weil ihre Bed\u00fcrfnisse nicht durch die vorhandene Raumkonfiguration erf\u00fcllt werden. Eine Renovierung beginnt in einem Zimmer und kann bei Bedarf auf andere Teile des Hauses mit dem Puls der Moderne ausgedehnt werden [...]<\/p>","protected":false},"author":1,"featured_media":0,"parent":5337,"menu_order":0,"comment_status":"closed","ping_status":"closed","template":"elementor_header_footer","meta":{"footnotes":""},"class_list":["post-5378","page","type-page","status-publish","hentry"],"_links":{"self":[{"href":"https:\/\/deezen.gr\/de\/wp-json\/wp\/v2\/pages\/5378","targetHints":{"allow":["GET"]}}],"collection":[{"href":"https:\/\/deezen.gr\/de\/wp-json\/wp\/v2\/pages"}],"about":[{"href":"https:\/\/deezen.gr\/de\/wp-json\/wp\/v2\/types\/page"}],"author":[{"embeddable":true,"href":"https:\/\/deezen.gr\/de\/wp-json\/wp\/v2\/users\/1"}],"replies":[{"embeddable":true,"href":"https:\/\/deezen.gr\/de\/wp-json\/wp\/v2\/comments?post=5378"}],"version-history":[{"count":25,"href":"https:\/\/deezen.gr\/de\/wp-json\/wp\/v2\/pages\/5378\/revisions"}],"predecessor-version":[{"id":7408,"href":"https:\/\/deezen.gr\/de\/wp-json\/wp\/v2\/pages\/5378\/revisions\/7408"}],"up":[{"embeddable":true,"href":"https:\/\/deezen.gr\/de\/wp-json\/wp\/v2\/pages\/5337"}],"wp:attachment":[{"href":"https:\/\/deezen.gr\/de\/wp-json\/wp\/v2\/media?parent=5378"}],"curies":[{"name":"wp","href":"https:\/\/api.w.org\/{rel}","templated":true}]}}