{"id":5337,"date":"2022-05-16T13:35:59","date_gmt":"2022-05-16T13:35:59","guid":{"rendered":"https:\/\/demo.deezen.gr\/?page_id=5337"},"modified":"2022-09-15T07:22:24","modified_gmt":"2022-09-15T07:22:24","slug":"anakainiseis","status":"publish","type":"page","link":"https:\/\/deezen.gr\/de\/anakainiseis\/","title":{"rendered":"Renovierungsarbeiten"},"content":{"rendered":"<div data-elementor-type=\"wp-page\" data-elementor-id=\"5337\" class=\"elementor elementor-5337\" data-elementor-settings=\"{&quot;ha_cmc_init_switcher&quot;:&quot;no&quot;}\" data-elementor-post-type=\"page\">\n\t\t\t\t\t\t<section class=\"elementor-section elementor-top-section elementor-element elementor-element-53eda798 elementor-section-content-middle elementor-section-boxed elementor-section-height-default elementor-section-height-default\" data-id=\"53eda798\" data-element_type=\"section\" data-settings=\"{&quot;_ha_eqh_enable&quot;:false}\">\n\t\t\t\t\t\t<div class=\"elementor-container elementor-column-gap-extended\">\n\t\t\t\t\t<div class=\"elementor-column elementor-col-50 elementor-top-column elementor-element elementor-element-4f4875f9 ot-column-items-top elementor-hidden-mobile ot-flex-column-vertical\" data-id=\"4f4875f9\" data-element_type=\"column\">\n\t\t\t<div class=\"elementor-widget-wrap elementor-element-populated\">\n\t\t\t\t\t\t<div class=\"elementor-element elementor-element-4466db7f elementor-widget elementor-widget-text-editor\" data-id=\"4466db7f\" data-element_type=\"widget\" data-widget_type=\"text-editor.default\">\n\t\t\t\t<div class=\"elementor-widget-container\">\n\t\t\t\t\t\t\t\t\tDienstleistungen\n<h2>Renovierungsarbeiten<\/h2>\t\t\t\t\t\t\t\t<\/div>\n\t\t\t\t<\/div>\n\t\t\t\t\t<\/div>\n\t\t<\/div>\n\t\t\t\t<div class=\"elementor-column elementor-col-50 elementor-top-column elementor-element elementor-element-76cf1219 ot-flex-column-vertical\" data-id=\"76cf1219\" data-element_type=\"column\">\n\t\t\t<div class=\"elementor-widget-wrap elementor-element-populated\">\n\t\t\t\t\t\t<div class=\"elementor-element elementor-element-11c1d0ee elementor-widget elementor-widget-text-editor\" data-id=\"11c1d0ee\" data-element_type=\"widget\" data-widget_type=\"text-editor.default\">\n\t\t\t\t<div class=\"elementor-widget-container\">\n\t\t\t\t\t\t\t\t\t<p>Deezen bietet eine gro\u00dfe Auswahl an Gestaltungs- und Baum\u00f6glichkeiten f\u00fcr die Inneneinrichtung von Hotels, Restaurants, B\u00fcros, Apotheken, Arztpraxen, Wohnungen, Gesch\u00e4ften undArbeitsbereichen.\n\nVertrauen Sie uns, alles nach Ihren pers\u00f6nlichen Vorstellungen zu realisieren und wir versichern\nIhnen, dass Sie vom Endergebnis begeistert sein werden.<\/p><p>Wir \u00fcbernehmen die Planung und Renovierung Ihrer R\u00e4ume, schnell und kosteng\u00fcnstig, ohne\nversteckte Kosten, mit der Garantie eines gro\u00dfartigen Unternehmens und mit langj\u00e4hriger Erfahrungim Bereich der Konstruktionen und Renovierungen.<br \/>Und vor allem... mit kostenlosen Kostenvoranschl\u00e4gen!<\/p><p>Wir entwerfen und aktualisieren L\u00f6sungen nach Ihren Bed\u00fcrfnissen und Ihrem gew\u00fcnschten\nBudget, denn bei DeeZen glauben wir, dass jeder Kunde seine individuelle L\u00f6sung und Behandlung verdient, um das gew\u00fcnschte Ergebnis zu erzielen.<\/p>\t\t\t\t\t\t\t\t<\/div>\n\t\t\t\t<\/div>\n\t\t\t\t\t<\/div>\n\t\t<\/div>\n\t\t\t\t\t<\/div>\n\t\t<\/section>\n\t\t\t\t<section class=\"elementor-section elementor-top-section elementor-element elementor-element-37d8022 elementor-section-boxed elementor-section-height-default elementor-section-height-default\" data-id=\"37d8022\" data-element_type=\"section\" data-settings=\"{&quot;_ha_eqh_enable&quot;:false}\">\n\t\t\t\t\t\t<div class=\"elementor-container elementor-column-gap-default\">\n\t\t\t\t\t<div class=\"elementor-column elementor-col-100 elementor-top-column elementor-element elementor-element-8d742fe ot-flex-column-vertical\" data-id=\"8d742fe\" data-element_type=\"column\">\n\t\t\t<div class=\"elementor-widget-wrap elementor-element-populated\">\n\t\t\t\t\t\t<div class=\"elementor-element elementor-element-733977d elementor-widget elementor-widget-ipfilter\" data-id=\"733977d\" data-element_type=\"widget\" data-widget_type=\"ipfilter.default\">\n\t\t\t\t<div class=\"elementor-widget-container\">\n\t\t\t\t\t\n\t\t<div class=\"project-filter-wrapper\">\n\t\t\t\t\t\t\t        <div class=\"projects-grid pf_4_cols style-1 img-scale w-auto\" data-load=\"3\" data-count=\"0\">\n\t\t\t<div class=\"grid-sizer\"><\/div>\n\t            \t\t\t<\/div>\n\n\t\t\t\t    <\/div>\n\t\t\t\t\t\t\t\t\t\t\n\t    \t\t\t\t<\/div>\n\t\t\t\t<\/div>\n\t\t\t\t\t<\/div>\n\t\t<\/div>\n\t\t\t\t\t<\/div>\n\t\t<\/section>\n\t\t\t\t<section class=\"elementor-section elementor-top-section elementor-element elementor-element-6402d0ed elementor-section-content-middle elementor-section-boxed elementor-section-height-default elementor-section-height-default\" data-id=\"6402d0ed\" data-element_type=\"section\" data-settings=\"{&quot;background_background&quot;:&quot;classic&quot;,&quot;_ha_eqh_enable&quot;:false}\">\n\t\t\t\t\t\t<div class=\"elementor-container elementor-column-gap-extended\">\n\t\t\t\t\t<div class=\"elementor-column elementor-col-66 elementor-top-column elementor-element elementor-element-345c623a ot-flex-column-vertical\" data-id=\"345c623a\" data-element_type=\"column\">\n\t\t\t<div class=\"elementor-widget-wrap elementor-element-populated\">\n\t\t\t\t\t\t<div class=\"elementor-element elementor-element-3e5df1f2 elementor-widget elementor-widget-heading\" data-id=\"3e5df1f2\" data-element_type=\"widget\" data-widget_type=\"heading.default\">\n\t\t\t\t<div class=\"elementor-widget-container\">\n\t\t\t\t\t<h2 class=\"elementor-heading-title elementor-size-default\">Wir k\u00f6nnen dir helfen\nKontaktieren Sie uns direkt<\/h2>\t\t\t\t<\/div>\n\t\t\t\t<\/div>\n\t\t\t\t<div class=\"elementor-element elementor-element-61b44573 elementor-widget elementor-widget-text-editor\" data-id=\"61b44573\" data-element_type=\"widget\" data-widget_type=\"text-editor.default\">\n\t\t\t\t<div class=\"elementor-widget-container\">\n\t\t\t\t\t\t\t\t\t<p><span style=\"color: #ffffff;\">Sie ben\u00f6tigen eine professionelle L\u00f6sung f\u00fcr Ihr Unternehmen?<\/span><\/p><p>Arbeiten Sie mit uns zusammen, um ein beeindruckendes Ergebnis f\u00fcr die Werbung Ihres Unternehmens, Ihres Zuhauses oder Ihres Arbeitsplatzes zu schaffen.<\/p>\t\t\t\t\t\t\t\t<\/div>\n\t\t\t\t<\/div>\n\t\t\t\t\t<\/div>\n\t\t<\/div>\n\t\t\t\t<div class=\"elementor-column elementor-col-33 elementor-top-column elementor-element elementor-element-749f305d ot-flex-column-vertical\" data-id=\"749f305d\" data-element_type=\"column\">\n\t\t\t<div class=\"elementor-widget-wrap elementor-element-populated\">\n\t\t\t\t\t\t<div class=\"elementor-element elementor-element-4d1bfbf4 elementor-align-right elementor-mobile-align-center elementor-widget elementor-widget-ibutton\" data-id=\"4d1bfbf4\" data-element_type=\"widget\" data-widget_type=\"ibutton.default\">\n\t\t\t\t<div class=\"elementor-widget-container\">\n\t\t\t\t\t\t\t<div class=\"ot-button\">\n\t\t\t<a href=\"https:\/\/deezen.gr\/de\/contacts\/\" class=\"octf-btn octf-btn-light\">Fragen Sie nach einem kostenlosen,<br> nicht bindendes Angebot!<\/a>\n\t    <\/div>\n\t    \t\t\t\t<\/div>\n\t\t\t\t<\/div>\n\t\t\t\t\t<\/div>\n\t\t<\/div>\n\t\t\t\t\t<\/div>\n\t\t<\/section>\n\t\t\t\t<\/div>","protected":false},"excerpt":{"rendered":"<p>Dienstleistungen Renovierungen Deezen bietet eine Vielzahl von Gestaltungs- und Konstruktionsm\u00f6glichkeiten f\u00fcr die Innenausstattung von Hotels, Restaurants, B\u00fcros, Apotheken, Kliniken, Wohnungen, Gesch\u00e4ften und Gesch\u00e4ftsr\u00e4umen. W\u00e4hlen Sie uns aus, um Ihren ganz pers\u00f6nlichen Vorschlag f\u00fcr Ihren Raum zu machen, und wir sind sicher, dass wir Sie mit unserem Endergebnis beeindrucken werden. Wir \u00fcbernehmen die Studie und [...]<\/p>","protected":false},"author":1,"featured_media":0,"parent":0,"menu_order":0,"comment_status":"closed","ping_status":"closed","template":"","meta":{"footnotes":""},"class_list":["post-5337","page","type-page","status-publish","hentry"],"_links":{"self":[{"href":"https:\/\/deezen.gr\/de\/wp-json\/wp\/v2\/pages\/5337","targetHints":{"allow":["GET"]}}],"collection":[{"href":"https:\/\/deezen.gr\/de\/wp-json\/wp\/v2\/pages"}],"about":[{"href":"https:\/\/deezen.gr\/de\/wp-json\/wp\/v2\/types\/page"}],"author":[{"embeddable":true,"href":"https:\/\/deezen.gr\/de\/wp-json\/wp\/v2\/users\/1"}],"replies":[{"embeddable":true,"href":"https:\/\/deezen.gr\/de\/wp-json\/wp\/v2\/comments?post=5337"}],"version-history":[{"count":25,"href":"https:\/\/deezen.gr\/de\/wp-json\/wp\/v2\/pages\/5337\/revisions"}],"predecessor-version":[{"id":7402,"href":"https:\/\/deezen.gr\/de\/wp-json\/wp\/v2\/pages\/5337\/revisions\/7402"}],"wp:attachment":[{"href":"https:\/\/deezen.gr\/de\/wp-json\/wp\/v2\/media?parent=5337"}],"curies":[{"name":"wp","href":"https:\/\/api.w.org\/{rel}","templated":true}]}}