{"id":5324,"date":"2022-05-16T12:38:08","date_gmt":"2022-05-16T12:38:08","guid":{"rendered":"https:\/\/demo.deezen.gr\/?page_id=5324"},"modified":"2022-09-15T07:19:50","modified_gmt":"2022-09-15T07:19:50","slug":"kataskevi-ekthesiakou-peripterou","status":"publish","type":"page","link":"https:\/\/deezen.gr\/de\/ekthesiaka-periptera\/kataskevi-ekthesiakou-peripterou\/","title":{"rendered":"Bau eines Messestandes"},"content":{"rendered":"<div data-elementor-type=\"wp-page\" data-elementor-id=\"5324\" class=\"elementor elementor-5324\" data-elementor-settings=\"{&quot;ha_cmc_init_switcher&quot;:&quot;no&quot;}\" data-elementor-post-type=\"page\">\n\t\t\t\t\t\t<section class=\"elementor-section elementor-top-section elementor-element elementor-element-2e8d1fb3 elementor-section-content-middle elementor-section-boxed elementor-section-height-default elementor-section-height-default\" data-id=\"2e8d1fb3\" data-element_type=\"section\" data-settings=\"{&quot;_ha_eqh_enable&quot;:false}\">\n\t\t\t\t\t\t<div class=\"elementor-container elementor-column-gap-extended\">\n\t\t\t\t\t<div class=\"elementor-column elementor-col-50 elementor-top-column elementor-element elementor-element-53c37bc1 ot-column-items-top elementor-hidden-mobile ot-flex-column-vertical\" data-id=\"53c37bc1\" data-element_type=\"column\">\n\t\t\t<div class=\"elementor-widget-wrap elementor-element-populated\">\n\t\t\t\t\t\t<div class=\"elementor-element elementor-element-7acaff3f elementor-widget elementor-widget-text-editor\" data-id=\"7acaff3f\" data-element_type=\"widget\" data-widget_type=\"text-editor.default\">\n\t\t\t\t<div class=\"elementor-widget-container\">\n\t\t\t\t\t\t\t\t\tDienstleistungen\n<h2>Aufbau einer Ausstellung\nKiosk<\/h2>\t\t\t\t\t\t\t\t<\/div>\n\t\t\t\t<\/div>\n\t\t\t\t\t<\/div>\n\t\t<\/div>\n\t\t\t\t<div class=\"elementor-column elementor-col-50 elementor-top-column elementor-element elementor-element-75443fe9 ot-flex-column-vertical\" data-id=\"75443fe9\" data-element_type=\"column\">\n\t\t\t<div class=\"elementor-widget-wrap elementor-element-populated\">\n\t\t\t\t\t\t<div class=\"elementor-element elementor-element-25a3f4d3 elementor-widget elementor-widget-text-editor\" data-id=\"25a3f4d3\" data-element_type=\"widget\" data-widget_type=\"text-editor.default\">\n\t\t\t\t<div class=\"elementor-widget-container\">\n\t\t\t\t\t\t\t\t\t<p>Der richtige Aufbau eines Messestandes ist sehr wichtig, da er makellose \u00c4sthetik und\nFunktionalit\u00e4t verbinden muss.<\/p><p>F\u00fcr uns, die wir \u00fcber langj\u00e4hrige Erfahrung im Bau von Messest\u00e4nden und sachkundiges Personal verf\u00fcgen, ist der Aufbau des Standes von gro\u00dfer Bedeutung.<\/p><p>Mit Niederlassungen sowohl in Deutschland als auch in Griechenland k\u00f6nnen wir den Bau von\nSt\u00e4nden in ganz Europa und weltweit \u00fcbernehmen.<\/p><p>Unsere spezialisierten Teams, voll von erfahrenen Ingenieuren, sorgen f\u00fcr die ordnungsgem\u00e4\u00dfe und p\u00fcnktliche Lieferung jedes Projekts. Von einfachsten bis hin zu aktuellsten state-of-the-art Materialien k\u00f6nnen wir das gesamte Spektrum von Anforderungen abdecken, die w\u00e4hrend des Baus auftreten k\u00f6nnen.<\/p><p>Unter besonderer Ber\u00fccksichtigung sowohl der angemessenen Platzierung und Anordnung der\nMaterialien, als auch weiterhin dem Design und Ihrem Zeitplan folgend, stellen wir sicher, dass Sie Ihren Messestand genauso erhalten, wie Sie es sich vorgestellt haben.<\/p><p>Wir entwerfen und konstruieren. Sie m\u00fcssen sich um nichts k\u00fcmmern\u2026 alles ist f\u00fcr Sie bereit!<\/p><p>Jetzt k\u00f6nnen Sie sich auf den Erfolg Ihres Unternehmens konzentrieren.<\/p>\t\t\t\t\t\t\t\t<\/div>\n\t\t\t\t<\/div>\n\t\t\t\t\t<\/div>\n\t\t<\/div>\n\t\t\t\t\t<\/div>\n\t\t<\/section>\n\t\t\t\t<section class=\"elementor-section elementor-top-section elementor-element elementor-element-d093176 elementor-section-boxed elementor-section-height-default elementor-section-height-default\" data-id=\"d093176\" data-element_type=\"section\" data-settings=\"{&quot;_ha_eqh_enable&quot;:false}\">\n\t\t\t\t\t\t<div class=\"elementor-container elementor-column-gap-default\">\n\t\t\t\t\t<div class=\"elementor-column elementor-col-100 elementor-top-column elementor-element elementor-element-a42f661 ot-flex-column-vertical\" data-id=\"a42f661\" data-element_type=\"column\">\n\t\t\t<div class=\"elementor-widget-wrap elementor-element-populated\">\n\t\t\t\t\t\t<div class=\"elementor-element elementor-element-3941326 elementor-widget elementor-widget-ipfilter\" data-id=\"3941326\" data-element_type=\"widget\" data-widget_type=\"ipfilter.default\">\n\t\t\t\t<div class=\"elementor-widget-container\">\n\t\t\t\t\t\n\t\t<div class=\"project-filter-wrapper\">\n\t\t\t\t\t\t\t        <div class=\"projects-grid pf_3_cols style-1 img-scale w-auto\" data-load=\"3\" data-count=\"26\">\n\t\t\t<div class=\"grid-sizer\"><\/div>\n\t            \n<div class=\"project-item category-33\">\n\t<div class=\"projects-box\">\n\t\t<div class=\"projects-thumbnail\" data-src=\"https:\/\/deezen.gr\/wp-content\/uploads\/2022\/10\/XANTHIS_POSIDONIA-min-scaled.jpg\" data-sub-html=\"Xanthis &#8211; POSIDONIA\">\n\t\t\t<a href=\"https:\/\/deezen.gr\/de\/portfolio\/xanthis-posidonia\/\">\n\t\t\t\t<img fetchpriority=\"high\" decoding=\"async\" width=\"720\" height=\"720\" src=\"https:\/\/deezen.gr\/wp-content\/uploads\/2022\/10\/XANTHIS_POSIDONIA-min-720x720.jpg\" class=\"attachment-theratio-portfolio-thumbnail-grid size-theratio-portfolio-thumbnail-grid wp-post-image\" alt=\"\" srcset=\"https:\/\/deezen.gr\/wp-content\/uploads\/2022\/10\/XANTHIS_POSIDONIA-min-720x720.jpg 720w, https:\/\/deezen.gr\/wp-content\/uploads\/2022\/10\/XANTHIS_POSIDONIA-min-150x150.jpg 150w\" sizes=\"(max-width: 720px) 100vw, 720px\" \/>\t\t\t<\/a>\n\t\t\t\n\t\t\t<span class=\"overlay\">\n\t\t\t\t<h5>Xanthis \u2013 POSIDONIA<\/h5>\n\t\t\t\t<i class=\"ot-flaticon-add\"><\/i>\n\t\t\t<\/span>\n\t\t<\/div>\n\t\t<div class=\"portfolio-info\">\n\t\t\t<div class=\"portfolio-info-inner\">\n\t\t\t\t<h5><a class=\"title-link\" href=\"https:\/\/deezen.gr\/de\/portfolio\/xanthis-posidonia\/\" data-src=\"https:\/\/deezen.gr\/wp-content\/uploads\/2022\/10\/XANTHIS_POSIDONIA-min-scaled.jpg\" data-sub-html=\"Xanthis &#8211; POSIDONIA\">Xanthis \u2013 POSIDONIA<\/a><\/h5>\n\t\t\t\t<p class=\"portfolio-cates\"><a href=\"https:\/\/deezen.gr\/de\/portfolio-category\/ekthesiaka-periptera\/\">Messest\u00e4nde<\/a><\/p> \n\t\t\t<\/div>\n\t\t\t<a class=\"overlay\" href=\"https:\/\/deezen.gr\/de\/portfolio\/xanthis-posidonia\/\"><\/a>\n\t\t<\/div>\n\t<\/div>\n<\/div>\n<div class=\"project-item category-33\">\n\t<div class=\"projects-box\">\n\t\t<div class=\"projects-thumbnail\" data-src=\"https:\/\/deezen.gr\/wp-content\/uploads\/2022\/10\/VICKERS_POSIDONIA-min-scaled.jpg\" data-sub-html=\"Vickers &#8211; POSIDONIA\">\n\t\t\t<a href=\"https:\/\/deezen.gr\/de\/portfolio\/vickers-posidonia\/\">\n\t\t\t\t<img decoding=\"async\" width=\"720\" height=\"720\" data-src=\"https:\/\/deezen.gr\/wp-content\/uploads\/2022\/10\/VICKERS_POSIDONIA-min-720x720.jpg\" class=\"attachment-theratio-portfolio-thumbnail-grid size-theratio-portfolio-thumbnail-grid wp-post-image lazyload\" alt=\"\" data-srcset=\"https:\/\/deezen.gr\/wp-content\/uploads\/2022\/10\/VICKERS_POSIDONIA-min-720x720.jpg 720w, https:\/\/deezen.gr\/wp-content\/uploads\/2022\/10\/VICKERS_POSIDONIA-min-150x150.jpg 150w\" data-sizes=\"(max-width: 720px) 100vw, 720px\" src=\"data:image\/svg+xml;base64,PHN2ZyB3aWR0aD0iMSIgaGVpZ2h0PSIxIiB4bWxucz0iaHR0cDovL3d3dy53My5vcmcvMjAwMC9zdmciPjwvc3ZnPg==\" style=\"--smush-placeholder-width: 720px; --smush-placeholder-aspect-ratio: 720\/720;\" \/>\t\t\t<\/a>\n\t\t\t\n\t\t\t<span class=\"overlay\">\n\t\t\t\t<h5>Vickers \u2013 Posidonia<\/h5>\n\t\t\t\t<i class=\"ot-flaticon-add\"><\/i>\n\t\t\t<\/span>\n\t\t<\/div>\n\t\t<div class=\"portfolio-info\">\n\t\t\t<div class=\"portfolio-info-inner\">\n\t\t\t\t<h5><a class=\"title-link\" href=\"https:\/\/deezen.gr\/de\/portfolio\/vickers-posidonia\/\" data-src=\"https:\/\/deezen.gr\/wp-content\/uploads\/2022\/10\/VICKERS_POSIDONIA-min-scaled.jpg\" data-sub-html=\"Vickers &#8211; POSIDONIA\">Vickers \u2013 Posidonia<\/a><\/h5>\n\t\t\t\t<p class=\"portfolio-cates\"><a href=\"https:\/\/deezen.gr\/de\/portfolio-category\/ekthesiaka-periptera\/\">Messest\u00e4nde<\/a><\/p> \n\t\t\t<\/div>\n\t\t\t<a class=\"overlay\" href=\"https:\/\/deezen.gr\/de\/portfolio\/vickers-posidonia\/\"><\/a>\n\t\t<\/div>\n\t<\/div>\n<\/div>\n<div class=\"project-item category-33\">\n\t<div class=\"projects-box\">\n\t\t<div class=\"projects-thumbnail\" data-src=\"https:\/\/deezen.gr\/wp-content\/uploads\/2022\/10\/STAMION_PAROUSIES-min-scaled.jpg\" data-sub-html=\"Stamion &#8211; PAROUSIES\">\n\t\t\t<a href=\"https:\/\/deezen.gr\/de\/portfolio\/stamion-parousies\/\">\n\t\t\t\t<img decoding=\"async\" width=\"720\" height=\"720\" data-src=\"https:\/\/deezen.gr\/wp-content\/uploads\/2022\/10\/STAMION_PAROUSIES-min-720x720.jpg\" class=\"attachment-theratio-portfolio-thumbnail-grid size-theratio-portfolio-thumbnail-grid wp-post-image lazyload\" alt=\"\" data-srcset=\"https:\/\/deezen.gr\/wp-content\/uploads\/2022\/10\/STAMION_PAROUSIES-min-720x720.jpg 720w, https:\/\/deezen.gr\/wp-content\/uploads\/2022\/10\/STAMION_PAROUSIES-min-150x150.jpg 150w\" data-sizes=\"(max-width: 720px) 100vw, 720px\" src=\"data:image\/svg+xml;base64,PHN2ZyB3aWR0aD0iMSIgaGVpZ2h0PSIxIiB4bWxucz0iaHR0cDovL3d3dy53My5vcmcvMjAwMC9zdmciPjwvc3ZnPg==\" style=\"--smush-placeholder-width: 720px; --smush-placeholder-aspect-ratio: 720\/720;\" \/>\t\t\t<\/a>\n\t\t\t\n\t\t\t<span class=\"overlay\">\n\t\t\t\t<h5>Stamion \u2013 PARAUSIEN<\/h5>\n\t\t\t\t<i class=\"ot-flaticon-add\"><\/i>\n\t\t\t<\/span>\n\t\t<\/div>\n\t\t<div class=\"portfolio-info\">\n\t\t\t<div class=\"portfolio-info-inner\">\n\t\t\t\t<h5><a class=\"title-link\" href=\"https:\/\/deezen.gr\/de\/portfolio\/stamion-parousies\/\" data-src=\"https:\/\/deezen.gr\/wp-content\/uploads\/2022\/10\/STAMION_PAROUSIES-min-scaled.jpg\" data-sub-html=\"Stamion &#8211; PAROUSIES\">Stamion \u2013 PARAUSIEN<\/a><\/h5>\n\t\t\t\t<p class=\"portfolio-cates\"><a href=\"https:\/\/deezen.gr\/de\/portfolio-category\/ekthesiaka-periptera\/\">Messest\u00e4nde<\/a><\/p> \n\t\t\t<\/div>\n\t\t\t<a class=\"overlay\" href=\"https:\/\/deezen.gr\/de\/portfolio\/stamion-parousies\/\"><\/a>\n\t\t<\/div>\n\t<\/div>\n<\/div>\n<div class=\"project-item category-33\">\n\t<div class=\"projects-box\">\n\t\t<div class=\"projects-thumbnail\" data-src=\"https:\/\/deezen.gr\/wp-content\/uploads\/2022\/10\/SABO_VERDE-TECH-min-scaled.jpg\" data-sub-html=\"Sabo &#8211; VERDE TECH\">\n\t\t\t<a href=\"https:\/\/deezen.gr\/de\/portfolio\/sabo-verde-tech\/\">\n\t\t\t\t<img decoding=\"async\" width=\"720\" height=\"720\" data-src=\"https:\/\/deezen.gr\/wp-content\/uploads\/2022\/10\/SABO_VERDE-TECH-min-720x720.jpg\" class=\"attachment-theratio-portfolio-thumbnail-grid size-theratio-portfolio-thumbnail-grid wp-post-image lazyload\" alt=\"\" data-srcset=\"https:\/\/deezen.gr\/wp-content\/uploads\/2022\/10\/SABO_VERDE-TECH-min-720x720.jpg 720w, https:\/\/deezen.gr\/wp-content\/uploads\/2022\/10\/SABO_VERDE-TECH-min-150x150.jpg 150w\" data-sizes=\"(max-width: 720px) 100vw, 720px\" src=\"data:image\/svg+xml;base64,PHN2ZyB3aWR0aD0iMSIgaGVpZ2h0PSIxIiB4bWxucz0iaHR0cDovL3d3dy53My5vcmcvMjAwMC9zdmciPjwvc3ZnPg==\" style=\"--smush-placeholder-width: 720px; --smush-placeholder-aspect-ratio: 720\/720;\" \/>\t\t\t<\/a>\n\t\t\t\n\t\t\t<span class=\"overlay\">\n\t\t\t\t<h5>Sabo \u2013 VERDE TECH<\/h5>\n\t\t\t\t<i class=\"ot-flaticon-add\"><\/i>\n\t\t\t<\/span>\n\t\t<\/div>\n\t\t<div class=\"portfolio-info\">\n\t\t\t<div class=\"portfolio-info-inner\">\n\t\t\t\t<h5><a class=\"title-link\" href=\"https:\/\/deezen.gr\/de\/portfolio\/sabo-verde-tech\/\" data-src=\"https:\/\/deezen.gr\/wp-content\/uploads\/2022\/10\/SABO_VERDE-TECH-min-scaled.jpg\" data-sub-html=\"Sabo &#8211; VERDE TECH\">Sabo \u2013 VERDE TECH<\/a><\/h5>\n\t\t\t\t<p class=\"portfolio-cates\"><a href=\"https:\/\/deezen.gr\/de\/portfolio-category\/ekthesiaka-periptera\/\">Messest\u00e4nde<\/a><\/p> \n\t\t\t<\/div>\n\t\t\t<a class=\"overlay\" href=\"https:\/\/deezen.gr\/de\/portfolio\/sabo-verde-tech\/\"><\/a>\n\t\t<\/div>\n\t<\/div>\n<\/div>\n<div class=\"project-item category-33\">\n\t<div class=\"projects-box\">\n\t\t<div class=\"projects-thumbnail\" data-src=\"https:\/\/deezen.gr\/wp-content\/uploads\/2022\/10\/SABO_TECNA-min-scaled.jpg\" data-sub-html=\"Sabo &#8211; TECNA\">\n\t\t\t<a href=\"https:\/\/deezen.gr\/de\/portfolio\/sabo-tecna\/\">\n\t\t\t\t<img decoding=\"async\" width=\"720\" height=\"720\" data-src=\"https:\/\/deezen.gr\/wp-content\/uploads\/2022\/10\/SABO_TECNA-min-720x720.jpg\" class=\"attachment-theratio-portfolio-thumbnail-grid size-theratio-portfolio-thumbnail-grid wp-post-image lazyload\" alt=\"\" data-srcset=\"https:\/\/deezen.gr\/wp-content\/uploads\/2022\/10\/SABO_TECNA-min-720x720.jpg 720w, https:\/\/deezen.gr\/wp-content\/uploads\/2022\/10\/SABO_TECNA-min-150x150.jpg 150w\" data-sizes=\"(max-width: 720px) 100vw, 720px\" src=\"data:image\/svg+xml;base64,PHN2ZyB3aWR0aD0iMSIgaGVpZ2h0PSIxIiB4bWxucz0iaHR0cDovL3d3dy53My5vcmcvMjAwMC9zdmciPjwvc3ZnPg==\" style=\"--smush-placeholder-width: 720px; --smush-placeholder-aspect-ratio: 720\/720;\" \/>\t\t\t<\/a>\n\t\t\t\n\t\t\t<span class=\"overlay\">\n\t\t\t\t<h5>Sabo \u2013 TECNA<\/h5>\n\t\t\t\t<i class=\"ot-flaticon-add\"><\/i>\n\t\t\t<\/span>\n\t\t<\/div>\n\t\t<div class=\"portfolio-info\">\n\t\t\t<div class=\"portfolio-info-inner\">\n\t\t\t\t<h5><a class=\"title-link\" href=\"https:\/\/deezen.gr\/de\/portfolio\/sabo-tecna\/\" data-src=\"https:\/\/deezen.gr\/wp-content\/uploads\/2022\/10\/SABO_TECNA-min-scaled.jpg\" data-sub-html=\"Sabo &#8211; TECNA\">Sabo \u2013 TECNA<\/a><\/h5>\n\t\t\t\t<p class=\"portfolio-cates\"><a href=\"https:\/\/deezen.gr\/de\/portfolio-category\/ekthesiaka-periptera\/\">Messest\u00e4nde<\/a><\/p> \n\t\t\t<\/div>\n\t\t\t<a class=\"overlay\" href=\"https:\/\/deezen.gr\/de\/portfolio\/sabo-tecna\/\"><\/a>\n\t\t<\/div>\n\t<\/div>\n<\/div>\n<div class=\"project-item category-33\">\n\t<div class=\"projects-box\">\n\t\t<div class=\"projects-thumbnail\" data-src=\"https:\/\/deezen.gr\/wp-content\/uploads\/2022\/10\/SABO_SYSKEYASIA-min-scaled.jpg\" data-sub-html=\"Sabo &#8211; SYSKEYASIA\">\n\t\t\t<a href=\"https:\/\/deezen.gr\/de\/portfolio\/sabo-syskeyasia\/\">\n\t\t\t\t<img decoding=\"async\" width=\"720\" height=\"720\" data-src=\"https:\/\/deezen.gr\/wp-content\/uploads\/2022\/10\/SABO_SYSKEYASIA-min-720x720.jpg\" class=\"attachment-theratio-portfolio-thumbnail-grid size-theratio-portfolio-thumbnail-grid wp-post-image lazyload\" alt=\"\" data-srcset=\"https:\/\/deezen.gr\/wp-content\/uploads\/2022\/10\/SABO_SYSKEYASIA-min-720x720.jpg 720w, https:\/\/deezen.gr\/wp-content\/uploads\/2022\/10\/SABO_SYSKEYASIA-min-150x150.jpg 150w\" data-sizes=\"(max-width: 720px) 100vw, 720px\" src=\"data:image\/svg+xml;base64,PHN2ZyB3aWR0aD0iMSIgaGVpZ2h0PSIxIiB4bWxucz0iaHR0cDovL3d3dy53My5vcmcvMjAwMC9zdmciPjwvc3ZnPg==\" style=\"--smush-placeholder-width: 720px; --smush-placeholder-aspect-ratio: 720\/720;\" \/>\t\t\t<\/a>\n\t\t\t\n\t\t\t<span class=\"overlay\">\n\t\t\t\t<h5>Sabo \u2013 SYSKEYASIA<\/h5>\n\t\t\t\t<i class=\"ot-flaticon-add\"><\/i>\n\t\t\t<\/span>\n\t\t<\/div>\n\t\t<div class=\"portfolio-info\">\n\t\t\t<div class=\"portfolio-info-inner\">\n\t\t\t\t<h5><a class=\"title-link\" href=\"https:\/\/deezen.gr\/de\/portfolio\/sabo-syskeyasia\/\" data-src=\"https:\/\/deezen.gr\/wp-content\/uploads\/2022\/10\/SABO_SYSKEYASIA-min-scaled.jpg\" data-sub-html=\"Sabo &#8211; SYSKEYASIA\">Sabo \u2013 SYSKEYASIA<\/a><\/h5>\n\t\t\t\t<p class=\"portfolio-cates\"><a href=\"https:\/\/deezen.gr\/de\/portfolio-category\/ekthesiaka-periptera\/\">Messest\u00e4nde<\/a><\/p> \n\t\t\t<\/div>\n\t\t\t<a class=\"overlay\" href=\"https:\/\/deezen.gr\/de\/portfolio\/sabo-syskeyasia\/\"><\/a>\n\t\t<\/div>\n\t<\/div>\n<\/div>\t\t\t<\/div>\n\n\t\t\t<div class=\"btn-block\"><a href=\"#\" class=\"btn-loadmore octf-btn\" data-category=\"33\" data-loaded=\"\u03a0\u03b5\u03c1\u03b9\u03c3\u03c3\u03cc\u03c4\u03b5\u03c1\u03b1\" data-loading=\"Loading...\" data-style=\"grid\">Mehr<\/a><\/div>\t    <\/div>\n\t\t\t\t\t\t\t\t\t\t\n\t    \t\t\t\t<\/div>\n\t\t\t\t<\/div>\n\t\t\t\t\t<\/div>\n\t\t<\/div>\n\t\t\t\t\t<\/div>\n\t\t<\/section>\n\t\t\t\t<section class=\"elementor-section elementor-top-section elementor-element elementor-element-2801c72a elementor-section-content-middle elementor-section-boxed elementor-section-height-default elementor-section-height-default\" data-id=\"2801c72a\" data-element_type=\"section\" data-settings=\"{&quot;background_background&quot;:&quot;classic&quot;,&quot;_ha_eqh_enable&quot;:false}\">\n\t\t\t\t\t\t<div class=\"elementor-container elementor-column-gap-extended\">\n\t\t\t\t\t<div class=\"elementor-column elementor-col-66 elementor-top-column elementor-element elementor-element-4cd9709 ot-flex-column-vertical\" data-id=\"4cd9709\" data-element_type=\"column\">\n\t\t\t<div class=\"elementor-widget-wrap elementor-element-populated\">\n\t\t\t\t\t\t<div class=\"elementor-element elementor-element-75661a83 elementor-widget elementor-widget-heading\" data-id=\"75661a83\" data-element_type=\"widget\" data-widget_type=\"heading.default\">\n\t\t\t\t<div class=\"elementor-widget-container\">\n\t\t\t\t\t<h2 class=\"elementor-heading-title elementor-size-default\">Wir k\u00f6nnen dir helfen\nKontaktieren Sie uns direkt<\/h2>\t\t\t\t<\/div>\n\t\t\t\t<\/div>\n\t\t\t\t<div class=\"elementor-element elementor-element-38104239 elementor-widget elementor-widget-text-editor\" data-id=\"38104239\" data-element_type=\"widget\" data-widget_type=\"text-editor.default\">\n\t\t\t\t<div class=\"elementor-widget-container\">\n\t\t\t\t\t\t\t\t\t<p><span style=\"color: #ffffff;\">Sie ben\u00f6tigen eine professionelle L\u00f6sung f\u00fcr Ihr Unternehmen?<\/span><\/p><p>Arbeiten Sie mit uns zusammen, um ein beeindruckendes Ergebnis f\u00fcr die Werbung Ihres Unternehmens, Ihres Zuhauses oder Ihres Arbeitsplatzes zu schaffen.<\/p>\t\t\t\t\t\t\t\t<\/div>\n\t\t\t\t<\/div>\n\t\t\t\t\t<\/div>\n\t\t<\/div>\n\t\t\t\t<div class=\"elementor-column elementor-col-33 elementor-top-column elementor-element elementor-element-4e143ce2 ot-flex-column-vertical\" data-id=\"4e143ce2\" data-element_type=\"column\">\n\t\t\t<div class=\"elementor-widget-wrap elementor-element-populated\">\n\t\t\t\t\t\t<div class=\"elementor-element elementor-element-5ca54005 elementor-align-right elementor-mobile-align-center elementor-widget elementor-widget-ibutton\" data-id=\"5ca54005\" data-element_type=\"widget\" data-widget_type=\"ibutton.default\">\n\t\t\t\t<div class=\"elementor-widget-container\">\n\t\t\t\t\t\t\t<div class=\"ot-button\">\n\t\t\t<a href=\"https:\/\/deezen.gr\/de\/contacts\/\" class=\"octf-btn octf-btn-light\">Fragen Sie nach einem kostenlosen,<br> nicht bindendes Angebot!<\/a>\n\t    <\/div>\n\t    \t\t\t\t<\/div>\n\t\t\t\t<\/div>\n\t\t\t\t\t<\/div>\n\t\t<\/div>\n\t\t\t\t\t<\/div>\n\t\t<\/section>\n\t\t\t\t<\/div>","protected":false},"excerpt":{"rendered":"<p>Dienstleistungen im Messebau Der richtige Bau eines Messestandes ist sehr wichtig, da er \u00c4sthetik und Funktionalit\u00e4t perfekt vereinen muss. F\u00fcr uns, mit langj\u00e4hriger Erfahrung im Messebau und Fachpersonal, ist der Standbau die wichtigste Etappe. Mit Standorten in Deutschland und Griechenland \u00fcbernehmen wir den Bau [...]<\/p>","protected":false},"author":1,"featured_media":0,"parent":5158,"menu_order":0,"comment_status":"closed","ping_status":"closed","template":"elementor_header_footer","meta":{"footnotes":""},"class_list":["post-5324","page","type-page","status-publish","hentry"],"_links":{"self":[{"href":"https:\/\/deezen.gr\/de\/wp-json\/wp\/v2\/pages\/5324","targetHints":{"allow":["GET"]}}],"collection":[{"href":"https:\/\/deezen.gr\/de\/wp-json\/wp\/v2\/pages"}],"about":[{"href":"https:\/\/deezen.gr\/de\/wp-json\/wp\/v2\/types\/page"}],"author":[{"embeddable":true,"href":"https:\/\/deezen.gr\/de\/wp-json\/wp\/v2\/users\/1"}],"replies":[{"embeddable":true,"href":"https:\/\/deezen.gr\/de\/wp-json\/wp\/v2\/comments?post=5324"}],"version-history":[{"count":23,"href":"https:\/\/deezen.gr\/de\/wp-json\/wp\/v2\/pages\/5324\/revisions"}],"predecessor-version":[{"id":7390,"href":"https:\/\/deezen.gr\/de\/wp-json\/wp\/v2\/pages\/5324\/revisions\/7390"}],"up":[{"embeddable":true,"href":"https:\/\/deezen.gr\/de\/wp-json\/wp\/v2\/pages\/5158"}],"wp:attachment":[{"href":"https:\/\/deezen.gr\/de\/wp-json\/wp\/v2\/media?parent=5324"}],"curies":[{"name":"wp","href":"https:\/\/api.w.org\/{rel}","templated":true}]}}