{"id":3985,"date":"2020-07-07T04:14:44","date_gmt":"2020-07-07T04:14:44","guid":{"rendered":"http:\/\/wpdemo.archiwp.com\/theratio\/?page_id=3985"},"modified":"2020-07-07T04:14:44","modified_gmt":"2020-07-07T04:14:44","slug":"blog-grid","status":"publish","type":"page","link":"https:\/\/deezen.gr\/de\/blog-grid\/","title":{"rendered":"Blog-Raster"},"content":{"rendered":"<div data-elementor-type=\"wp-page\" data-elementor-id=\"3985\" class=\"elementor elementor-3985\" data-elementor-settings=\"{&quot;ha_cmc_init_switcher&quot;:&quot;no&quot;}\" data-elementor-post-type=\"page\">\n\t\t\t\t\t\t<section class=\"elementor-section elementor-top-section elementor-element elementor-element-3d510d1 elementor-section-boxed elementor-section-height-default elementor-section-height-default\" data-id=\"3d510d1\" data-element_type=\"section\" data-settings=\"{&quot;_ha_eqh_enable&quot;:false}\">\n\t\t\t\t\t\t<div class=\"elementor-container elementor-column-gap-default\">\n\t\t\t\t\t<div class=\"elementor-column elementor-col-100 elementor-top-column elementor-element elementor-element-a53f8c2 ot-flex-column-vertical\" data-id=\"a53f8c2\" data-element_type=\"column\">\n\t\t\t<div class=\"elementor-widget-wrap elementor-element-populated\">\n\t\t\t\t\t\t<div class=\"elementor-element elementor-element-705f2bd elementor-widget elementor-widget-ipost_grid\" data-id=\"705f2bd\" data-element_type=\"widget\" data-widget_type=\"ipost_grid.default\">\n\t\t\t\t<div class=\"elementor-widget-container\">\n\t\t\t\t\t\t\t<div class=\"blog-grid pf_3_cols v-light\">\n        \t \n<article id=\"post-8227\" class=\"post-box masonry-post-item post-8227 post type-post status-publish format-standard has-post-thumbnail hentry category-nea tag-design-2 tag-renovation tag-garden\">\n\t<div class=\"post-inner\">\n\t    \n\t        <div class=\"entry-media post-cat-abs\">\n\t            <a href=\"https:\/\/deezen.gr\/de\/%cf%84%ce%b9-%cf%80%cf%81%ce%ad%cf%80%ce%b5%ce%b9-%ce%bd%ce%b1-%cf%80%cf%81%ce%bf%cf%83%ce%ad%cf%87%cf%89-%cf%83%cf%84%ce%b7%ce%bd-%ce%b4%ce%b9%ce%b1%ce%bc%cf%8c%cf%81%cf%86%cf%89%cf%83%ce%b7-%cf%84\/\">\n\t                <img fetchpriority=\"high\" decoding=\"async\" width=\"800\" height=\"402\" src=\"https:\/\/deezen.gr\/wp-content\/uploads\/2023\/05\/rooftop-garden-planters-weight-restrictions-amber-freda-home-garden-design_11141.jpg\" class=\"attachment-post-thumbnail size-post-thumbnail wp-post-image\" alt=\"rooftop-garden\" srcset=\"https:\/\/deezen.gr\/wp-content\/uploads\/2023\/05\/rooftop-garden-planters-weight-restrictions-amber-freda-home-garden-design_11141.jpg 800w, https:\/\/deezen.gr\/wp-content\/uploads\/2023\/05\/rooftop-garden-planters-weight-restrictions-amber-freda-home-garden-design_11141-300x151.jpg 300w, https:\/\/deezen.gr\/wp-content\/uploads\/2023\/05\/rooftop-garden-planters-weight-restrictions-amber-freda-home-garden-design_11141-768x386.jpg 768w, https:\/\/deezen.gr\/wp-content\/uploads\/2023\/05\/rooftop-garden-planters-weight-restrictions-amber-freda-home-garden-design_11141-18x9.jpg 18w\" sizes=\"(max-width: 800px) 100vw, 800px\" \/>\t            <\/a>\n\t            <div class=\"post-cat\"><div class=\"posted-in\"><a href=\"https:\/\/deezen.gr\/de\/category\/nea\/\" rel=\"category tag\">NACHRICHTEN<\/a><\/div><\/div>\t        <\/div>\n\t        \n\t    \n\t    <div class=\"inner-post\">\n\t        <div class=\"entry-header\">\n\n\t            \t            <div class=\"entry-meta\">\n\t            \t<span class=\"posted-on\"><a href=\"https:\/\/deezen.gr\/de\/%cf%84%ce%b9-%cf%80%cf%81%ce%ad%cf%80%ce%b5%ce%b9-%ce%bd%ce%b1-%cf%80%cf%81%ce%bf%cf%83%ce%ad%cf%87%cf%89-%cf%83%cf%84%ce%b7%ce%bd-%ce%b4%ce%b9%ce%b1%ce%bc%cf%8c%cf%81%cf%86%cf%89%cf%83%ce%b7-%cf%84\/\" rel=\"bookmark\"><time class=\"entry-date published\" datetime=\"2023-05-09T09:45:41+00:00\">9. Mai 2023<\/time><\/a><\/span><span class=\"byline\"><a class=\"url fn n\" href=\"https:\/\/deezen.gr\/de\/author\/deezen\/\">deezen<\/a><\/span>\t            <\/div><!-- .entry-meta -->\n\t            \n\t            <h4 class=\"entry-title\"><a class=\"title-link\" href=\"https:\/\/deezen.gr\/de\/%cf%84%ce%b9-%cf%80%cf%81%ce%ad%cf%80%ce%b5%ce%b9-%ce%bd%ce%b1-%cf%80%cf%81%ce%bf%cf%83%ce%ad%cf%87%cf%89-%cf%83%cf%84%ce%b7%ce%bd-%ce%b4%ce%b9%ce%b1%ce%bc%cf%8c%cf%81%cf%86%cf%89%cf%83%ce%b7-%cf%84\/\" rel=\"bookmark\">Worauf sollte ich bei der Gestaltung meiner Umgebung achten?<\/a><\/h4>\n\t        <\/div><!-- .entry-header -->\n\n\t        <div class=\"entry-summary the-excerpt\">\n\n\t            <p>Landschaftsbau bezieht sich auf die Gestaltung und Gestaltung der physischen Umgebung, die einen bestimmten Raum oder Bereich umgibt. Dies umfasst alles von der Anordnung und Organisation von Geb\u00e4uden und Bauwerken bis hin zur Platzierung von M\u00f6beln und Dekorationen innerhalb eines Raums. Dies hat erhebliche Auswirkungen darauf, wie [\u2026]<\/p>\n\n\t        <\/div><!-- .entry-content -->\n\t        <div class=\"entry-footer\">\n\t        \t<a href=\"https:\/\/deezen.gr\/de\/%cf%84%ce%b9-%cf%80%cf%81%ce%ad%cf%80%ce%b5%ce%b9-%ce%bd%ce%b1-%cf%80%cf%81%ce%bf%cf%83%ce%ad%cf%87%cf%89-%cf%83%cf%84%ce%b7%ce%bd-%ce%b4%ce%b9%ce%b1%ce%bc%cf%8c%cf%81%cf%86%cf%89%cf%83%ce%b7-%cf%84\/\" class=\"btn-details\"> Weiterlesen<\/a>\t        <\/div>\n\t    <\/div>\n\t<\/div>\n<\/article> \n<article id=\"post-8218\" class=\"post-box masonry-post-item post-8218 post type-post status-publish format-standard has-post-thumbnail hentry category-nea tag-design-2 tag-renovation tag-business\">\n\t<div class=\"post-inner\">\n\t    \n\t        <div class=\"entry-media post-cat-abs\">\n\t            <a href=\"https:\/\/deezen.gr\/de\/%ce%b7-%cf%83%ce%b7%ce%bc%ce%b1%ce%bd%cf%84%ce%b9%ce%ba%cf%8c%cf%84%ce%b7%cf%84%ce%b1-%cf%84%ce%b7%cf%82-%ce%b5%cf%80%ce%b1%ce%b3%ce%b3%ce%b5%ce%bb%ce%bc%ce%b1%cf%84%ce%b9%ce%ba%ce%ae%cf%82-%ce%b1\/\">\n\t                <img decoding=\"async\" width=\"1920\" height=\"1077\" data-src=\"https:\/\/deezen.gr\/wp-content\/uploads\/2023\/04\/story-commercial-remodel-1-scaled.jpg\" class=\"attachment-post-thumbnail size-post-thumbnail wp-post-image lazyload\" alt=\"Commercial renovvation\" data-srcset=\"https:\/\/deezen.gr\/wp-content\/uploads\/2023\/04\/story-commercial-remodel-1-scaled.jpg 1920w, https:\/\/deezen.gr\/wp-content\/uploads\/2023\/04\/story-commercial-remodel-1-300x168.jpg 300w, https:\/\/deezen.gr\/wp-content\/uploads\/2023\/04\/story-commercial-remodel-1-1024x574.jpg 1024w, https:\/\/deezen.gr\/wp-content\/uploads\/2023\/04\/story-commercial-remodel-1-768x431.jpg 768w, https:\/\/deezen.gr\/wp-content\/uploads\/2023\/04\/story-commercial-remodel-1-1536x862.jpg 1536w, https:\/\/deezen.gr\/wp-content\/uploads\/2023\/04\/story-commercial-remodel-1-18x10.jpg 18w\" data-sizes=\"(max-width: 1920px) 100vw, 1920px\" src=\"data:image\/svg+xml;base64,PHN2ZyB3aWR0aD0iMSIgaGVpZ2h0PSIxIiB4bWxucz0iaHR0cDovL3d3dy53My5vcmcvMjAwMC9zdmciPjwvc3ZnPg==\" style=\"--smush-placeholder-width: 1920px; --smush-placeholder-aspect-ratio: 1920\/1077;\" \/>\t            <\/a>\n\t            <div class=\"post-cat\"><div class=\"posted-in\"><a href=\"https:\/\/deezen.gr\/de\/category\/nea\/\" rel=\"category tag\">NACHRICHTEN<\/a><\/div><\/div>\t        <\/div>\n\t        \n\t    \n\t    <div class=\"inner-post\">\n\t        <div class=\"entry-header\">\n\n\t            \t            <div class=\"entry-meta\">\n\t            \t<span class=\"posted-on\"><a href=\"https:\/\/deezen.gr\/de\/%ce%b7-%cf%83%ce%b7%ce%bc%ce%b1%ce%bd%cf%84%ce%b9%ce%ba%cf%8c%cf%84%ce%b7%cf%84%ce%b1-%cf%84%ce%b7%cf%82-%ce%b5%cf%80%ce%b1%ce%b3%ce%b3%ce%b5%ce%bb%ce%bc%ce%b1%cf%84%ce%b9%ce%ba%ce%ae%cf%82-%ce%b1\/\" rel=\"bookmark\"><time class=\"entry-date published\" datetime=\"2023-04-25T12:31:32+00:00\">25. April 2023<\/time><\/a><\/span><span class=\"byline\"><a class=\"url fn n\" href=\"https:\/\/deezen.gr\/de\/author\/deezen\/\">deezen<\/a><\/span>\t            <\/div><!-- .entry-meta -->\n\t            \n\t            <h4 class=\"entry-title\"><a class=\"title-link\" href=\"https:\/\/deezen.gr\/de\/%ce%b7-%cf%83%ce%b7%ce%bc%ce%b1%ce%bd%cf%84%ce%b9%ce%ba%cf%8c%cf%84%ce%b7%cf%84%ce%b1-%cf%84%ce%b7%cf%82-%ce%b5%cf%80%ce%b1%ce%b3%ce%b3%ce%b5%ce%bb%ce%bc%ce%b1%cf%84%ce%b9%ce%ba%ce%ae%cf%82-%ce%b1\/\" rel=\"bookmark\">Die Bedeutung der professionellen Renovierung<\/a><\/h4>\n\t        <\/div><!-- .entry-header -->\n\n\t        <div class=\"entry-summary the-excerpt\">\n\n\t            <p>Die Erneuerung des Gesch\u00e4fts ist ein wesentlicher Aspekt, um jedes Unternehmen auf dem schnelllebigen und sich st\u00e4ndig ver\u00e4ndernden Markt von heute auf dem Laufenden und wettbewerbsf\u00e4hig zu halten. Renovierung ist ein Prozess der Aktualisierung, Umgestaltung oder Revitalisierung des Unternehmens, um den aktuellen Bed\u00fcrfnissen und Anforderungen gerecht zu werden. Es ist ein kritischer Prozess, den Unternehmen durchf\u00fchren m\u00fcssen, um [\u2026]<\/p>\n\n\t        <\/div><!-- .entry-content -->\n\t        <div class=\"entry-footer\">\n\t        \t<a href=\"https:\/\/deezen.gr\/de\/%ce%b7-%cf%83%ce%b7%ce%bc%ce%b1%ce%bd%cf%84%ce%b9%ce%ba%cf%8c%cf%84%ce%b7%cf%84%ce%b1-%cf%84%ce%b7%cf%82-%ce%b5%cf%80%ce%b1%ce%b3%ce%b3%ce%b5%ce%bb%ce%bc%ce%b1%cf%84%ce%b9%ce%ba%ce%ae%cf%82-%ce%b1\/\" class=\"btn-details\"> Weiterlesen<\/a>\t        <\/div>\n\t    <\/div>\n\t<\/div>\n<\/article> \n<article id=\"post-8210\" class=\"post-box masonry-post-item post-8210 post type-post status-publish format-standard has-post-thumbnail hentry category-nea tag-fair tag-design-2 tag-trade-show tag-exhibition-stand\">\n\t<div class=\"post-inner\">\n\t    \n\t        <div class=\"entry-media post-cat-abs\">\n\t            <a href=\"https:\/\/deezen.gr\/de\/%ce%bf%ce%b9-%ce%bc%ce%b5%ce%b3%ce%b1%ce%bb%cf%8d%cf%84%ce%b5%cf%81%ce%b5%cf%82-%ce%b5%ce%bc%cf%80%ce%bf%cf%81%ce%b9%ce%ba%ce%ad%cf%82-%ce%b5%ce%ba%ce%b8%ce%ad%cf%83%ce%b5%ce%b9%cf%82-%cf%83%cf%84\/\">\n\t                <img decoding=\"async\" width=\"940\" height=\"788\" data-src=\"https:\/\/deezen.gr\/wp-content\/uploads\/2023\/04\/Have-a-very-Merry-Christmas.png\" class=\"attachment-post-thumbnail size-post-thumbnail wp-post-image lazyload\" alt=\"\" data-srcset=\"https:\/\/deezen.gr\/wp-content\/uploads\/2023\/04\/Have-a-very-Merry-Christmas.png 940w, https:\/\/deezen.gr\/wp-content\/uploads\/2023\/04\/Have-a-very-Merry-Christmas-300x251.png 300w, https:\/\/deezen.gr\/wp-content\/uploads\/2023\/04\/Have-a-very-Merry-Christmas-768x644.png 768w, https:\/\/deezen.gr\/wp-content\/uploads\/2023\/04\/Have-a-very-Merry-Christmas-14x12.png 14w\" data-sizes=\"(max-width: 940px) 100vw, 940px\" src=\"data:image\/svg+xml;base64,PHN2ZyB3aWR0aD0iMSIgaGVpZ2h0PSIxIiB4bWxucz0iaHR0cDovL3d3dy53My5vcmcvMjAwMC9zdmciPjwvc3ZnPg==\" style=\"--smush-placeholder-width: 940px; --smush-placeholder-aspect-ratio: 940\/788;\" \/>\t            <\/a>\n\t            <div class=\"post-cat\"><div class=\"posted-in\"><a href=\"https:\/\/deezen.gr\/de\/category\/nea\/\" rel=\"category tag\">NACHRICHTEN<\/a><\/div><\/div>\t        <\/div>\n\t        \n\t    \n\t    <div class=\"inner-post\">\n\t        <div class=\"entry-header\">\n\n\t            \t            <div class=\"entry-meta\">\n\t            \t<span class=\"posted-on\"><a href=\"https:\/\/deezen.gr\/de\/%ce%bf%ce%b9-%ce%bc%ce%b5%ce%b3%ce%b1%ce%bb%cf%8d%cf%84%ce%b5%cf%81%ce%b5%cf%82-%ce%b5%ce%bc%cf%80%ce%bf%cf%81%ce%b9%ce%ba%ce%ad%cf%82-%ce%b5%ce%ba%ce%b8%ce%ad%cf%83%ce%b5%ce%b9%cf%82-%cf%83%cf%84\/\" rel=\"bookmark\"><time class=\"entry-date published\" datetime=\"2023-04-06T10:50:23+00:00\">6. April 2023<\/time><\/a><\/span><span class=\"byline\"><a class=\"url fn n\" href=\"https:\/\/deezen.gr\/de\/author\/deezen\/\">deezen<\/a><\/span>\t            <\/div><!-- .entry-meta -->\n\t            \n\t            <h4 class=\"entry-title\"><a class=\"title-link\" href=\"https:\/\/deezen.gr\/de\/%ce%bf%ce%b9-%ce%bc%ce%b5%ce%b3%ce%b1%ce%bb%cf%8d%cf%84%ce%b5%cf%81%ce%b5%cf%82-%ce%b5%ce%bc%cf%80%ce%bf%cf%81%ce%b9%ce%ba%ce%ad%cf%82-%ce%b5%ce%ba%ce%b8%ce%ad%cf%83%ce%b5%ce%b9%cf%82-%cf%83%cf%84\/\" rel=\"bookmark\">Die gr\u00f6\u00dften Messen der Welt<\/a><\/h4>\n\t        <\/div><!-- .entry-header -->\n\n\t        <div class=\"entry-summary the-excerpt\">\n\n\t            <p>Die gr\u00f6\u00dften Messen der Welt geh\u00f6ren zu den wichtigsten Veranstaltungen im Wirtschaftssektor. Sie bieten Unternehmen eine Plattform, um ihre Produkte, Dienstleistungen und Technologien potenziellen Kunden und Partnern vorzustellen. Diese Veranstaltungen erm\u00f6glichen es Unternehmen auch, sich mit anderen Branchenexperten zu vernetzen, mehr \u00fcber [\u2026]<\/p>\n\n\t        <\/div><!-- .entry-content -->\n\t        <div class=\"entry-footer\">\n\t        \t<a href=\"https:\/\/deezen.gr\/de\/%ce%bf%ce%b9-%ce%bc%ce%b5%ce%b3%ce%b1%ce%bb%cf%8d%cf%84%ce%b5%cf%81%ce%b5%cf%82-%ce%b5%ce%bc%cf%80%ce%bf%cf%81%ce%b9%ce%ba%ce%ad%cf%82-%ce%b5%ce%ba%ce%b8%ce%ad%cf%83%ce%b5%ce%b9%cf%82-%cf%83%cf%84\/\" class=\"btn-details\"> Weiterlesen<\/a>\t        <\/div>\n\t    <\/div>\n\t<\/div>\n<\/article> \n<article id=\"post-8203\" class=\"post-box masonry-post-item post-8203 post type-post status-publish format-standard has-post-thumbnail hentry category-nea tag-design-2 tag-exhibition-stand tag-sustainable tag-environment\">\n\t<div class=\"post-inner\">\n\t    \n\t        <div class=\"entry-media post-cat-abs\">\n\t            <a href=\"https:\/\/deezen.gr\/de\/%ce%b7-%cf%83%ce%b7%ce%bc%ce%b1%ce%bd%cf%84%ce%b9%ce%ba%cf%8c%cf%84%ce%b7%cf%84%ce%b1-%cf%84%cf%89%ce%bd-%ce%b2%ce%b9%cf%8e%cf%83%ce%b9%ce%bc%cf%89%ce%bd-%ce%b5%ce%ba%ce%b8%ce%b5%cf%83%ce%b9%ce%b1\/\">\n\t                <img decoding=\"async\" width=\"1312\" height=\"876\" data-src=\"https:\/\/deezen.gr\/wp-content\/uploads\/2023\/03\/Screenshot_9.png\" class=\"attachment-post-thumbnail size-post-thumbnail wp-post-image lazyload\" alt=\"\" data-srcset=\"https:\/\/deezen.gr\/wp-content\/uploads\/2023\/03\/Screenshot_9.png 1312w, https:\/\/deezen.gr\/wp-content\/uploads\/2023\/03\/Screenshot_9-300x200.png 300w, https:\/\/deezen.gr\/wp-content\/uploads\/2023\/03\/Screenshot_9-1024x684.png 1024w, https:\/\/deezen.gr\/wp-content\/uploads\/2023\/03\/Screenshot_9-768x513.png 768w, https:\/\/deezen.gr\/wp-content\/uploads\/2023\/03\/Screenshot_9-18x12.png 18w\" data-sizes=\"(max-width: 1312px) 100vw, 1312px\" src=\"data:image\/svg+xml;base64,PHN2ZyB3aWR0aD0iMSIgaGVpZ2h0PSIxIiB4bWxucz0iaHR0cDovL3d3dy53My5vcmcvMjAwMC9zdmciPjwvc3ZnPg==\" style=\"--smush-placeholder-width: 1312px; --smush-placeholder-aspect-ratio: 1312\/876;\" \/>\t            <\/a>\n\t            <div class=\"post-cat\"><div class=\"posted-in\"><a href=\"https:\/\/deezen.gr\/de\/category\/nea\/\" rel=\"category tag\">NACHRICHTEN<\/a><\/div><\/div>\t        <\/div>\n\t        \n\t    \n\t    <div class=\"inner-post\">\n\t        <div class=\"entry-header\">\n\n\t            \t            <div class=\"entry-meta\">\n\t            \t<span class=\"posted-on\"><a href=\"https:\/\/deezen.gr\/de\/%ce%b7-%cf%83%ce%b7%ce%bc%ce%b1%ce%bd%cf%84%ce%b9%ce%ba%cf%8c%cf%84%ce%b7%cf%84%ce%b1-%cf%84%cf%89%ce%bd-%ce%b2%ce%b9%cf%8e%cf%83%ce%b9%ce%bc%cf%89%ce%bd-%ce%b5%ce%ba%ce%b8%ce%b5%cf%83%ce%b9%ce%b1\/\" rel=\"bookmark\"><time class=\"entry-date published\" datetime=\"2023-03-24T15:13:03+00:00\">24. M\u00e4rz 2023<\/time><\/a><\/span><span class=\"byline\"><a class=\"url fn n\" href=\"https:\/\/deezen.gr\/de\/author\/deezen\/\">deezen<\/a><\/span>\t            <\/div><!-- .entry-meta -->\n\t            \n\t            <h4 class=\"entry-title\"><a class=\"title-link\" href=\"https:\/\/deezen.gr\/de\/%ce%b7-%cf%83%ce%b7%ce%bc%ce%b1%ce%bd%cf%84%ce%b9%ce%ba%cf%8c%cf%84%ce%b7%cf%84%ce%b1-%cf%84%cf%89%ce%bd-%ce%b2%ce%b9%cf%8e%cf%83%ce%b9%ce%bc%cf%89%ce%bd-%ce%b5%ce%ba%ce%b8%ce%b5%cf%83%ce%b9%ce%b1\/\" rel=\"bookmark\">Die Bedeutung nachhaltiger Messest\u00e4nde<\/a><\/h4>\n\t        <\/div><!-- .entry-header -->\n\n\t        <div class=\"entry-summary the-excerpt\">\n\n\t            <p>Messen bieten Organisationen und Unternehmen die M\u00f6glichkeit, ihre Produkte und Dienstleistungen potenziellen Kunden vorzustellen. Die Einrichtung eines Messestands kann jedoch nicht nur finanzielle, sondern auch \u00f6kologische Kosten verursachen. Nachhaltige Messest\u00e4nde sind in den letzten Jahren immer beliebter geworden, nicht nur wegen der Beziehung [...]<\/p>\n\n\t        <\/div><!-- .entry-content -->\n\t        <div class=\"entry-footer\">\n\t        \t<a href=\"https:\/\/deezen.gr\/de\/%ce%b7-%cf%83%ce%b7%ce%bc%ce%b1%ce%bd%cf%84%ce%b9%ce%ba%cf%8c%cf%84%ce%b7%cf%84%ce%b1-%cf%84%cf%89%ce%bd-%ce%b2%ce%b9%cf%8e%cf%83%ce%b9%ce%bc%cf%89%ce%bd-%ce%b5%ce%ba%ce%b8%ce%b5%cf%83%ce%b9%ce%b1\/\" class=\"btn-details\"> Weiterlesen<\/a>\t        <\/div>\n\t    <\/div>\n\t<\/div>\n<\/article> \n<article id=\"post-8190\" class=\"post-box masonry-post-item post-8190 post type-post status-publish format-standard has-post-thumbnail hentry category-nea tag-technology tag-show tag-design-2 tag-trade tag-deezen\">\n\t<div class=\"post-inner\">\n\t    \n\t        <div class=\"entry-media post-cat-abs\">\n\t            <a href=\"https:\/\/deezen.gr\/de\/%ce%b5%ce%bc%cf%80%ce%bf%cf%81%ce%b9%ce%ba%ce%b5%cf%83-%ce%b5%ce%ba%ce%b8%ce%b5%cf%83%ce%b5%ce%b9%cf%83-%cf%84%ce%b5%cf%87%ce%bd%ce%bf%ce%bb%ce%bf%ce%b3%ce%b9%ce%b5%cf%83\/\">\n\t                <img decoding=\"async\" width=\"1920\" height=\"947\" data-src=\"https:\/\/deezen.gr\/wp-content\/uploads\/2023\/01\/website-hosting-concept-with-bright-light-scaled.jpg\" class=\"attachment-post-thumbnail size-post-thumbnail wp-post-image lazyload\" alt=\"\" data-srcset=\"https:\/\/deezen.gr\/wp-content\/uploads\/2023\/01\/website-hosting-concept-with-bright-light-scaled.jpg 1920w, https:\/\/deezen.gr\/wp-content\/uploads\/2023\/01\/website-hosting-concept-with-bright-light-300x148.jpg 300w, https:\/\/deezen.gr\/wp-content\/uploads\/2023\/01\/website-hosting-concept-with-bright-light-1024x505.jpg 1024w, https:\/\/deezen.gr\/wp-content\/uploads\/2023\/01\/website-hosting-concept-with-bright-light-768x379.jpg 768w, https:\/\/deezen.gr\/wp-content\/uploads\/2023\/01\/website-hosting-concept-with-bright-light-1536x758.jpg 1536w, https:\/\/deezen.gr\/wp-content\/uploads\/2023\/01\/website-hosting-concept-with-bright-light-2048x1010.jpg 2048w, https:\/\/deezen.gr\/wp-content\/uploads\/2023\/01\/website-hosting-concept-with-bright-light-18x9.jpg 18w\" data-sizes=\"(max-width: 1920px) 100vw, 1920px\" src=\"data:image\/svg+xml;base64,PHN2ZyB3aWR0aD0iMSIgaGVpZ2h0PSIxIiB4bWxucz0iaHR0cDovL3d3dy53My5vcmcvMjAwMC9zdmciPjwvc3ZnPg==\" style=\"--smush-placeholder-width: 1920px; --smush-placeholder-aspect-ratio: 1920\/947;\" \/>\t            <\/a>\n\t            <div class=\"post-cat\"><div class=\"posted-in\"><a href=\"https:\/\/deezen.gr\/de\/category\/nea\/\" rel=\"category tag\">NACHRICHTEN<\/a><\/div><\/div>\t        <\/div>\n\t        \n\t    \n\t    <div class=\"inner-post\">\n\t        <div class=\"entry-header\">\n\n\t            \t            <div class=\"entry-meta\">\n\t            \t<span class=\"posted-on\"><a href=\"https:\/\/deezen.gr\/de\/%ce%b5%ce%bc%cf%80%ce%bf%cf%81%ce%b9%ce%ba%ce%b5%cf%83-%ce%b5%ce%ba%ce%b8%ce%b5%cf%83%ce%b5%ce%b9%cf%83-%cf%84%ce%b5%cf%87%ce%bd%ce%bf%ce%bb%ce%bf%ce%b3%ce%b9%ce%b5%cf%83\/\" rel=\"bookmark\"><time class=\"entry-date published\" datetime=\"2023-01-05T15:51:30+00:00\">5. Januar 2023<\/time><\/a><\/span><span class=\"byline\"><a class=\"url fn n\" href=\"https:\/\/deezen.gr\/de\/author\/deezen\/\">deezen<\/a><\/span>\t            <\/div><!-- .entry-meta -->\n\t            \n\t            <h4 class=\"entry-title\"><a class=\"title-link\" href=\"https:\/\/deezen.gr\/de\/%ce%b5%ce%bc%cf%80%ce%bf%cf%81%ce%b9%ce%ba%ce%b5%cf%83-%ce%b5%ce%ba%ce%b8%ce%b5%cf%83%ce%b5%ce%b9%cf%83-%cf%84%ce%b5%cf%87%ce%bd%ce%bf%ce%bb%ce%bf%ce%b3%ce%b9%ce%b5%cf%83\/\" rel=\"bookmark\">TECHNOLOGIE-MESSEN<\/a><\/h4>\n\t        <\/div><!-- .entry-header -->\n\n\t        <div class=\"entry-summary the-excerpt\">\n\n\t            <p>Technologie ist fast \u00fcberall, und nirgendwo ist ihr Fortschritt offensichtlicher als auf einer Messe. Abh\u00e4ngig von der Gr\u00f6\u00dfe und dem \u00f6ffentlichen Profil der Veranstaltung locken diese Technologiemessen Unternehmer, Erfinder, CEOs und Verbraucher aus der ganzen Welt dazu, zur Konferenz zu reisen und zu sehen, was in der Welt der [\u2026]<\/p>\n\n\t        <\/div><!-- .entry-content -->\n\t        <div class=\"entry-footer\">\n\t        \t<a href=\"https:\/\/deezen.gr\/de\/%ce%b5%ce%bc%cf%80%ce%bf%cf%81%ce%b9%ce%ba%ce%b5%cf%83-%ce%b5%ce%ba%ce%b8%ce%b5%cf%83%ce%b5%ce%b9%cf%83-%cf%84%ce%b5%cf%87%ce%bd%ce%bf%ce%bb%ce%bf%ce%b3%ce%b9%ce%b5%cf%83\/\" class=\"btn-details\"> Weiterlesen<\/a>\t        <\/div>\n\t    <\/div>\n\t<\/div>\n<\/article> \n<article id=\"post-8186\" class=\"post-box masonry-post-item post-8186 post type-post status-publish format-standard has-post-thumbnail hentry category-nea tag-design-2 tag-hospitality tag-trade tag-shows tag-hotel tag-exhibition-stand\">\n\t<div class=\"post-inner\">\n\t    \n\t        <div class=\"entry-media post-cat-abs\">\n\t            <a href=\"https:\/\/deezen.gr\/de\/%ce%b7-%cf%83%ce%b7%ce%bc%ce%b1%ce%bd%cf%84%ce%b9%ce%ba%cf%8c%cf%84%ce%b7%cf%84%ce%b1-%cf%84%cf%89%ce%bd-%ce%b5%ce%ba%ce%b8%ce%ad%cf%83%ce%b5%cf%89%ce%bd-%cf%86%ce%b9%ce%bb%ce%bf%ce%be%ce%b5%ce%bd\/\">\n\t                <img decoding=\"async\" width=\"834\" height=\"469\" data-src=\"https:\/\/deezen.gr\/wp-content\/uploads\/2023\/01\/restaurants_canada_2022_tradeshow_places_focus_on_achieving_diversity_in_the_hospitality_industry_2.jpg\" class=\"attachment-post-thumbnail size-post-thumbnail wp-post-image lazyload\" alt=\"\" data-srcset=\"https:\/\/deezen.gr\/wp-content\/uploads\/2023\/01\/restaurants_canada_2022_tradeshow_places_focus_on_achieving_diversity_in_the_hospitality_industry_2.jpg 834w, https:\/\/deezen.gr\/wp-content\/uploads\/2023\/01\/restaurants_canada_2022_tradeshow_places_focus_on_achieving_diversity_in_the_hospitality_industry_2-300x169.jpg 300w, https:\/\/deezen.gr\/wp-content\/uploads\/2023\/01\/restaurants_canada_2022_tradeshow_places_focus_on_achieving_diversity_in_the_hospitality_industry_2-768x432.jpg 768w, https:\/\/deezen.gr\/wp-content\/uploads\/2023\/01\/restaurants_canada_2022_tradeshow_places_focus_on_achieving_diversity_in_the_hospitality_industry_2-18x10.jpg 18w\" data-sizes=\"(max-width: 834px) 100vw, 834px\" src=\"data:image\/svg+xml;base64,PHN2ZyB3aWR0aD0iMSIgaGVpZ2h0PSIxIiB4bWxucz0iaHR0cDovL3d3dy53My5vcmcvMjAwMC9zdmciPjwvc3ZnPg==\" style=\"--smush-placeholder-width: 834px; --smush-placeholder-aspect-ratio: 834\/469;\" \/>\t            <\/a>\n\t            <div class=\"post-cat\"><div class=\"posted-in\"><a href=\"https:\/\/deezen.gr\/de\/category\/nea\/\" rel=\"category tag\">NACHRICHTEN<\/a><\/div><\/div>\t        <\/div>\n\t        \n\t    \n\t    <div class=\"inner-post\">\n\t        <div class=\"entry-header\">\n\n\t            \t            <div class=\"entry-meta\">\n\t            \t<span class=\"posted-on\"><a href=\"https:\/\/deezen.gr\/de\/%ce%b7-%cf%83%ce%b7%ce%bc%ce%b1%ce%bd%cf%84%ce%b9%ce%ba%cf%8c%cf%84%ce%b7%cf%84%ce%b1-%cf%84%cf%89%ce%bd-%ce%b5%ce%ba%ce%b8%ce%ad%cf%83%ce%b5%cf%89%ce%bd-%cf%86%ce%b9%ce%bb%ce%bf%ce%be%ce%b5%ce%bd\/\" rel=\"bookmark\"><time class=\"entry-date published\" datetime=\"2023-01-03T11:53:46+00:00\">3. Januar 2023<\/time><\/a><\/span><span class=\"byline\"><a class=\"url fn n\" href=\"https:\/\/deezen.gr\/de\/author\/deezen\/\">deezen<\/a><\/span>\t            <\/div><!-- .entry-meta -->\n\t            \n\t            <h4 class=\"entry-title\"><a class=\"title-link\" href=\"https:\/\/deezen.gr\/de\/%ce%b7-%cf%83%ce%b7%ce%bc%ce%b1%ce%bd%cf%84%ce%b9%ce%ba%cf%8c%cf%84%ce%b7%cf%84%ce%b1-%cf%84%cf%89%ce%bd-%ce%b5%ce%ba%ce%b8%ce%ad%cf%83%ce%b5%cf%89%ce%bd-%cf%86%ce%b9%ce%bb%ce%bf%ce%be%ce%b5%ce%bd\/\" rel=\"bookmark\">Die Bedeutung von Gastgewerbe- und Hotelmessen<\/a><\/h4>\n\t        <\/div><!-- .entry-header -->\n\n\t        <div class=\"entry-summary the-excerpt\">\n\n\t            <p>Das Gastgewerbe entwickelt sich zusammen mit den W\u00fcnschen und Bed\u00fcrfnissen der Reisenden st\u00e4ndig weiter. Eine der besten M\u00f6glichkeiten, um mit den neuesten Trends, Innovationen und Technologien Schritt zu halten, ist die Teilnahme an Branchenveranstaltungen, die Sie mit verschiedenen Kollegen, Partnern und Lieferanten verbinden. Ob im Marketing, Vertrieb oder [...]<\/p>\n\n\t        <\/div><!-- .entry-content -->\n\t        <div class=\"entry-footer\">\n\t        \t<a href=\"https:\/\/deezen.gr\/de\/%ce%b7-%cf%83%ce%b7%ce%bc%ce%b1%ce%bd%cf%84%ce%b9%ce%ba%cf%8c%cf%84%ce%b7%cf%84%ce%b1-%cf%84%cf%89%ce%bd-%ce%b5%ce%ba%ce%b8%ce%ad%cf%83%ce%b5%cf%89%ce%bd-%cf%86%ce%b9%ce%bb%ce%bf%ce%be%ce%b5%ce%bd\/\" class=\"btn-details\"> Weiterlesen<\/a>\t        <\/div>\n\t    <\/div>\n\t<\/div>\n<\/article>\t    <\/div>\n\t    <ul class=\"page-pagination none-style\">\n\t<li><span aria-current=\"page\" class=\"page-numbers current\">1<\/span><\/li>\n\t<li><a class=\"page-numbers\" href=\"https:\/\/deezen.gr\/de\/wp-json\/wp\/v2\/pages\/3985\/page\/2\/\">2<\/a><\/li>\n\t<li><a class=\"next page-numbers\" href=\"https:\/\/deezen.gr\/de\/wp-json\/wp\/v2\/pages\/3985\/page\/2\/\"><i class=\"ot-flaticon-right-arrow\"><\/i><\/a><\/li>\n<\/ul>\n\t    \n\t\t\t\t\t\t<\/div>\n\t\t\t\t<\/div>\n\t\t\t\t\t<\/div>\n\t\t<\/div>\n\t\t\t\t\t<\/div>\n\t\t<\/section>\n\t\t\t\t<\/div>","protected":false},"excerpt":{"rendered":"<p>Interior March 20, 2020Tom Black0 Kommentare Top 10 Tipps f\u00fcr die Innenarchitektur Ihrer K\u00fcche Ein Facettierungseffekt lebt auf und unterbricht den Kubismus, der die Morphologie von\u2026 Architektur bestimmt March 20, 2020Tom Black0 Kommentare Die Regel des Goldenen Schnitts f\u00fcr die beste 2D-Skizze Ein Facettierungseffekt lebt auf und unterbricht den Kubismus, der die Morphologie bestimmt [\u2026]<\/p>","protected":false},"author":1,"featured_media":0,"parent":0,"menu_order":0,"comment_status":"closed","ping_status":"closed","template":"","meta":{"footnotes":""},"class_list":["post-3985","page","type-page","status-publish","hentry"],"_links":{"self":[{"href":"https:\/\/deezen.gr\/de\/wp-json\/wp\/v2\/pages\/3985","targetHints":{"allow":["GET"]}}],"collection":[{"href":"https:\/\/deezen.gr\/de\/wp-json\/wp\/v2\/pages"}],"about":[{"href":"https:\/\/deezen.gr\/de\/wp-json\/wp\/v2\/types\/page"}],"author":[{"embeddable":true,"href":"https:\/\/deezen.gr\/de\/wp-json\/wp\/v2\/users\/1"}],"replies":[{"embeddable":true,"href":"https:\/\/deezen.gr\/de\/wp-json\/wp\/v2\/comments?post=3985"}],"version-history":[{"count":0,"href":"https:\/\/deezen.gr\/de\/wp-json\/wp\/v2\/pages\/3985\/revisions"}],"wp:attachment":[{"href":"https:\/\/deezen.gr\/de\/wp-json\/wp\/v2\/media?parent=3985"}],"curies":[{"name":"wp","href":"https:\/\/api.w.org\/{rel}","templated":true}]}}